{"id":1759,"date":"2022-05-09T09:03:58","date_gmt":"2022-05-09T09:03:58","guid":{"rendered":"https:\/\/vinoljubac.hr\/?page_id=1759"},"modified":"2022-07-21T07:44:05","modified_gmt":"2022-07-21T07:44:05","slug":"terms-and-conditions","status":"publish","type":"page","link":"https:\/\/vinoljubac.hr\/hr\/terms-and-conditions\/","title":{"rendered":"Terms and Conditions"},"content":{"rendered":"<div data-elementor-type=\"wp-page\" data-elementor-id=\"1759\" class=\"elementor elementor-1759\" data-elementor-post-type=\"page\">\n\t\t\t\t\t\t<section class=\"elementor-section elementor-top-section elementor-element elementor-element-1490cc4 elementor-section-boxed elementor-section-height-default elementor-section-height-default\" data-id=\"1490cc4\" data-element_type=\"section\" data-e-type=\"section\">\n\t\t\t\t\t\t<div class=\"elementor-container elementor-column-gap-default\">\n\t\t\t\t\t<div class=\"elementor-column elementor-col-100 elementor-top-column elementor-element elementor-element-b7e088e\" data-id=\"b7e088e\" data-element_type=\"column\" data-e-type=\"column\">\n\t\t\t<div class=\"elementor-widget-wrap elementor-element-populated\">\n\t\t\t\t\t\t<div class=\"elementor-element elementor-element-400d2bc elementor-widget elementor-widget-text-editor\" data-id=\"400d2bc\" data-element_type=\"widget\" data-e-type=\"widget\" data-widget_type=\"text-editor.default\">\n\t\t\t\t<div class=\"elementor-widget-container\">\n\t\t\t\t\t\t\t\t\t<h2 style=\"margin-top: 0px; margin-bottom: 0.5rem; font-weight: 600; line-height: 1.2; font-size: 2em; font-family: Poppins, sans-serif; color: var(--dark-blue);\">Jela Plus d.o.o. Pravila i uvjeti poslovanja<\/h2><p style=\"margin-bottom: 1rem; line-height: 1.8; color: var(--text-color); font-family: 'Open Sans', sans-serif;\">Dobrodo\u0161li u vinoljubac.hr  Ovi uvjeti i odredbe ocrtavaju pravila i propise za kori\u0161tenje web stranice: https:\/\/vinoljubac.hr.<\/p><p style=\"margin-bottom: 1rem; line-height: 1.8; color: var(--text-color); font-family: 'Open Sans', sans-serif;\"><span style=\"font-weight: bolder;\">Vinoljubac adresa: Podgaj 5, 20236, Moko\u0161ica, Hrvatska<\/span><\/p><p style=\"margin-bottom: 1rem; line-height: 1.8; color: var(--text-color); font-family: 'Open Sans', sans-serif;\">Pristupom ovoj web stranici pretpostavljamo da prihva\u0107ate ove uvjete i odredbe u cijelosti. Nemojte dalje koristiti web stranicu: https:\/\/vinoljubac.hr, ako ne prihva\u0107ate sve uvjete navedene na ovoj stranici.<\/p><p style=\"margin-bottom: 1rem; line-height: 1.8; color: var(--text-color); font-family: 'Open Sans', sans-serif;\">Sljede\u0107a terminologija primjenjuje se na ove Uvjete i odredbe, Izjavu o privatnosti i Obavijest o odricanju od odgovornosti i bilo koji ili sve Ugovore.\u00a0<span style=\"font-weight: bolder;\">Client<\/span>,\u00a0<span style=\"font-weight: bolder;\">You<\/span>\u00a0i\u00a0<span style=\"font-weight: bolder;\">Va\u0161<\/span>\u00a0odnosi se na vas, osobu koja pristupa ovoj web stranici i prihva\u0107a odredbe i uvjete Dru\u0161tva.\u00a0<span style=\"font-weight: bolder;\">Tvrtka<\/span>,\u00a0<span style=\"font-weight: bolder;\">mi sami<\/span>,\u00a0<span style=\"font-weight: bolder;\">mi<\/span>,\u00a0<span style=\"font-weight: bolder;\">na\u0161i<\/span>\u00a0i\u00a0<span style=\"font-weight: bolder;\">mi<\/span>, odnosi se na na\u0161u tvrtku.\u00a0<span style=\"font-weight: bolder;\">Strana<\/span>,\u00a0<span style=\"font-weight: bolder;\">Strane<\/span>, ili\u00a0<span style=\"font-weight: bolder;\">mi<\/span>, odnosi se i na Klijenta i na nas, ili na Klijenta ili nas same.<\/p><p style=\"margin-bottom: 1rem; line-height: 1.8; color: var(--text-color); font-family: 'Open Sans', sans-serif;\">Svi se uvjeti odnose na ponudu, prihva\u0107anje i razmatranje pla\u0107anja potrebno za poduzimanje procesa na\u0161e pomo\u0107i Klijentu na najprikladniji na\u010din, bilo formalnim sastancima fiksnog trajanja ili bilo kojim drugim na\u010dinom, u izri\u010ditu svrhu ispunjavanja Potrebe klijenta u pogledu pru\u017eanja navedenih usluga\/proizvoda Dru\u0161tva, u skladu s va\u017ee\u0107im zakonom (Adresa) i prema njemu.<\/p><p style=\"margin-bottom: 1rem; line-height: 1.8; color: var(--text-color); font-family: 'Open Sans', sans-serif;\">Svaka upotreba gornje terminologije ili drugih rije\u010di u jednini, mno\u017eini, velikim slovima i\/ili on\/ona ili oni, smatra se me\u0111usobno zamjenjivom i stoga se odnosi na isto.<\/p><p style=\"margin-bottom: 1rem; line-height: 1.8; color: var(--text-color); font-family: 'Open Sans', sans-serif;\"><span style=\"font-weight: bolder;\">Kola\u010di\u0107i<\/span><\/p><p style=\"margin-bottom: 1rem; line-height: 1.8; color: var(--text-color); font-family: 'Open Sans', sans-serif;\">Kori\u0161tenjem web stranice Vinoljubac pristajete na kori\u0161tenje kola\u010di\u0107a u skladu s politikom privatnosti Vinoljubca. Ve\u0107ina modernih interaktivnih web stranica koristi kola\u010di\u0107e kako bi nam omogu\u0107ili dohva\u0107anje korisni\u010dkih podataka za svaki posjet.<\/p><p style=\"margin-bottom: 1rem; line-height: 1.8; color: var(--text-color); font-family: 'Open Sans', sans-serif;\">Kola\u010di\u0107i se koriste u nekim podru\u010djima na\u0161e stranice kako bi se omogu\u0107ila funkcionalnost ovog podru\u010dja i jednostavnost kori\u0161tenja za one osobe koje posje\u0107uju. Neki od na\u0161ih pridru\u017eenih\/ogla\u0161ava\u010dkih partnera tako\u0111er mogu koristiti kola\u010di\u0107e.<\/p><p style=\"margin-bottom: 1rem; line-height: 1.8; color: var(--text-color); font-family: 'Open Sans', sans-serif;\"><span style=\"font-weight: bolder;\">Licenca<\/span><\/p><p style=\"margin-bottom: 1rem; line-height: 1.8; color: var(--text-color); font-family: 'Open Sans', sans-serif;\">Osim ako nije druga\u010dije navedeno, Vinoljubac i\/ili njegovi davatelji licence posjeduju prava intelektualnog vlasni\u0161tva za sav materijal na Vinoljubcu.<\/p><p style=\"margin-bottom: 1rem; line-height: 1.8; color: var(--text-color); font-family: 'Open Sans', sans-serif;\">Sva prava intelektualnog vlasni\u0161tva su pridr\u017eana. Mo\u017eete pregledavati i\/ili ispisivati \u200b\u200bstranice s (Dodaj URL) za svoju osobnu upotrebu podlo\u017eno ograni\u010denjima navedenim u ovim uvjetima i odredbama.<\/p><p style=\"margin-bottom: 1rem; line-height: 1.8; color: var(--text-color); font-family: 'Open Sans', sans-serif;\">Ne smijete:<\/p><ul style=\"padding-left: 2rem; margin-bottom: 1rem; font-family: 'Open Sans', sans-serif; font-size: 16px; background-color: #ffffff;\"><li style=\"color: var(--text-color); font-size: 1rem; line-height: 1.8;\">Objaviti materijale (Add URL).<\/li><li style=\"color: var(--text-color); font-size: 1rem; line-height: 1.8;\">Prodajte, iznajmljujte ili podlicencirajte materijal (Add URL).<\/li><li style=\"color: var(--text-color); font-size: 1rem; line-height: 1.8;\">Reproducirajte, duplicirajte ili kopirajte materijal (Add URL).<\/li><li style=\"color: var(--text-color); font-size: 1rem; line-height: 1.8;\">Redistribuirati sadr\u017eaj iz Vinoljubca (osim ako je sadr\u017eaj posebno napravljen za redistribuciju).<\/li><\/ul><p style=\"margin-bottom: 1rem; line-height: 1.8; color: var(--text-color); font-family: 'Open Sans', sans-serif;\"><span style=\"font-weight: bolder;\">Odricanje<\/span><\/p><p style=\"margin-bottom: 1rem; line-height: 1.8; color: var(--text-color); font-family: 'Open Sans', sans-serif;\">U najve\u0107oj mjeri dopu\u0161tenoj primjenjivim zakonom, isklju\u010dujemo sva predstavljanja, jamstva i uvjete koji se odnose na na\u0161u web stranicu i kori\u0161tenje ove web stranice (uklju\u010duju\u0107i, bez ograni\u010denja, sva jamstva implicirana zakonom u pogledu zadovoljavaju\u0107e kvalitete, prikladnosti za svrhu i\/ili kori\u0161tenje razumne pa\u017enje i vje\u0161tine).<\/p><p style=\"margin-bottom: 1rem; line-height: 1.8; color: var(--text-color); font-family: 'Open Sans', sans-serif;\">Ni\u0161ta u ovom odricanju odgovornosti ne\u0107e:<\/p><ul style=\"padding-left: 2rem; margin-bottom: 1rem; font-family: 'Open Sans', sans-serif; font-size: 16px; background-color: #ffffff;\"><li style=\"color: var(--text-color); font-size: 1rem; line-height: 1.8;\">Ograni\u010diti ili isklju\u010diti na\u0161u ili va\u0161u odgovornost za smrt ili osobnu ozljedu koja je posljedica nemara.<\/li><li style=\"color: var(--text-color); font-size: 1rem; line-height: 1.8;\">Ograni\u010dite ili isklju\u010dite na\u0161u ili va\u0161u odgovornost za prijevaru ili la\u017eno predstavljanje.<\/li><li style=\"color: var(--text-color); font-size: 1rem; line-height: 1.8;\">Ograni\u010diti bilo koju na\u0161u ili va\u0161u odgovornost na bilo koji na\u010din koji nije dopu\u0161ten va\u017ee\u0107im zakonom.<\/li><li style=\"color: var(--text-color); font-size: 1rem; line-height: 1.8;\">Ili isklju\u010dite bilo koju na\u0161u ili va\u0161u odgovornost koja se ne mo\u017ee isklju\u010diti prema primjenjivom zakonu.<\/li><\/ul><p style=\"margin-bottom: 1rem; line-height: 1.8; color: var(--text-color); font-family: 'Open Sans', sans-serif;\">Ograni\u010denja i isklju\u010denja odgovornosti navedeni u ovom odjeljku i drugdje u ovoj izjavi o odricanju od odgovornosti:<\/p><ol style=\"padding-left: 2rem; margin-bottom: 1rem; font-size: 16px; line-height: 1.8; color: var(--text-color); font-family: 'Open Sans', sans-serif; background-color: #ffffff;\"><li style=\"color: var(--text-color); font-size: 1rem; line-height: 1.8;\">podlije\u017eu prethodnom stavku; i<\/li><li style=\"color: var(--text-color); font-size: 1rem; line-height: 1.8;\">ure\u0111uju sve obveze koje proizlaze iz izjave o odricanju od odgovornosti ili u vezi s predmetom ove izjave o odricanju od odgovornosti, uklju\u010duju\u0107i obveze koje proizlaze iz ugovora, delikta (uklju\u010duju\u0107i nemar) i za kr\u0161enje zakonske obveze.<\/li><\/ol><p style=\"margin-bottom: 1rem; line-height: 1.8; color: var(--text-color); font-family: 'Open Sans', sans-serif;\">U mjeri u kojoj su web mjesto te informacije i usluge na web mjestu dani besplatno, ne\u0107emo biti odgovorni za bilo kakav gubitak ili \u0161tetu bilo koje prirode.<\/p>\t\t\t\t\t\t\t\t<\/div>\n\t\t\t\t<\/div>\n\t\t\t\t\t<\/div>\n\t\t<\/div>\n\t\t\t\t\t<\/div>\n\t\t<\/section>\n\t\t\t\t<\/div>","protected":false},"excerpt":{"rendered":"<p>Jela Plus d.o.o. Terms and Conditions Policy Welcome to Vinoljubac These terms and conditions outline the rules and regulations for the use of Vinolkubac\u2019s Website. Vinoljubac is located at: Podgaj 5, 20236, Moko\u0161ica Croatia. By accessing this website we assume you accept these terms and conditions in full. Do not continue to use Vinoljubac\u2019s website [&hellip;]<\/p>\n","protected":false},"author":5301,"featured_media":0,"parent":0,"menu_order":0,"comment_status":"closed","ping_status":"closed","template":"elementor_header_footer","meta":{"om_disable_all_campaigns":false,"_monsterinsights_skip_tracking":false,"_monsterinsights_sitenote_active":false,"_monsterinsights_sitenote_note":"","_monsterinsights_sitenote_category":0,"footnotes":""},"class_list":["post-1759","page","type-page","status-publish","hentry"],"_links":{"self":[{"href":"https:\/\/vinoljubac.hr\/hr\/wp-json\/wp\/v2\/pages\/1759","targetHints":{"allow":["GET"]}}],"collection":[{"href":"https:\/\/vinoljubac.hr\/hr\/wp-json\/wp\/v2\/pages"}],"about":[{"href":"https:\/\/vinoljubac.hr\/hr\/wp-json\/wp\/v2\/types\/page"}],"author":[{"embeddable":true,"href":"https:\/\/vinoljubac.hr\/hr\/wp-json\/wp\/v2\/users\/5301"}],"replies":[{"embeddable":true,"href":"https:\/\/vinoljubac.hr\/hr\/wp-json\/wp\/v2\/comments?post=1759"}],"version-history":[{"count":0,"href":"https:\/\/vinoljubac.hr\/hr\/wp-json\/wp\/v2\/pages\/1759\/revisions"}],"wp:attachment":[{"href":"https:\/\/vinoljubac.hr\/hr\/wp-json\/wp\/v2\/media?parent=1759"}],"curies":[{"name":"wp","href":"https:\/\/api.w.org\/{rel}","templated":true}]}}