{"id":5694,"date":"2022-07-19T10:40:03","date_gmt":"2022-07-19T10:40:03","guid":{"rendered":"https:\/\/vinoljubac.hr\/?page_id=5694"},"modified":"2022-07-19T11:11:16","modified_gmt":"2022-07-19T11:11:16","slug":"online-payment-security-statement","status":"publish","type":"page","link":"https:\/\/vinoljubac.hr\/hr\/online-payment-security-statement\/","title":{"rendered":"Izjava o sigurnosti online pla\u0107anja"},"content":{"rendered":"<div data-elementor-type=\"wp-page\" data-elementor-id=\"5694\" class=\"elementor elementor-5694\" data-elementor-post-type=\"page\">\n\t\t\t\t\t\t<section class=\"elementor-section elementor-top-section elementor-element elementor-element-e81efa8 elementor-section-boxed elementor-section-height-default elementor-section-height-default\" data-id=\"e81efa8\" data-element_type=\"section\" data-e-type=\"section\">\n\t\t\t\t\t\t<div class=\"elementor-container elementor-column-gap-default\">\n\t\t\t\t\t<div class=\"elementor-column elementor-col-100 elementor-top-column elementor-element elementor-element-12f8198\" data-id=\"12f8198\" data-element_type=\"column\" data-e-type=\"column\">\n\t\t\t<div class=\"elementor-widget-wrap elementor-element-populated\">\n\t\t\t\t\t\t<div class=\"elementor-element elementor-element-a45b945 elementor-widget elementor-widget-heading\" data-id=\"a45b945\" data-element_type=\"widget\" data-e-type=\"widget\" data-widget_type=\"heading.default\">\n\t\t\t\t<div class=\"elementor-widget-container\">\n\t\t\t\t\t<h2 class=\"elementor-heading-title elementor-size-default\">Izjava o sigurnosti online pla\u0107anja<\/h2>\t\t\t\t<\/div>\n\t\t\t\t<\/div>\n\t\t\t\t<div class=\"elementor-element elementor-element-ec89082 elementor-widget elementor-widget-text-editor\" data-id=\"ec89082\" data-element_type=\"widget\" data-e-type=\"widget\" data-widget_type=\"text-editor.default\">\n\t\t\t\t<div class=\"elementor-widget-container\">\n\t\t\t\t\t\t\t\t\t<p>Prilikom pla\u0107anja u na\u0161oj web trgovini koristite\u00a0<a href=\"https:\/\/www.corvuspay.com\/\" target=\"_blank\" rel=\"noopener\">CorvusPay<\/a>\u00a0\u2013 napredni sustav za sigurno prihva\u0107anje platnih kartica online.<\/p><p>Platforma\u00a0<a href=\"https:\/\/www.corvuspay.com\/\" target=\"_blank\" rel=\"noopener\">CorvusPay<\/a>\u00a0osigurava potpunu tajnost Va\u0161ih karti\u010dnih i osobnih podataka od trenutka kada ih unesete u\u00a0<a href=\"https:\/\/www.corvuspay.com\/\" target=\"_blank\" rel=\"noopener\">CorvusPay<\/a>\u00a0obrazac za pla\u0107anje.<br \/>Podaci o pla\u0107anju prenose se \u0161ifrirani iz va\u0161eg web preglednika u banku koja je izdala va\u0161u karticu.<br \/>Na\u0161a trgovina nikada ne dolazi u kontakt s potpunim podacima o va\u0161oj platnoj kartici. Tako\u0111er, podaci su nedostupni \u010dak i djelatnicima\u00a0<a href=\"https:\/\/www.corvuspay.com\/\" target=\"_blank\" rel=\"noopener\">CorvusPay<\/a>\u00a0sustava. Izolirana jezgra neovisno prenosi i upravlja osjetljivim podacima, dr\u017ee\u0107i ih potpuno sigurnima. Obrazac za unos podataka o pla\u0107anju osiguran je SSL transportnim kodom najve\u0107e pouzdanosti.<br \/>Svi pohranjeni podaci dodatno su za\u0161ti\u0107eni enkripcijom, kori\u0161tenjem kriptografskog ure\u0111aja certificiranog prema standardu FIPS 140-2 Level 3.\u00a0<a href=\"https:\/\/www.corvuspay.com\/\" target=\"_blank\" rel=\"noopener\">CorvusPay<\/a>\u00a0ispunjava sve zahtjeve vezane uz sigurnost online pla\u0107anja koje propisuju vode\u0107i karti\u010dni brendovi, odnosno posluje u skladu s normom \u2013 PCI DSS Level 1 \u2013 najvi\u0161im sigurnosnim standardom industrije platnih kartica.<br \/>Prilikom pla\u0107anja karticama uklju\u010denim u 3-D Secure program, osim valjanosti same kartice, Va\u0161a banka potvr\u0111uje i Va\u0161 identitet pomo\u0107u tokena ili lozinke.\u00a0<a href=\"https:\/\/www.corvuspay.com\/\" target=\"_blank\" rel=\"noopener\">Corvus Pay<\/a>\u00a0sve prikupljene podatke smatra povjerljivima i s njima postupa u skladu s tim. Podaci se koriste isklju\u010divo u svrhe za koje su namijenjeni. Va\u0161i osjetljivi podaci potpuno su sigurni, a njihovu privatnost jam\u010de najsuvremeniji mehanizmi za\u0161tite.<br \/>Prikupljaju se samo podaci potrebni za obavljanje posla prema propisanim zahtjevnim procedurama za online pla\u0107anje. Sigurnosne kontrole i operativni postupci koji se primjenjuju na na\u0161u infrastrukturu osiguravaju neposrednu pouzdanost\u00a0<a href=\"https:\/\/www.corvuspay.com\/\" target=\"_blank\" rel=\"noopener\">CorvusPay<\/a>\u00a0sustav. Uz to, odr\u017eavanjem stroge kontrole pristupa, redovitim sigurnosnim nadzorom i dubinskim provjerama radi sprje\u010davanja mre\u017enih ranjivosti te planskom implementacijom odredbi informacijske sigurnosti trajno odr\u017eavaju i pobolj\u0161avaju razinu sigurnosti sustava \u0161tite\u0107i podatke o Va\u0161oj kartici.<\/p><p><strong>Hvala \u0161to koristite\u00a0<\/strong><a href=\"https:\/\/www.corvuspay.com\/\" target=\"_blank\" rel=\"noopener\">CorvusPay<\/a><strong>!<\/strong><\/p>\t\t\t\t\t\t\t\t<\/div>\n\t\t\t\t<\/div>\n\t\t\t\t\t<\/div>\n\t\t<\/div>\n\t\t\t\t\t<\/div>\n\t\t<\/section>\n\t\t\t\t<\/div>","protected":false},"excerpt":{"rendered":"<p>Online payment security statement When paying on our web store, use\u00a0CorvusPay\u00a0&#8211; an advanced system for securely accepting payment cards online. The\u00a0CorvusPay\u00a0system ensures complete secrecy of your card and personal data from the moment you enter them in the\u00a0CorvusPay\u00a0payment form.Payment data is transmitted encrypted from your web browser to the bank that issued your card.Our store [&hellip;]<\/p>\n","protected":false},"author":5301,"featured_media":0,"parent":0,"menu_order":0,"comment_status":"closed","ping_status":"closed","template":"elementor_header_footer","meta":{"om_disable_all_campaigns":false,"_monsterinsights_skip_tracking":false,"_monsterinsights_sitenote_active":false,"_monsterinsights_sitenote_note":"","_monsterinsights_sitenote_category":0,"footnotes":""},"class_list":["post-5694","page","type-page","status-publish","hentry"],"_links":{"self":[{"href":"https:\/\/vinoljubac.hr\/hr\/wp-json\/wp\/v2\/pages\/5694","targetHints":{"allow":["GET"]}}],"collection":[{"href":"https:\/\/vinoljubac.hr\/hr\/wp-json\/wp\/v2\/pages"}],"about":[{"href":"https:\/\/vinoljubac.hr\/hr\/wp-json\/wp\/v2\/types\/page"}],"author":[{"embeddable":true,"href":"https:\/\/vinoljubac.hr\/hr\/wp-json\/wp\/v2\/users\/5301"}],"replies":[{"embeddable":true,"href":"https:\/\/vinoljubac.hr\/hr\/wp-json\/wp\/v2\/comments?post=5694"}],"version-history":[{"count":0,"href":"https:\/\/vinoljubac.hr\/hr\/wp-json\/wp\/v2\/pages\/5694\/revisions"}],"wp:attachment":[{"href":"https:\/\/vinoljubac.hr\/hr\/wp-json\/wp\/v2\/media?parent=5694"}],"curies":[{"name":"wp","href":"https:\/\/api.w.org\/{rel}","templated":true}]}}