{"id":5707,"date":"2022-07-19T10:57:24","date_gmt":"2022-07-19T10:57:24","guid":{"rendered":"https:\/\/vinoljubac.hr\/?page_id=5707"},"modified":"2024-12-05T09:11:22","modified_gmt":"2024-12-05T08:11:22","slug":"shipping-policy","status":"publish","type":"page","link":"https:\/\/vinoljubac.hr\/hr\/shipping-policy\/","title":{"rendered":"Politika dostave"},"content":{"rendered":"<div data-elementor-type=\"wp-page\" data-elementor-id=\"5707\" class=\"elementor elementor-5707\" data-elementor-post-type=\"page\">\n\t\t\t\t\t\t<section class=\"elementor-section elementor-top-section elementor-element elementor-element-c9f4e31 elementor-section-boxed elementor-section-height-default elementor-section-height-default\" data-id=\"c9f4e31\" data-element_type=\"section\" data-e-type=\"section\">\n\t\t\t\t\t\t<div class=\"elementor-container elementor-column-gap-default\">\n\t\t\t\t\t<div class=\"elementor-column elementor-col-100 elementor-top-column elementor-element elementor-element-bb79a8b\" data-id=\"bb79a8b\" data-element_type=\"column\" data-e-type=\"column\">\n\t\t\t<div class=\"elementor-widget-wrap elementor-element-populated\">\n\t\t\t\t\t\t<div class=\"elementor-element elementor-element-abf11bb elementor-widget elementor-widget-heading\" data-id=\"abf11bb\" data-element_type=\"widget\" data-e-type=\"widget\" data-widget_type=\"heading.default\">\n\t\t\t\t<div class=\"elementor-widget-container\">\n\t\t\t\t\t<h2 class=\"elementor-heading-title elementor-size-default\">Politika dostave<\/h2>\t\t\t\t<\/div>\n\t\t\t\t<\/div>\n\t\t\t\t\t<\/div>\n\t\t<\/div>\n\t\t\t\t\t<\/div>\n\t\t<\/section>\n\t\t\t\t<section class=\"elementor-section elementor-top-section elementor-element elementor-element-f118be3 elementor-section-boxed elementor-section-height-default elementor-section-height-default\" data-id=\"f118be3\" data-element_type=\"section\" data-e-type=\"section\">\n\t\t\t\t\t\t<div class=\"elementor-container elementor-column-gap-default\">\n\t\t\t\t\t<div class=\"elementor-column elementor-col-100 elementor-top-column elementor-element elementor-element-b6c5408\" data-id=\"b6c5408\" data-element_type=\"column\" data-e-type=\"column\">\n\t\t\t<div class=\"elementor-widget-wrap elementor-element-populated\">\n\t\t\t\t\t\t<div class=\"elementor-element elementor-element-9128b3a elementor-widget elementor-widget-text-editor\" data-id=\"9128b3a\" data-element_type=\"widget\" data-e-type=\"widget\" data-widget_type=\"text-editor.default\">\n\t\t\t\t<div class=\"elementor-widget-container\">\n\t\t\t\t\t\t\t\t\t<p><strong>OP\u0106E INFORMACIJE<\/strong><br \/><a href=\"http:\/\/vinoljubac.hr\/hr\/\">vinoljubac.hr<\/a> nastoji osigurati da svaki naru\u010deni proizvod stigne do kupca\nu najkra\u0107em mogu\u0107em roku. Svaki proizvod koji kupite putem webshopa nalazi se u na\u0161em skladi\u0161tu i trudimo se da ga po\u0161aljemo na dan narud\u017ebe ili sljede\u0107i radni dan.<br \/>Za dostavu na\u0161ih proizvoda sura\u0111ujemo s nekoliko dostavnih slu\u017ebi:<br \/>\u00a0 \u00a0 \u00a0<strong>GLS<\/strong>, <strong>UPS<\/strong>, <strong>DPD<\/strong> i <strong>Hrvatska<\/strong> <strong>po\u0161ta<\/strong> <strong>dd<\/strong><br \/>\u00a0Dostava koju \u0161aljemo putem DPD-a i UPS-a uvijek se prati, a broj za pra\u0107enje dobit \u0107ete prilikom slanja narud\u017ebe ili \u010dim primamo<br \/>od dostavne slu\u017ebe. Preporu\u010dujemo da koristite\u00a0<a href=\"\/hr\/www.17track.net\/\" target=\"_blank\" rel=\"noopener\">www.17track.net<\/a>\u00a0za pra\u0107enje po\u0161iljaka.\u00a0\u00a0\u00a0\u00a0<br \/>Please note that when sending by Croatian Post, after the package arrives in the destination country, it can be picked up by another delivery service.\u00a0As a result, it may happen that the tracking is not active or you cannot track the shipment, which is beyond vinoljubac.hr control. UK import tax duty is not included in our prices and depends on the quantity and alcohol content of the wines &amp; spirits ordered. Please check UK laws for more details.<br \/><strong>COD<\/strong><br \/>Kupci iz Hrvatske ili Slovenije mogu svoje narud\u017ebe platiti pouze\u0107em (tzv. pouze\u0107em).\u00a0<br \/>Ova usluga nije dostupna za druge zemlje.<\/p><p><strong>BESPLATNA DOSTAVA<\/strong><br \/>Ukoliko vrijednost va\u0161e ko\u0161arice prelazi odre\u0111eni iznos, imate pravo na besplatnu dostavu.<br \/>U nastavku mo\u017eete vidjeti vrijednosti po destinacijama dostave koje omogu\u0107uju besplatnu dostavu:<br \/>Zemlja Besplatna dostava za narud\u017ebe iznad<br \/>Hrvatska 400,00 kn<br \/>Slovenija 400,00 kn<\/p><p>SRB, BIH, MNE,<br \/>NM 400,00 kn<\/p>\t\t\t\t\t\t\t\t<\/div>\n\t\t\t\t<\/div>\n\t\t\t\t\t<\/div>\n\t\t<\/div>\n\t\t\t\t\t<\/div>\n\t\t<\/section>\n\t\t\t\t<\/div>","protected":false},"excerpt":{"rendered":"<p>Shipping policy GENERAL INFORMATIONvinoljubac.hr tries to ensure that every product ordered reaches the customer as soon as possible.\u00a0Every product you buy through the webshop is in our warehouse and we try to send it on the day it was ordered or the next working day.For the delivery of our products, we cooperate with several delivery [&hellip;]<\/p>\n","protected":false},"author":5301,"featured_media":0,"parent":0,"menu_order":0,"comment_status":"closed","ping_status":"closed","template":"elementor_header_footer","meta":{"om_disable_all_campaigns":false,"_monsterinsights_skip_tracking":false,"_monsterinsights_sitenote_active":false,"_monsterinsights_sitenote_note":"","_monsterinsights_sitenote_category":0,"footnotes":""},"class_list":["post-5707","page","type-page","status-publish","hentry"],"_links":{"self":[{"href":"https:\/\/vinoljubac.hr\/hr\/wp-json\/wp\/v2\/pages\/5707","targetHints":{"allow":["GET"]}}],"collection":[{"href":"https:\/\/vinoljubac.hr\/hr\/wp-json\/wp\/v2\/pages"}],"about":[{"href":"https:\/\/vinoljubac.hr\/hr\/wp-json\/wp\/v2\/types\/page"}],"author":[{"embeddable":true,"href":"https:\/\/vinoljubac.hr\/hr\/wp-json\/wp\/v2\/users\/5301"}],"replies":[{"embeddable":true,"href":"https:\/\/vinoljubac.hr\/hr\/wp-json\/wp\/v2\/comments?post=5707"}],"version-history":[{"count":0,"href":"https:\/\/vinoljubac.hr\/hr\/wp-json\/wp\/v2\/pages\/5707\/revisions"}],"wp:attachment":[{"href":"https:\/\/vinoljubac.hr\/hr\/wp-json\/wp\/v2\/media?parent=5707"}],"curies":[{"name":"wp","href":"https:\/\/api.w.org\/{rel}","templated":true}]}}