{"id":10198,"date":"2023-09-20T08:44:43","date_gmt":"2023-09-20T06:44:43","guid":{"rendered":"https:\/\/vinoljubac.hr\/?post_type=product&#038;p=10198"},"modified":"2025-10-23T12:00:25","modified_gmt":"2025-10-23T10:00:25","slug":"aura-karbun-gin","status":"publish","type":"product","link":"https:\/\/vinoljubac.hr\/hr\/proizvod\/aura-karbun-gin\/","title":{"rendered":"AURA KARBUN GIN"},"content":{"rendered":"","protected":false},"excerpt":{"rendered":"<p>Aktivni ugljen otklanja toksine iz tijela. Stoga Gin Karbun prilikom destilacije prolazi proces filtracije kroz aktivni ugljen te ga koristi kao va\u017enu komponentu kod konzumacije. Inspiriran je snagom posljednjih karbunara s \u010ci\u0107arije, podru\u010dja na kojemu rastu isklju\u010divo prirodni sastojci klju\u010dni za nastanak ovog gina. Krasi ga elegantna kristalno bistra i transparentna boja, miris je fin, elegantan i zavodljiv. Mirisom dominiraju note soka od borovice, u\u0161e\u0107erene naran\u010dine kore i mahovine. Okusom je suh i topao, a na zavr\u0161etku se javlja pikantna nota \u0111umbira.<\/p>","protected":false},"featured_media":0,"comment_status":"open","ping_status":"closed","template":"","meta":{"om_disable_all_campaigns":false,"_monsterinsights_skip_tracking":false,"_monsterinsights_sitenote_active":false,"_monsterinsights_sitenote_note":"","_monsterinsights_sitenote_category":0},"product_brand":[],"product_cat":[266,80],"product_tag":[],"class_list":{"0":"post-10198","1":"product","2":"type-product","3":"status-publish","5":"product_cat-gin","6":"product_cat-spirits","7":"pa_alcohol-740","8":"pa_country-croatia","9":"pa_type-of-drink-gin","10":"pa_volume-700-ml","12":"first","13":"instock","14":"taxable","15":"shipping-taxable","16":"product-type-simple"},"_links":{"self":[{"href":"https:\/\/vinoljubac.hr\/hr\/wp-json\/wp\/v2\/product\/10198","targetHints":{"allow":["GET"]}}],"collection":[{"href":"https:\/\/vinoljubac.hr\/hr\/wp-json\/wp\/v2\/product"}],"about":[{"href":"https:\/\/vinoljubac.hr\/hr\/wp-json\/wp\/v2\/types\/product"}],"replies":[{"embeddable":true,"href":"https:\/\/vinoljubac.hr\/hr\/wp-json\/wp\/v2\/comments?post=10198"}],"version-history":[{"count":1,"href":"https:\/\/vinoljubac.hr\/hr\/wp-json\/wp\/v2\/product\/10198\/revisions"}],"predecessor-version":[{"id":11424,"href":"https:\/\/vinoljubac.hr\/hr\/wp-json\/wp\/v2\/product\/10198\/revisions\/11424"}],"wp:attachment":[{"href":"https:\/\/vinoljubac.hr\/hr\/wp-json\/wp\/v2\/media?parent=10198"}],"wp:term":[{"taxonomy":"product_brand","embeddable":true,"href":"https:\/\/vinoljubac.hr\/hr\/wp-json\/wp\/v2\/product_brand?post=10198"},{"taxonomy":"product_cat","embeddable":true,"href":"https:\/\/vinoljubac.hr\/hr\/wp-json\/wp\/v2\/product_cat?post=10198"},{"taxonomy":"product_tag","embeddable":true,"href":"https:\/\/vinoljubac.hr\/hr\/wp-json\/wp\/v2\/product_tag?post=10198"}],"curies":[{"name":"wp","href":"https:\/\/api.w.org\/{rel}","templated":true}]}}