{"id":10201,"date":"2023-09-20T08:50:13","date_gmt":"2023-09-20T06:50:13","guid":{"rendered":"https:\/\/vinoljubac.hr\/?post_type=product&#038;p=10201"},"modified":"2025-11-03T11:29:17","modified_gmt":"2025-11-03T10:29:17","slug":"aura-biska","status":"publish","type":"product","link":"https:\/\/vinoljubac.hr\/hr\/proizvod\/aura-biska\/","title":{"rendered":"AURA BISKA"},"content":{"rendered":"","protected":false},"excerpt":{"rendered":"<p>Biska je sigurno jedna od najpoznatijih rakija Istre. Spoj je doma\u0107e istarske rakije komovice i pomno odabranih listova imele spravljenih po tradicionalnoj recepturi. Krasi je lijepa profinjena boja karamele, bistra je i gusta, a miris je fin, ugodan te izra\u017een. Mirisom dominiraju note meda od kestena, cimet, klin\u010di\u0107 i anis. Okusom je polusuha, elegantna, topla, nje\u017ena i zaokru\u017eena.<\/p>","protected":false},"featured_media":0,"comment_status":"open","ping_status":"closed","template":"","meta":{"om_disable_all_campaigns":false,"_monsterinsights_skip_tracking":false,"_monsterinsights_sitenote_active":false,"_monsterinsights_sitenote_note":"","_monsterinsights_sitenote_category":0},"product_brand":[],"product_cat":[725,80],"product_tag":[],"class_list":{"0":"post-10201","1":"product","2":"type-product","3":"status-publish","5":"product_cat-brandy","6":"product_cat-spirits","7":"pa_alcohol-741","8":"pa_country-croatia","9":"pa_type-of-drink-brandy","10":"pa_volume-700-ml","12":"first","13":"outofstock","14":"taxable","15":"shipping-taxable","16":"product-type-simple"},"_links":{"self":[{"href":"https:\/\/vinoljubac.hr\/hr\/wp-json\/wp\/v2\/product\/10201","targetHints":{"allow":["GET"]}}],"collection":[{"href":"https:\/\/vinoljubac.hr\/hr\/wp-json\/wp\/v2\/product"}],"about":[{"href":"https:\/\/vinoljubac.hr\/hr\/wp-json\/wp\/v2\/types\/product"}],"replies":[{"embeddable":true,"href":"https:\/\/vinoljubac.hr\/hr\/wp-json\/wp\/v2\/comments?post=10201"}],"version-history":[{"count":1,"href":"https:\/\/vinoljubac.hr\/hr\/wp-json\/wp\/v2\/product\/10201\/revisions"}],"predecessor-version":[{"id":11225,"href":"https:\/\/vinoljubac.hr\/hr\/wp-json\/wp\/v2\/product\/10201\/revisions\/11225"}],"wp:attachment":[{"href":"https:\/\/vinoljubac.hr\/hr\/wp-json\/wp\/v2\/media?parent=10201"}],"wp:term":[{"taxonomy":"product_brand","embeddable":true,"href":"https:\/\/vinoljubac.hr\/hr\/wp-json\/wp\/v2\/product_brand?post=10201"},{"taxonomy":"product_cat","embeddable":true,"href":"https:\/\/vinoljubac.hr\/hr\/wp-json\/wp\/v2\/product_cat?post=10201"},{"taxonomy":"product_tag","embeddable":true,"href":"https:\/\/vinoljubac.hr\/hr\/wp-json\/wp\/v2\/product_tag?post=10201"}],"curies":[{"name":"wp","href":"https:\/\/api.w.org\/{rel}","templated":true}]}}