{"id":10207,"date":"2023-09-20T09:01:07","date_gmt":"2023-09-20T07:01:07","guid":{"rendered":"https:\/\/vinoljubac.hr\/?post_type=product&#038;p=10207"},"modified":"2025-10-23T11:57:35","modified_gmt":"2025-10-23T09:57:35","slug":"aura-medenica","status":"publish","type":"product","link":"https:\/\/vinoljubac.hr\/hr\/proizvod\/aura-medenica\/","title":{"rendered":"AURA MEDENICA"},"content":{"rendered":"","protected":false},"excerpt":{"rendered":"<p>Tradicionalna rakija spravljena od odli\u010dnog doma\u0107eg meda i fine vo\u0107ne rakije. Krasi je elegantna zlatno\u017euta boja, bistra je i gusta, a miris je fin i ugodan. Mirisom dominira nota livadnog meda koju prate note bijelog cvije\u0107a i zrele breskve. Okusom je fina, poluslatka, \u0161armantna i zaokru\u017eena.<\/p>","protected":false},"featured_media":0,"comment_status":"open","ping_status":"closed","template":"","meta":{"om_disable_all_campaigns":false,"_monsterinsights_skip_tracking":false,"_monsterinsights_sitenote_active":false,"_monsterinsights_sitenote_note":"","_monsterinsights_sitenote_category":0},"product_brand":[],"product_cat":[725,80],"product_tag":[],"class_list":{"0":"post-10207","1":"product","2":"type-product","3":"status-publish","5":"product_cat-brandy","6":"product_cat-spirits","7":"pa_alcohol-743","8":"pa_country-croatia","9":"pa_type-of-drink-brandy","10":"pa_volume-700-ml","12":"first","13":"instock","14":"taxable","15":"shipping-taxable","16":"product-type-simple"},"_links":{"self":[{"href":"https:\/\/vinoljubac.hr\/hr\/wp-json\/wp\/v2\/product\/10207","targetHints":{"allow":["GET"]}}],"collection":[{"href":"https:\/\/vinoljubac.hr\/hr\/wp-json\/wp\/v2\/product"}],"about":[{"href":"https:\/\/vinoljubac.hr\/hr\/wp-json\/wp\/v2\/types\/product"}],"replies":[{"embeddable":true,"href":"https:\/\/vinoljubac.hr\/hr\/wp-json\/wp\/v2\/comments?post=10207"}],"version-history":[{"count":1,"href":"https:\/\/vinoljubac.hr\/hr\/wp-json\/wp\/v2\/product\/10207\/revisions"}],"predecessor-version":[{"id":11415,"href":"https:\/\/vinoljubac.hr\/hr\/wp-json\/wp\/v2\/product\/10207\/revisions\/11415"}],"wp:attachment":[{"href":"https:\/\/vinoljubac.hr\/hr\/wp-json\/wp\/v2\/media?parent=10207"}],"wp:term":[{"taxonomy":"product_brand","embeddable":true,"href":"https:\/\/vinoljubac.hr\/hr\/wp-json\/wp\/v2\/product_brand?post=10207"},{"taxonomy":"product_cat","embeddable":true,"href":"https:\/\/vinoljubac.hr\/hr\/wp-json\/wp\/v2\/product_cat?post=10207"},{"taxonomy":"product_tag","embeddable":true,"href":"https:\/\/vinoljubac.hr\/hr\/wp-json\/wp\/v2\/product_tag?post=10207"}],"curies":[{"name":"wp","href":"https:\/\/api.w.org\/{rel}","templated":true}]}}