{"id":10219,"date":"2023-09-20T09:20:01","date_gmt":"2023-09-20T07:20:01","guid":{"rendered":"https:\/\/vinoljubac.hr\/?post_type=product&#038;p=10219"},"modified":"2025-10-23T11:58:27","modified_gmt":"2025-10-23T09:58:27","slug":"aura-wild-pear","status":"publish","type":"product","link":"https:\/\/vinoljubac.hr\/hr\/proizvod\/aura-wild-pear\/","title":{"rendered":"AURA DIVLJA KRU\u0160KA"},"content":{"rendered":"","protected":false},"excerpt":{"rendered":"<p>Rakija spravljena maceriranjem divlje kru\u0161ke u vo\u0107nom destilatu kako bi se intenzivirale fine vo\u0107ne arome. Krasi je nje\u017ena zelenkasto\u017euta boja, bistra je i \u017eivahna, miris je fin, elegantan i ugodan. Mirisom prevladavaju karakteristi\u010dne note male divlje kru\u0161ke, bagremova meda i suhe marelice. Okusom je poluslatka, topla i elegantna, a na zavr\u0161etku se javlja u\u0161e\u0107erena naran\u010dina korica.<\/p>","protected":false},"featured_media":0,"comment_status":"open","ping_status":"closed","template":"","meta":{"om_disable_all_campaigns":false,"_monsterinsights_skip_tracking":false,"_monsterinsights_sitenote_active":false,"_monsterinsights_sitenote_note":"","_monsterinsights_sitenote_category":0},"product_brand":[],"product_cat":[725,80],"product_tag":[],"class_list":{"0":"post-10219","1":"product","2":"type-product","3":"status-publish","5":"product_cat-brandy","6":"product_cat-spirits","7":"pa_alcohol-746","8":"pa_country-croatia","9":"pa_type-of-drink-brandy","10":"pa_volume-700-ml","12":"first","13":"instock","14":"taxable","15":"shipping-taxable","16":"product-type-simple"},"_links":{"self":[{"href":"https:\/\/vinoljubac.hr\/hr\/wp-json\/wp\/v2\/product\/10219","targetHints":{"allow":["GET"]}}],"collection":[{"href":"https:\/\/vinoljubac.hr\/hr\/wp-json\/wp\/v2\/product"}],"about":[{"href":"https:\/\/vinoljubac.hr\/hr\/wp-json\/wp\/v2\/types\/product"}],"replies":[{"embeddable":true,"href":"https:\/\/vinoljubac.hr\/hr\/wp-json\/wp\/v2\/comments?post=10219"}],"version-history":[{"count":1,"href":"https:\/\/vinoljubac.hr\/hr\/wp-json\/wp\/v2\/product\/10219\/revisions"}],"predecessor-version":[{"id":11418,"href":"https:\/\/vinoljubac.hr\/hr\/wp-json\/wp\/v2\/product\/10219\/revisions\/11418"}],"wp:attachment":[{"href":"https:\/\/vinoljubac.hr\/hr\/wp-json\/wp\/v2\/media?parent=10219"}],"wp:term":[{"taxonomy":"product_brand","embeddable":true,"href":"https:\/\/vinoljubac.hr\/hr\/wp-json\/wp\/v2\/product_brand?post=10219"},{"taxonomy":"product_cat","embeddable":true,"href":"https:\/\/vinoljubac.hr\/hr\/wp-json\/wp\/v2\/product_cat?post=10219"},{"taxonomy":"product_tag","embeddable":true,"href":"https:\/\/vinoljubac.hr\/hr\/wp-json\/wp\/v2\/product_tag?post=10219"}],"curies":[{"name":"wp","href":"https:\/\/api.w.org\/{rel}","templated":true}]}}