{"id":10222,"date":"2023-09-20T09:25:03","date_gmt":"2023-09-20T07:25:03","guid":{"rendered":"https:\/\/vinoljubac.hr\/?post_type=product&#038;p=10222"},"modified":"2025-10-23T11:58:58","modified_gmt":"2025-10-23T09:58:58","slug":"aura-carob","status":"publish","type":"product","link":"https:\/\/vinoljubac.hr\/hr\/proizvod\/aura-carob\/","title":{"rendered":"AURA ROGA\u010c"},"content":{"rendered":"","protected":false},"excerpt":{"rendered":"<p>Maceriranjem ploda roga\u010da u vo\u0107noj rakiji nastao je napitak zbog kojeg \u0107e vam misli odlutati na Mediteran. Krasi ga postojana boja staroga zlata s bakrenim tonovima, miris je ugodan i fin. Mirisom dominiraju note suhog roga\u010da, naran\u010dine korice i pe\u010dene jabuke posute cimetom. Okusom je polusuh, djelomi\u010dno topao, a na zavr\u0161etku se javlja nota namaza od roga\u010da i meda.<\/p>","protected":false},"featured_media":0,"comment_status":"open","ping_status":"closed","template":"","meta":{"om_disable_all_campaigns":false,"_monsterinsights_skip_tracking":false,"_monsterinsights_sitenote_active":false,"_monsterinsights_sitenote_note":"","_monsterinsights_sitenote_category":0},"product_brand":[],"product_cat":[725,80],"product_tag":[],"class_list":{"0":"post-10222","1":"product","2":"type-product","3":"status-publish","5":"product_cat-brandy","6":"product_cat-spirits","7":"pa_alcohol-747","8":"pa_country-croatia","9":"pa_type-of-drink-brandy","10":"pa_volume-700-ml","12":"first","13":"onbackorder","14":"taxable","15":"shipping-taxable","16":"product-type-simple"},"_links":{"self":[{"href":"https:\/\/vinoljubac.hr\/hr\/wp-json\/wp\/v2\/product\/10222","targetHints":{"allow":["GET"]}}],"collection":[{"href":"https:\/\/vinoljubac.hr\/hr\/wp-json\/wp\/v2\/product"}],"about":[{"href":"https:\/\/vinoljubac.hr\/hr\/wp-json\/wp\/v2\/types\/product"}],"replies":[{"embeddable":true,"href":"https:\/\/vinoljubac.hr\/hr\/wp-json\/wp\/v2\/comments?post=10222"}],"version-history":[{"count":1,"href":"https:\/\/vinoljubac.hr\/hr\/wp-json\/wp\/v2\/product\/10222\/revisions"}],"predecessor-version":[{"id":11420,"href":"https:\/\/vinoljubac.hr\/hr\/wp-json\/wp\/v2\/product\/10222\/revisions\/11420"}],"wp:attachment":[{"href":"https:\/\/vinoljubac.hr\/hr\/wp-json\/wp\/v2\/media?parent=10222"}],"wp:term":[{"taxonomy":"product_brand","embeddable":true,"href":"https:\/\/vinoljubac.hr\/hr\/wp-json\/wp\/v2\/product_brand?post=10222"},{"taxonomy":"product_cat","embeddable":true,"href":"https:\/\/vinoljubac.hr\/hr\/wp-json\/wp\/v2\/product_cat?post=10222"},{"taxonomy":"product_tag","embeddable":true,"href":"https:\/\/vinoljubac.hr\/hr\/wp-json\/wp\/v2\/product_tag?post=10222"}],"curies":[{"name":"wp","href":"https:\/\/api.w.org\/{rel}","templated":true}]}}