{"id":10225,"date":"2023-09-20T10:36:22","date_gmt":"2023-09-20T08:36:22","guid":{"rendered":"https:\/\/vinoljubac.hr\/?post_type=product&#038;p=10225"},"modified":"2025-10-23T11:58:40","modified_gmt":"2025-10-23T09:58:40","slug":"aura-pomegranate","status":"publish","type":"product","link":"https:\/\/vinoljubac.hr\/hr\/proizvod\/aura-pomegranate\/","title":{"rendered":"AURA \u0160IPAK"},"content":{"rendered":"","protected":false},"excerpt":{"rendered":"<p>Proizvedeno na bazi destilata jabuke polugodi\u0161njom maceracijom plodova \u0161ipka ubranih na obroncima \u0106i\u0107arije. Bez dodatnih boja i aroma. Krasi ga elegantna granatna boja s naran\u010dastim tonovima, miris je ugodan i fin. Mirisom dominiraju note zrelog \u0161ipka i zelenog oraha. Okusom je polusuh i djelomi\u010dno topao, a na zavr\u0161etku se javlja nota marmelade od \u0161ipka.<\/p>","protected":false},"featured_media":0,"comment_status":"open","ping_status":"closed","template":"","meta":{"om_disable_all_campaigns":false,"_monsterinsights_skip_tracking":false,"_monsterinsights_sitenote_active":false,"_monsterinsights_sitenote_note":"","_monsterinsights_sitenote_category":0},"product_brand":[],"product_cat":[725,80],"product_tag":[],"class_list":{"0":"post-10225","1":"product","2":"type-product","3":"status-publish","5":"product_cat-brandy","6":"product_cat-spirits","7":"pa_alcohol-748","8":"pa_country-croatia","9":"pa_type-of-drink-brandy","10":"pa_volume-700-ml","12":"first","13":"onbackorder","14":"taxable","15":"shipping-taxable","16":"product-type-simple"},"_links":{"self":[{"href":"https:\/\/vinoljubac.hr\/hr\/wp-json\/wp\/v2\/product\/10225","targetHints":{"allow":["GET"]}}],"collection":[{"href":"https:\/\/vinoljubac.hr\/hr\/wp-json\/wp\/v2\/product"}],"about":[{"href":"https:\/\/vinoljubac.hr\/hr\/wp-json\/wp\/v2\/types\/product"}],"replies":[{"embeddable":true,"href":"https:\/\/vinoljubac.hr\/hr\/wp-json\/wp\/v2\/comments?post=10225"}],"version-history":[{"count":1,"href":"https:\/\/vinoljubac.hr\/hr\/wp-json\/wp\/v2\/product\/10225\/revisions"}],"predecessor-version":[{"id":11419,"href":"https:\/\/vinoljubac.hr\/hr\/wp-json\/wp\/v2\/product\/10225\/revisions\/11419"}],"wp:attachment":[{"href":"https:\/\/vinoljubac.hr\/hr\/wp-json\/wp\/v2\/media?parent=10225"}],"wp:term":[{"taxonomy":"product_brand","embeddable":true,"href":"https:\/\/vinoljubac.hr\/hr\/wp-json\/wp\/v2\/product_brand?post=10225"},{"taxonomy":"product_cat","embeddable":true,"href":"https:\/\/vinoljubac.hr\/hr\/wp-json\/wp\/v2\/product_cat?post=10225"},{"taxonomy":"product_tag","embeddable":true,"href":"https:\/\/vinoljubac.hr\/hr\/wp-json\/wp\/v2\/product_tag?post=10225"}],"curies":[{"name":"wp","href":"https:\/\/api.w.org\/{rel}","templated":true}]}}