{"id":10228,"date":"2023-09-20T10:41:11","date_gmt":"2023-09-20T08:41:11","guid":{"rendered":"https:\/\/vinoljubac.hr\/?post_type=product&#038;p=10228"},"modified":"2025-10-23T11:59:09","modified_gmt":"2025-10-23T09:59:09","slug":"aura-olive-and-almonds","status":"publish","type":"product","link":"https:\/\/vinoljubac.hr\/hr\/proizvod\/aura-olive-and-almonds\/","title":{"rendered":"AURA MASLINA I BADEM"},"content":{"rendered":"","protected":false},"excerpt":{"rendered":"<p>Spajanjem dvije naizgled nespojive mediteranske kulture koja svaka za sebe ima posebnu pri\u010du (maslinu iz vlastitih maslinika i gorki badem) nastao je proizvod \u010dak i za iznimno probirljivu publiku. Krasi ga lijepa jantarna boja s bakrenim tonovima, bistar i gust, a miris je ugodan i fin. Mirisom dominiraju note suhih badema, ananasa i pelina. Okusom je polusladak, djelomi\u010dno topao, a na zavr\u0161etku dominira gor\u010dina masline.<\/p>","protected":false},"featured_media":0,"comment_status":"open","ping_status":"closed","template":"","meta":{"om_disable_all_campaigns":false,"_monsterinsights_skip_tracking":false,"_monsterinsights_sitenote_active":false,"_monsterinsights_sitenote_note":"","_monsterinsights_sitenote_category":0},"product_brand":[],"product_cat":[725,80],"product_tag":[],"class_list":{"0":"post-10228","1":"product","2":"type-product","3":"status-publish","5":"product_cat-brandy","6":"product_cat-spirits","7":"pa_alcohol-749","8":"pa_country-croatia","9":"pa_type-of-drink-brandy","10":"pa_volume-700-ml","12":"first","13":"instock","14":"taxable","15":"shipping-taxable","16":"product-type-simple"},"_links":{"self":[{"href":"https:\/\/vinoljubac.hr\/hr\/wp-json\/wp\/v2\/product\/10228","targetHints":{"allow":["GET"]}}],"collection":[{"href":"https:\/\/vinoljubac.hr\/hr\/wp-json\/wp\/v2\/product"}],"about":[{"href":"https:\/\/vinoljubac.hr\/hr\/wp-json\/wp\/v2\/types\/product"}],"replies":[{"embeddable":true,"href":"https:\/\/vinoljubac.hr\/hr\/wp-json\/wp\/v2\/comments?post=10228"}],"version-history":[{"count":1,"href":"https:\/\/vinoljubac.hr\/hr\/wp-json\/wp\/v2\/product\/10228\/revisions"}],"predecessor-version":[{"id":11421,"href":"https:\/\/vinoljubac.hr\/hr\/wp-json\/wp\/v2\/product\/10228\/revisions\/11421"}],"wp:attachment":[{"href":"https:\/\/vinoljubac.hr\/hr\/wp-json\/wp\/v2\/media?parent=10228"}],"wp:term":[{"taxonomy":"product_brand","embeddable":true,"href":"https:\/\/vinoljubac.hr\/hr\/wp-json\/wp\/v2\/product_brand?post=10228"},{"taxonomy":"product_cat","embeddable":true,"href":"https:\/\/vinoljubac.hr\/hr\/wp-json\/wp\/v2\/product_cat?post=10228"},{"taxonomy":"product_tag","embeddable":true,"href":"https:\/\/vinoljubac.hr\/hr\/wp-json\/wp\/v2\/product_tag?post=10228"}],"curies":[{"name":"wp","href":"https:\/\/api.w.org\/{rel}","templated":true}]}}