{"id":10237,"date":"2023-09-20T11:17:00","date_gmt":"2023-09-20T09:17:00","guid":{"rendered":"https:\/\/vinoljubac.hr\/?post_type=product&#038;p=10237"},"modified":"2025-10-23T11:59:35","modified_gmt":"2025-10-23T09:59:35","slug":"aura-honey-and-mistletoe","status":"publish","type":"product","link":"https:\/\/vinoljubac.hr\/hr\/proizvod\/aura-honey-and-mistletoe\/","title":{"rendered":"AURA MEDIMELA"},"content":{"rendered":"","protected":false},"excerpt":{"rendered":"<p>Proizvedeno na bazi rakije komovice polugodi\u0161njom maceracijom listova \u017eute imele ubranih na podru\u010dju Istre i cvjetnog meda. Bez dodatnih boja i aroma. Krasi je elegantna slamnato\u017euta boja, bistra je i gusta, a miris je vrlo ugodan. Mirisom dominira nota bagremova meda, timijan, naran\u010dina korica. Okusom je polusuha, fina, postojana, a na zavr\u0161etku se javlja nota pelina.<\/p>","protected":false},"featured_media":0,"comment_status":"open","ping_status":"closed","template":"","meta":{"om_disable_all_campaigns":false,"_monsterinsights_skip_tracking":false,"_monsterinsights_sitenote_active":false,"_monsterinsights_sitenote_note":"","_monsterinsights_sitenote_category":0},"product_brand":[],"product_cat":[725,80],"product_tag":[],"class_list":{"0":"post-10237","1":"product","2":"type-product","3":"status-publish","5":"product_cat-brandy","6":"product_cat-spirits","7":"pa_alcohol-751","8":"pa_country-croatia","9":"pa_type-of-drink-brandy","10":"pa_volume-700-ml","12":"first","13":"outofstock","14":"taxable","15":"shipping-taxable","16":"product-type-simple"},"_links":{"self":[{"href":"https:\/\/vinoljubac.hr\/hr\/wp-json\/wp\/v2\/product\/10237","targetHints":{"allow":["GET"]}}],"collection":[{"href":"https:\/\/vinoljubac.hr\/hr\/wp-json\/wp\/v2\/product"}],"about":[{"href":"https:\/\/vinoljubac.hr\/hr\/wp-json\/wp\/v2\/types\/product"}],"replies":[{"embeddable":true,"href":"https:\/\/vinoljubac.hr\/hr\/wp-json\/wp\/v2\/comments?post=10237"}],"version-history":[{"count":1,"href":"https:\/\/vinoljubac.hr\/hr\/wp-json\/wp\/v2\/product\/10237\/revisions"}],"predecessor-version":[{"id":11227,"href":"https:\/\/vinoljubac.hr\/hr\/wp-json\/wp\/v2\/product\/10237\/revisions\/11227"}],"wp:attachment":[{"href":"https:\/\/vinoljubac.hr\/hr\/wp-json\/wp\/v2\/media?parent=10237"}],"wp:term":[{"taxonomy":"product_brand","embeddable":true,"href":"https:\/\/vinoljubac.hr\/hr\/wp-json\/wp\/v2\/product_brand?post=10237"},{"taxonomy":"product_cat","embeddable":true,"href":"https:\/\/vinoljubac.hr\/hr\/wp-json\/wp\/v2\/product_cat?post=10237"},{"taxonomy":"product_tag","embeddable":true,"href":"https:\/\/vinoljubac.hr\/hr\/wp-json\/wp\/v2\/product_tag?post=10237"}],"curies":[{"name":"wp","href":"https:\/\/api.w.org\/{rel}","templated":true}]}}