{"id":10242,"date":"2023-09-20T11:24:01","date_gmt":"2023-09-20T09:24:01","guid":{"rendered":"https:\/\/vinoljubac.hr\/?post_type=product&#038;p=10242"},"modified":"2025-10-23T11:59:45","modified_gmt":"2025-10-23T09:59:45","slug":"aura-sage","status":"publish","type":"product","link":"https:\/\/vinoljubac.hr\/hr\/proizvod\/aura-sage\/","title":{"rendered":"AURA KADULJA"},"content":{"rendered":"","protected":false},"excerpt":{"rendered":"<p>List divlje kadulje sa svojim izra\u017eenim eteri\u010dnim uljima maceriran u kvalitetnoj rakiji daje proizvod kojeg \u0107e svatko rado ponovno ku\u0161ati. Krasi ga lijepa zlatno\u017euta boja, bistar i gust, a miris je fin i ugodan. Mirisom dominiraju note lista kadulje, svje\u017eih gljiva i limunske trave. Okusom je polusuh, fin, ugodan, topao i elegantan, a na zavr\u0161etku se javlja nota kadulje.<\/p>","protected":false},"featured_media":0,"comment_status":"open","ping_status":"closed","template":"","meta":{"om_disable_all_campaigns":false,"_monsterinsights_skip_tracking":false,"_monsterinsights_sitenote_active":false,"_monsterinsights_sitenote_note":"","_monsterinsights_sitenote_category":0},"product_brand":[],"product_cat":[725,80],"product_tag":[],"class_list":{"0":"post-10242","1":"product","2":"type-product","3":"status-publish","5":"product_cat-brandy","6":"product_cat-spirits","7":"pa_alcohol-752","8":"pa_country-croatia","9":"pa_type-of-drink-brandy","10":"pa_volume-700-ml","12":"first","13":"onbackorder","14":"taxable","15":"shipping-taxable","16":"product-type-simple"},"_links":{"self":[{"href":"https:\/\/vinoljubac.hr\/hr\/wp-json\/wp\/v2\/product\/10242","targetHints":{"allow":["GET"]}}],"collection":[{"href":"https:\/\/vinoljubac.hr\/hr\/wp-json\/wp\/v2\/product"}],"about":[{"href":"https:\/\/vinoljubac.hr\/hr\/wp-json\/wp\/v2\/types\/product"}],"replies":[{"embeddable":true,"href":"https:\/\/vinoljubac.hr\/hr\/wp-json\/wp\/v2\/comments?post=10242"}],"version-history":[{"count":1,"href":"https:\/\/vinoljubac.hr\/hr\/wp-json\/wp\/v2\/product\/10242\/revisions"}],"predecessor-version":[{"id":11423,"href":"https:\/\/vinoljubac.hr\/hr\/wp-json\/wp\/v2\/product\/10242\/revisions\/11423"}],"wp:attachment":[{"href":"https:\/\/vinoljubac.hr\/hr\/wp-json\/wp\/v2\/media?parent=10242"}],"wp:term":[{"taxonomy":"product_brand","embeddable":true,"href":"https:\/\/vinoljubac.hr\/hr\/wp-json\/wp\/v2\/product_brand?post=10242"},{"taxonomy":"product_cat","embeddable":true,"href":"https:\/\/vinoljubac.hr\/hr\/wp-json\/wp\/v2\/product_cat?post=10242"},{"taxonomy":"product_tag","embeddable":true,"href":"https:\/\/vinoljubac.hr\/hr\/wp-json\/wp\/v2\/product_tag?post=10242"}],"curies":[{"name":"wp","href":"https:\/\/api.w.org\/{rel}","templated":true}]}}