{"id":10268,"date":"2023-10-04T11:35:10","date_gmt":"2023-10-04T09:35:10","guid":{"rendered":"https:\/\/vinoljubac.hr\/?post_type=product&#038;p=10268"},"modified":"2025-04-09T07:26:53","modified_gmt":"2025-04-09T05:26:53","slug":"captain-morgan-spiced-gold","status":"publish","type":"product","link":"https:\/\/vinoljubac.hr\/hr\/proizvod\/captain-morgan-spiced-gold\/","title":{"rendered":"CAPTAIN MORGAN SPICED GOLD"},"content":{"rendered":"","protected":false},"excerpt":{"rendered":"<p>Note vanilije, sme\u0111eg \u0161e\u0107era, suhog vo\u0107a, toplih za\u010dina i hrastovine, spajaju se kako bi stvorile savr\u0161eno uravnote\u017een duh s glatkom zavr\u0161nicom.<\/p>","protected":false},"featured_media":0,"comment_status":"open","ping_status":"closed","template":"","meta":{"om_disable_all_campaigns":false,"_monsterinsights_skip_tracking":false,"_monsterinsights_sitenote_active":false,"_monsterinsights_sitenote_note":"","_monsterinsights_sitenote_category":0},"product_brand":[],"product_cat":[262,80],"product_tag":[],"class_list":{"0":"post-10268","1":"product","2":"type-product","3":"status-publish","5":"product_cat-rum","6":"product_cat-spirits","7":"pa_alcohol-264","8":"pa_country-jamaica","9":"pa_type-of-drink-rum","10":"pa_volume-1000-ml","12":"first","13":"instock","14":"taxable","15":"shipping-taxable","16":"product-type-simple"},"_links":{"self":[{"href":"https:\/\/vinoljubac.hr\/hr\/wp-json\/wp\/v2\/product\/10268","targetHints":{"allow":["GET"]}}],"collection":[{"href":"https:\/\/vinoljubac.hr\/hr\/wp-json\/wp\/v2\/product"}],"about":[{"href":"https:\/\/vinoljubac.hr\/hr\/wp-json\/wp\/v2\/types\/product"}],"replies":[{"embeddable":true,"href":"https:\/\/vinoljubac.hr\/hr\/wp-json\/wp\/v2\/comments?post=10268"}],"version-history":[{"count":1,"href":"https:\/\/vinoljubac.hr\/hr\/wp-json\/wp\/v2\/product\/10268\/revisions"}],"predecessor-version":[{"id":11230,"href":"https:\/\/vinoljubac.hr\/hr\/wp-json\/wp\/v2\/product\/10268\/revisions\/11230"}],"wp:attachment":[{"href":"https:\/\/vinoljubac.hr\/hr\/wp-json\/wp\/v2\/media?parent=10268"}],"wp:term":[{"taxonomy":"product_brand","embeddable":true,"href":"https:\/\/vinoljubac.hr\/hr\/wp-json\/wp\/v2\/product_brand?post=10268"},{"taxonomy":"product_cat","embeddable":true,"href":"https:\/\/vinoljubac.hr\/hr\/wp-json\/wp\/v2\/product_cat?post=10268"},{"taxonomy":"product_tag","embeddable":true,"href":"https:\/\/vinoljubac.hr\/hr\/wp-json\/wp\/v2\/product_tag?post=10268"}],"curies":[{"name":"wp","href":"https:\/\/api.w.org\/{rel}","templated":true}]}}