{"id":10340,"date":"2023-11-07T10:06:38","date_gmt":"2023-11-07T09:06:38","guid":{"rendered":"https:\/\/vinoljubac.hr\/?post_type=product&#038;p=10340"},"modified":"2025-04-04T07:42:11","modified_gmt":"2025-04-04T05:42:11","slug":"milicic-dingac","status":"publish","type":"product","link":"https:\/\/vinoljubac.hr\/hr\/proizvod\/milicic-dingac\/","title":{"rendered":"MILI\u010cI\u0106 DINGA\u010c"},"content":{"rendered":"","protected":false},"excerpt":{"rendered":"","protected":false},"featured_media":0,"comment_status":"open","ping_status":"closed","template":"","meta":{"om_disable_all_campaigns":false,"_monsterinsights_skip_tracking":false,"_monsterinsights_sitenote_active":false,"_monsterinsights_sitenote_note":"","_monsterinsights_sitenote_category":0},"product_brand":[],"product_cat":[106,43],"product_tag":[],"class_list":{"0":"post-10340","1":"product","2":"type-product","3":"status-publish","5":"product_cat-plavac-mali","6":"product_cat-red-wines","7":"pa_alcohol-136","8":"pa_colour-red","9":"pa_country-croatia","10":"pa_region-dalmatia","11":"pa_residual-sugar-dry","12":"pa_subregion-central-and-south-dalmatia","13":"pa_variety-plavac-mali","14":"pa_vineyard-peljesac","15":"pa_volume-750-ml","17":"first","18":"instock","19":"taxable","20":"shipping-taxable","21":"product-type-simple"},"_links":{"self":[{"href":"https:\/\/vinoljubac.hr\/hr\/wp-json\/wp\/v2\/product\/10340","targetHints":{"allow":["GET"]}}],"collection":[{"href":"https:\/\/vinoljubac.hr\/hr\/wp-json\/wp\/v2\/product"}],"about":[{"href":"https:\/\/vinoljubac.hr\/hr\/wp-json\/wp\/v2\/types\/product"}],"replies":[{"embeddable":true,"href":"https:\/\/vinoljubac.hr\/hr\/wp-json\/wp\/v2\/comments?post=10340"}],"version-history":[{"count":1,"href":"https:\/\/vinoljubac.hr\/hr\/wp-json\/wp\/v2\/product\/10340\/revisions"}],"predecessor-version":[{"id":11128,"href":"https:\/\/vinoljubac.hr\/hr\/wp-json\/wp\/v2\/product\/10340\/revisions\/11128"}],"wp:attachment":[{"href":"https:\/\/vinoljubac.hr\/hr\/wp-json\/wp\/v2\/media?parent=10340"}],"wp:term":[{"taxonomy":"product_brand","embeddable":true,"href":"https:\/\/vinoljubac.hr\/hr\/wp-json\/wp\/v2\/product_brand?post=10340"},{"taxonomy":"product_cat","embeddable":true,"href":"https:\/\/vinoljubac.hr\/hr\/wp-json\/wp\/v2\/product_cat?post=10340"},{"taxonomy":"product_tag","embeddable":true,"href":"https:\/\/vinoljubac.hr\/hr\/wp-json\/wp\/v2\/product_tag?post=10340"}],"curies":[{"name":"wp","href":"https:\/\/api.w.org\/{rel}","templated":true}]}}