{"id":4451,"date":"2022-06-27T17:39:36","date_gmt":"2022-06-27T15:39:36","guid":{"rendered":"https:\/\/vinoljubac.hr\/?post_type=product&#038;p=4451"},"modified":"2025-12-22T11:56:18","modified_gmt":"2025-12-22T10:56:18","slug":"dingac-reserva","status":"publish","type":"product","link":"https:\/\/vinoljubac.hr\/hr\/proizvod\/dingac-reserva\/","title":{"rendered":"\u0160IMUNKOVI\u0106 DINGA\u010c RESERVA"},"content":{"rendered":"","protected":false},"excerpt":{"rendered":"<p>Iz najboljih vinograda u vlasni\u0161tvu Vinarije \u0160imunkovi\u0107 odabire se gro\u017e\u0111e u optimalnoj zriobi te se vinificira tradicionalnom metodom. Tek nakon odle\u017eavanja od minimalno jedne godine tijekom koje se vino stabilizira, Reserva se stavlja u najbolje francuske ba\u010dve na daljnje odle\u017eavanje koje tako\u0111er traje barem jednu godinu. U tom se razdoblju, do tada jo\u0161 mladi i zeleni tanini, u potpunosti zaokru\u017ee do bar\u0161unastog osjeta. Tada se Reserva puni u staklene butelje i zatvara posebnim plutenim \u010depom kako bi odle\u017eavala daljnjih \u0161est mjeseci kada vino dolazi do svog izra\u017eaja. Reserva je iznimno jakog tijela i zaokru\u017eenih tanina s intenzivnim mirisom i tamnom bojom rubina. Od mirisa prevladavaju tamno vo\u0107e i nje\u017ene note vanilije.<\/p>","protected":false},"featured_media":6243,"comment_status":"open","ping_status":"closed","template":"","meta":{"om_disable_all_campaigns":false,"_monsterinsights_skip_tracking":false,"_monsterinsights_sitenote_active":false,"_monsterinsights_sitenote_note":"","_monsterinsights_sitenote_category":0},"product_brand":[],"product_cat":[106,43],"product_tag":[],"class_list":{"0":"post-4451","1":"product","2":"type-product","3":"status-publish","4":"has-post-thumbnail","6":"product_cat-plavac-mali","7":"product_cat-red-wines","8":"pa_alcohol-124","9":"pa_colour-red","10":"pa_country-croatia","11":"pa_region-dalmatia","12":"pa_residual-sugar-dry","13":"pa_subregion-central-and-south-dalmatia","14":"pa_variety-plavac-mali","15":"pa_vineyard-peljesac","16":"pa_volume-750-ml","18":"first","19":"instock","20":"taxable","21":"shipping-taxable","22":"product-type-simple"},"_links":{"self":[{"href":"https:\/\/vinoljubac.hr\/hr\/wp-json\/wp\/v2\/product\/4451","targetHints":{"allow":["GET"]}}],"collection":[{"href":"https:\/\/vinoljubac.hr\/hr\/wp-json\/wp\/v2\/product"}],"about":[{"href":"https:\/\/vinoljubac.hr\/hr\/wp-json\/wp\/v2\/types\/product"}],"replies":[{"embeddable":true,"href":"https:\/\/vinoljubac.hr\/hr\/wp-json\/wp\/v2\/comments?post=4451"}],"version-history":[{"count":0,"href":"https:\/\/vinoljubac.hr\/hr\/wp-json\/wp\/v2\/product\/4451\/revisions"}],"wp:featuredmedia":[{"embeddable":true,"href":"https:\/\/vinoljubac.hr\/hr\/wp-json\/wp\/v2\/media\/6243"}],"wp:attachment":[{"href":"https:\/\/vinoljubac.hr\/hr\/wp-json\/wp\/v2\/media?parent=4451"}],"wp:term":[{"taxonomy":"product_brand","embeddable":true,"href":"https:\/\/vinoljubac.hr\/hr\/wp-json\/wp\/v2\/product_brand?post=4451"},{"taxonomy":"product_cat","embeddable":true,"href":"https:\/\/vinoljubac.hr\/hr\/wp-json\/wp\/v2\/product_cat?post=4451"},{"taxonomy":"product_tag","embeddable":true,"href":"https:\/\/vinoljubac.hr\/hr\/wp-json\/wp\/v2\/product_tag?post=4451"}],"curies":[{"name":"wp","href":"https:\/\/api.w.org\/{rel}","templated":true}]}}