{"id":4453,"date":"2022-06-27T17:51:29","date_gmt":"2022-06-27T15:51:29","guid":{"rendered":"https:\/\/vinoljubac.hr\/?post_type=product&#038;p=4453"},"modified":"2025-11-21T13:10:57","modified_gmt":"2025-11-21T12:10:57","slug":"dingac-simunkovic","status":"publish","type":"product","link":"https:\/\/vinoljubac.hr\/hr\/proizvod\/dingac-simunkovic\/","title":{"rendered":"\u0160IMUNKOVI\u0106 DINGA\u010c"},"content":{"rendered":"","protected":false},"excerpt":{"rendered":"<p>Na samom jugu Dalmacije na poluotoku Pelje\u0161cu nalazi se Dinga\u010d, jedan od najcjenjenijih vinogradarskih polo\u017eaja. Okrenut prema jugu, na strmim polo\u017eajima s nagibima terena od 10\u2070 pa sve do 60\u2070, do vinove loze plavca malog sunce dopire iz svih smjerova pa \u010dak i od refleksije mora. Tlo predstavlja jedan od najzna\u010dajnijih \u010dimbenika kakvo\u0107e gro\u017e\u0111a, vapnenci gornje krede protkani dolomitnim slojevima daju svoju posebnost aromi vina. Vinogradi u Dinga\u010du za\u0161ti\u0107eni su s dva brdska masiva na sjeveru dok more s ju\u017ene strane regulira temperaturu \u0161to rezultira dugim sazrijevanjem bobica te na taj na\u010din punim tijelom vina tamne boje rubina i zaokru\u017eenih tanina s aromama suhih \u0161ljiva i gro\u017e\u0111ica.<\/p>","protected":false},"featured_media":6244,"comment_status":"open","ping_status":"closed","template":"","meta":{"om_disable_all_campaigns":false,"_monsterinsights_skip_tracking":false,"_monsterinsights_sitenote_active":false,"_monsterinsights_sitenote_note":"","_monsterinsights_sitenote_category":0},"product_brand":[],"product_cat":[106,43],"product_tag":[],"class_list":{"0":"post-4453","1":"product","2":"type-product","3":"status-publish","4":"has-post-thumbnail","6":"product_cat-plavac-mali","7":"product_cat-red-wines","8":"pa_alcohol-497","9":"pa_colour-red","10":"pa_country-croatia","11":"pa_region-dalmatia","12":"pa_residual-sugar-dry","13":"pa_subregion-central-and-south-dalmatia","14":"pa_variety-plavac-mali","15":"pa_vineyard-peljesac","16":"pa_volume-750-ml","18":"first","19":"instock","20":"taxable","21":"shipping-taxable","22":"product-type-simple"},"_links":{"self":[{"href":"https:\/\/vinoljubac.hr\/hr\/wp-json\/wp\/v2\/product\/4453","targetHints":{"allow":["GET"]}}],"collection":[{"href":"https:\/\/vinoljubac.hr\/hr\/wp-json\/wp\/v2\/product"}],"about":[{"href":"https:\/\/vinoljubac.hr\/hr\/wp-json\/wp\/v2\/types\/product"}],"replies":[{"embeddable":true,"href":"https:\/\/vinoljubac.hr\/hr\/wp-json\/wp\/v2\/comments?post=4453"}],"version-history":[{"count":1,"href":"https:\/\/vinoljubac.hr\/hr\/wp-json\/wp\/v2\/product\/4453\/revisions"}],"predecessor-version":[{"id":11199,"href":"https:\/\/vinoljubac.hr\/hr\/wp-json\/wp\/v2\/product\/4453\/revisions\/11199"}],"wp:featuredmedia":[{"embeddable":true,"href":"https:\/\/vinoljubac.hr\/hr\/wp-json\/wp\/v2\/media\/6244"}],"wp:attachment":[{"href":"https:\/\/vinoljubac.hr\/hr\/wp-json\/wp\/v2\/media?parent=4453"}],"wp:term":[{"taxonomy":"product_brand","embeddable":true,"href":"https:\/\/vinoljubac.hr\/hr\/wp-json\/wp\/v2\/product_brand?post=4453"},{"taxonomy":"product_cat","embeddable":true,"href":"https:\/\/vinoljubac.hr\/hr\/wp-json\/wp\/v2\/product_cat?post=4453"},{"taxonomy":"product_tag","embeddable":true,"href":"https:\/\/vinoljubac.hr\/hr\/wp-json\/wp\/v2\/product_tag?post=4453"}],"curies":[{"name":"wp","href":"https:\/\/api.w.org\/{rel}","templated":true}]}}