{"id":4455,"date":"2022-06-27T18:03:12","date_gmt":"2022-06-27T16:03:12","guid":{"rendered":"https:\/\/vinoljubac.hr\/?post_type=product&#038;p=4455"},"modified":"2025-04-07T12:47:37","modified_gmt":"2025-04-07T10:47:37","slug":"testament-babic","status":"publish","type":"product","link":"https:\/\/vinoljubac.hr\/hr\/proizvod\/testament-babic\/","title":{"rendered":"TESTAMENT BABI\u0106"},"content":{"rendered":"","protected":false},"excerpt":{"rendered":"<p>Crno vino tamne i neprozirne boje rubina, mirisa zrelog crvenog vo\u0107a, tamne \u010dokolade i za\u010dina.\nOkus je opulentan sa \u017eivim kiselinama i mo\u0107nom strukturom.<\/p>","protected":false},"featured_media":6359,"comment_status":"open","ping_status":"closed","template":"","meta":{"om_disable_all_campaigns":false,"_monsterinsights_skip_tracking":false,"_monsterinsights_sitenote_active":false,"_monsterinsights_sitenote_note":"","_monsterinsights_sitenote_category":0},"product_brand":[],"product_cat":[128,43],"product_tag":[],"class_list":{"0":"post-4455","1":"product","2":"type-product","3":"status-publish","4":"has-post-thumbnail","6":"product_cat-babic","7":"product_cat-red-wines","8":"pa_alcohol-457","9":"pa_colour-red","10":"pa_country-croatia","11":"pa_region-dalmatia","12":"pa_residual-sugar-dry","13":"pa_subregion-north-dalmatia","14":"pa_variety-babic","15":"pa_vineyard-sibenik","16":"pa_volume-750-ml","18":"first","19":"instock","20":"taxable","21":"shipping-taxable","22":"product-type-simple"},"_links":{"self":[{"href":"https:\/\/vinoljubac.hr\/hr\/wp-json\/wp\/v2\/product\/4455","targetHints":{"allow":["GET"]}}],"collection":[{"href":"https:\/\/vinoljubac.hr\/hr\/wp-json\/wp\/v2\/product"}],"about":[{"href":"https:\/\/vinoljubac.hr\/hr\/wp-json\/wp\/v2\/types\/product"}],"replies":[{"embeddable":true,"href":"https:\/\/vinoljubac.hr\/hr\/wp-json\/wp\/v2\/comments?post=4455"}],"version-history":[{"count":1,"href":"https:\/\/vinoljubac.hr\/hr\/wp-json\/wp\/v2\/product\/4455\/revisions"}],"predecessor-version":[{"id":11200,"href":"https:\/\/vinoljubac.hr\/hr\/wp-json\/wp\/v2\/product\/4455\/revisions\/11200"}],"wp:featuredmedia":[{"embeddable":true,"href":"https:\/\/vinoljubac.hr\/hr\/wp-json\/wp\/v2\/media\/6359"}],"wp:attachment":[{"href":"https:\/\/vinoljubac.hr\/hr\/wp-json\/wp\/v2\/media?parent=4455"}],"wp:term":[{"taxonomy":"product_brand","embeddable":true,"href":"https:\/\/vinoljubac.hr\/hr\/wp-json\/wp\/v2\/product_brand?post=4455"},{"taxonomy":"product_cat","embeddable":true,"href":"https:\/\/vinoljubac.hr\/hr\/wp-json\/wp\/v2\/product_cat?post=4455"},{"taxonomy":"product_tag","embeddable":true,"href":"https:\/\/vinoljubac.hr\/hr\/wp-json\/wp\/v2\/product_tag?post=4455"}],"curies":[{"name":"wp","href":"https:\/\/api.w.org\/{rel}","templated":true}]}}