{"id":4469,"date":"2022-06-27T19:46:16","date_gmt":"2022-06-27T17:46:16","guid":{"rendered":"https:\/\/vinoljubac.hr\/?post_type=product&#038;p=4469"},"modified":"2025-04-01T08:28:20","modified_gmt":"2025-04-01T06:28:20","slug":"bolfan-pinot-crni","status":"publish","type":"product","link":"https:\/\/vinoljubac.hr\/hr\/proizvod\/bolfan-pinot-crni\/","title":{"rendered":"BOLFAN PINOT CRNI"},"content":{"rendered":"","protected":false},"excerpt":{"rendered":"<p>Vrhunsko EKO vino sorte Pinot crni. Prevladavaju arome bobi\u010dastog i crvenog vo\u0107a. Odle\u017ealo u drvenim ba\u010dvama od 3000L.<\/p>","protected":false},"featured_media":0,"comment_status":"open","ping_status":"closed","template":"","meta":{"om_disable_all_campaigns":false,"_monsterinsights_skip_tracking":false,"_monsterinsights_sitenote_active":false,"_monsterinsights_sitenote_note":"","_monsterinsights_sitenote_category":0},"product_brand":[],"product_cat":[47,43],"product_tag":[],"class_list":{"0":"post-4469","1":"product","2":"type-product","3":"status-publish","5":"product_cat-pinot-noir","6":"product_cat-red-wines","7":"pa_alcohol-138","8":"pa_colour-red","9":"pa_country-croatia","10":"pa_region-croatian-uplands","11":"pa_residual-sugar-dry","12":"pa_subregion-zagorje-medimurje","13":"pa_variety-pinot-noir","14":"pa_vineyard-zlatar","15":"pa_volume-750-ml","17":"first","18":"instock","19":"taxable","20":"shipping-taxable","21":"product-type-simple"},"_links":{"self":[{"href":"https:\/\/vinoljubac.hr\/hr\/wp-json\/wp\/v2\/product\/4469","targetHints":{"allow":["GET"]}}],"collection":[{"href":"https:\/\/vinoljubac.hr\/hr\/wp-json\/wp\/v2\/product"}],"about":[{"href":"https:\/\/vinoljubac.hr\/hr\/wp-json\/wp\/v2\/types\/product"}],"replies":[{"embeddable":true,"href":"https:\/\/vinoljubac.hr\/hr\/wp-json\/wp\/v2\/comments?post=4469"}],"version-history":[{"count":1,"href":"https:\/\/vinoljubac.hr\/hr\/wp-json\/wp\/v2\/product\/4469\/revisions"}],"predecessor-version":[{"id":10984,"href":"https:\/\/vinoljubac.hr\/hr\/wp-json\/wp\/v2\/product\/4469\/revisions\/10984"}],"wp:attachment":[{"href":"https:\/\/vinoljubac.hr\/hr\/wp-json\/wp\/v2\/media?parent=4469"}],"wp:term":[{"taxonomy":"product_brand","embeddable":true,"href":"https:\/\/vinoljubac.hr\/hr\/wp-json\/wp\/v2\/product_brand?post=4469"},{"taxonomy":"product_cat","embeddable":true,"href":"https:\/\/vinoljubac.hr\/hr\/wp-json\/wp\/v2\/product_cat?post=4469"},{"taxonomy":"product_tag","embeddable":true,"href":"https:\/\/vinoljubac.hr\/hr\/wp-json\/wp\/v2\/product_tag?post=4469"}],"curies":[{"name":"wp","href":"https:\/\/api.w.org\/{rel}","templated":true}]}}