{"id":4479,"date":"2022-06-27T20:46:39","date_gmt":"2022-06-27T18:46:39","guid":{"rendered":"https:\/\/vinoljubac.hr\/?post_type=product&#038;p=4479"},"modified":"2025-04-04T07:58:31","modified_gmt":"2025-04-04T05:58:31","slug":"nuic-merlot-premium-bq","status":"publish","type":"product","link":"https:\/\/vinoljubac.hr\/hr\/proizvod\/nuic-merlot-premium-bq\/","title":{"rendered":"NUI\u0106 MERLOT PREMIUM BQ"},"content":{"rendered":"","protected":false},"excerpt":{"rendered":"<p>Vrhunsko vino Merlot jedinstvena je ekspresija ove svjetske sorte na \u0161krtom, kamenitom hercegova\u010dkom tlu lokaliteta Crnopod kod Ljubu\u0161kog. Tamne je boje tre\u0161nje, bogatog, punog i kompleksnog okusa, a od aroma se isti\u010du \u0161ljiva, ribiz, \u010dokolada, za\u010dini i ko\u017ea. Odle\u017ealo je u barrique ba\u010dvama. Odli\u010dno se sla\u017ee sa zrelim sirevima, divlja\u010di i jelima od crvenog mesa. Preporu\u010duje se servirati ga na temperaturi oko 18 \u00b0C.<\/p>","protected":false},"featured_media":6316,"comment_status":"open","ping_status":"closed","template":"","meta":{"om_disable_all_campaigns":false,"_monsterinsights_skip_tracking":false,"_monsterinsights_sitenote_active":false,"_monsterinsights_sitenote_note":"","_monsterinsights_sitenote_category":0},"product_brand":[],"product_cat":[46,43],"product_tag":[],"class_list":{"0":"post-4479","1":"product","2":"type-product","3":"status-publish","4":"has-post-thumbnail","6":"product_cat-merlot","7":"product_cat-red-wines","8":"pa_alcohol-483","9":"pa_colour-red","10":"pa_country-bosnia-and-herzegovina","11":"pa_region-herzegovina","12":"pa_residual-sugar-dry","13":"pa_subregion-central-neretva","14":"pa_variety-merlot","15":"pa_vineyard-mostar","16":"pa_volume-750-ml","18":"first","19":"instock","20":"taxable","21":"shipping-taxable","22":"product-type-simple"},"_links":{"self":[{"href":"https:\/\/vinoljubac.hr\/hr\/wp-json\/wp\/v2\/product\/4479","targetHints":{"allow":["GET"]}}],"collection":[{"href":"https:\/\/vinoljubac.hr\/hr\/wp-json\/wp\/v2\/product"}],"about":[{"href":"https:\/\/vinoljubac.hr\/hr\/wp-json\/wp\/v2\/types\/product"}],"replies":[{"embeddable":true,"href":"https:\/\/vinoljubac.hr\/hr\/wp-json\/wp\/v2\/comments?post=4479"}],"version-history":[{"count":1,"href":"https:\/\/vinoljubac.hr\/hr\/wp-json\/wp\/v2\/product\/4479\/revisions"}],"predecessor-version":[{"id":11143,"href":"https:\/\/vinoljubac.hr\/hr\/wp-json\/wp\/v2\/product\/4479\/revisions\/11143"}],"wp:featuredmedia":[{"embeddable":true,"href":"https:\/\/vinoljubac.hr\/hr\/wp-json\/wp\/v2\/media\/6316"}],"wp:attachment":[{"href":"https:\/\/vinoljubac.hr\/hr\/wp-json\/wp\/v2\/media?parent=4479"}],"wp:term":[{"taxonomy":"product_brand","embeddable":true,"href":"https:\/\/vinoljubac.hr\/hr\/wp-json\/wp\/v2\/product_brand?post=4479"},{"taxonomy":"product_cat","embeddable":true,"href":"https:\/\/vinoljubac.hr\/hr\/wp-json\/wp\/v2\/product_cat?post=4479"},{"taxonomy":"product_tag","embeddable":true,"href":"https:\/\/vinoljubac.hr\/hr\/wp-json\/wp\/v2\/product_tag?post=4479"}],"curies":[{"name":"wp","href":"https:\/\/api.w.org\/{rel}","templated":true}]}}