{"id":4491,"date":"2022-06-28T18:00:38","date_gmt":"2022-06-28T16:00:38","guid":{"rendered":"https:\/\/vinoljubac.hr\/?post_type=product&#038;p=4491"},"modified":"2024-01-16T11:02:29","modified_gmt":"2024-01-16T10:02:29","slug":"enosophia-miraz-syrah","status":"publish","type":"product","link":"https:\/\/vinoljubac.hr\/hr\/proizvod\/enosophia-miraz-syrah\/","title":{"rendered":"ENOSOPHIA MIRAZ SYRAH"},"content":{"rendered":"","protected":false},"excerpt":{"rendered":"<p id=\"tw-target-text\" class=\"tw-data-text tw-text-large tw-ta\" dir=\"ltr\" data-placeholder=\"Prijevod\"><span class=\"Y2IQFc\" lang=\"en\">Duboka ljubi\u010dastocrvena boja te arome duhana, \u010dokolade i crnog bobi\u010dastog vo\u0107a odlikuju ovo vino. Intenzivnog je i zavodljivog okusa, kompleksno, ali izbalansirano ugodnom svje\u017einom koja daje eleganciju. Idealan izbor uz za\u010dinjene sireve i kobasice, tamna mesa s ro\u0161tilja i jela od divlja\u010di.<\/span><\/p>","protected":false},"featured_media":6292,"comment_status":"open","ping_status":"closed","template":"","meta":{"om_disable_all_campaigns":false,"_monsterinsights_skip_tracking":false,"_monsterinsights_sitenote_active":false,"_monsterinsights_sitenote_note":"","_monsterinsights_sitenote_category":0},"product_brand":[],"product_cat":[43,158],"product_tag":[],"class_list":{"0":"post-4491","1":"product","2":"type-product","3":"status-publish","4":"has-post-thumbnail","6":"product_cat-red-wines","7":"product_cat-syrah","8":"pa_alcohol-457","9":"pa_colour-red","10":"pa_country-croatia","11":"pa_region-slavonia-and-croatian-danube","12":"pa_residual-sugar-dry","13":"pa_subregion-slavonia","14":"pa_variety-syrah","15":"pa_vineyard-fericanci","16":"pa_volume-750-ml","18":"first","19":"instock","20":"taxable","21":"shipping-taxable","22":"product-type-simple"},"_links":{"self":[{"href":"https:\/\/vinoljubac.hr\/hr\/wp-json\/wp\/v2\/product\/4491","targetHints":{"allow":["GET"]}}],"collection":[{"href":"https:\/\/vinoljubac.hr\/hr\/wp-json\/wp\/v2\/product"}],"about":[{"href":"https:\/\/vinoljubac.hr\/hr\/wp-json\/wp\/v2\/types\/product"}],"replies":[{"embeddable":true,"href":"https:\/\/vinoljubac.hr\/hr\/wp-json\/wp\/v2\/comments?post=4491"}],"version-history":[{"count":0,"href":"https:\/\/vinoljubac.hr\/hr\/wp-json\/wp\/v2\/product\/4491\/revisions"}],"wp:featuredmedia":[{"embeddable":true,"href":"https:\/\/vinoljubac.hr\/hr\/wp-json\/wp\/v2\/media\/6292"}],"wp:attachment":[{"href":"https:\/\/vinoljubac.hr\/hr\/wp-json\/wp\/v2\/media?parent=4491"}],"wp:term":[{"taxonomy":"product_brand","embeddable":true,"href":"https:\/\/vinoljubac.hr\/hr\/wp-json\/wp\/v2\/product_brand?post=4491"},{"taxonomy":"product_cat","embeddable":true,"href":"https:\/\/vinoljubac.hr\/hr\/wp-json\/wp\/v2\/product_cat?post=4491"},{"taxonomy":"product_tag","embeddable":true,"href":"https:\/\/vinoljubac.hr\/hr\/wp-json\/wp\/v2\/product_tag?post=4491"}],"curies":[{"name":"wp","href":"https:\/\/api.w.org\/{rel}","templated":true}]}}