{"id":4493,"date":"2022-06-28T18:09:05","date_gmt":"2022-06-28T16:09:05","guid":{"rendered":"https:\/\/vinoljubac.hr\/?post_type=product&#038;p=4493"},"modified":"2025-04-04T07:55:50","modified_gmt":"2025-04-04T05:55:50","slug":"blatina-barrique-nuic","status":"publish","type":"product","link":"https:\/\/vinoljubac.hr\/hr\/proizvod\/blatina-barrique-nuic\/","title":{"rendered":"NUI\u0106 BLATINA BARRIQUE"},"content":{"rendered":"","protected":false},"excerpt":{"rendered":"<p>Tamnocrvena boja rubina, arome \u010dokolade, za\u010dinskog bilja, duhana i ribiza, bogato tijelo, izra\u017eeni tanini i trajan okus karakteriziraju ovo vino. Preporu\u010duje se poslu\u017eiti ga uz odreske, divlja\u010d i pe\u010denu janjetinu na temperaturi od 16 \u00b0C.<\/p>","protected":false},"featured_media":6230,"comment_status":"open","ping_status":"closed","template":"","meta":{"om_disable_all_campaigns":false,"_monsterinsights_skip_tracking":false,"_monsterinsights_sitenote_active":false,"_monsterinsights_sitenote_note":"","_monsterinsights_sitenote_category":0},"product_brand":[],"product_cat":[161,43],"product_tag":[],"class_list":{"0":"post-4493","1":"product","2":"type-product","3":"status-publish","4":"has-post-thumbnail","6":"product_cat-blatina","7":"product_cat-red-wines","8":"pa_alcohol-136","9":"pa_colour-red","10":"pa_country-bosnia-and-herzegovina","11":"pa_region-herzegovina","12":"pa_residual-sugar-dry","13":"pa_subregion-central-neretva","14":"pa_variety-blatina","15":"pa_vineyard-mostar","16":"pa_volume-750-ml","18":"first","19":"instock","20":"taxable","21":"shipping-taxable","22":"product-type-simple"},"_links":{"self":[{"href":"https:\/\/vinoljubac.hr\/hr\/wp-json\/wp\/v2\/product\/4493","targetHints":{"allow":["GET"]}}],"collection":[{"href":"https:\/\/vinoljubac.hr\/hr\/wp-json\/wp\/v2\/product"}],"about":[{"href":"https:\/\/vinoljubac.hr\/hr\/wp-json\/wp\/v2\/types\/product"}],"replies":[{"embeddable":true,"href":"https:\/\/vinoljubac.hr\/hr\/wp-json\/wp\/v2\/comments?post=4493"}],"version-history":[{"count":1,"href":"https:\/\/vinoljubac.hr\/hr\/wp-json\/wp\/v2\/product\/4493\/revisions"}],"predecessor-version":[{"id":11138,"href":"https:\/\/vinoljubac.hr\/hr\/wp-json\/wp\/v2\/product\/4493\/revisions\/11138"}],"wp:featuredmedia":[{"embeddable":true,"href":"https:\/\/vinoljubac.hr\/hr\/wp-json\/wp\/v2\/media\/6230"}],"wp:attachment":[{"href":"https:\/\/vinoljubac.hr\/hr\/wp-json\/wp\/v2\/media?parent=4493"}],"wp:term":[{"taxonomy":"product_brand","embeddable":true,"href":"https:\/\/vinoljubac.hr\/hr\/wp-json\/wp\/v2\/product_brand?post=4493"},{"taxonomy":"product_cat","embeddable":true,"href":"https:\/\/vinoljubac.hr\/hr\/wp-json\/wp\/v2\/product_cat?post=4493"},{"taxonomy":"product_tag","embeddable":true,"href":"https:\/\/vinoljubac.hr\/hr\/wp-json\/wp\/v2\/product_tag?post=4493"}],"curies":[{"name":"wp","href":"https:\/\/api.w.org\/{rel}","templated":true}]}}