{"id":4495,"date":"2022-06-28T18:53:26","date_gmt":"2022-06-28T16:53:26","guid":{"rendered":"https:\/\/vinoljubac.hr\/?post_type=product&#038;p=4495"},"modified":"2025-08-08T10:04:49","modified_gmt":"2025-08-08T08:04:49","slug":"nuic-merlot-top-quality","status":"publish","type":"product","link":"https:\/\/vinoljubac.hr\/hr\/proizvod\/nuic-merlot-top-quality\/","title":{"rendered":"NUI\u0106 MERLOT VRHUNSKI"},"content":{"rendered":"","protected":false},"excerpt":{"rendered":"<p>Vrhunsko vino boje tre\u0161nje te elegantnog i dugog okusa s harmoni\u010dnim zavr\u0161etkom. Mirisom podsje\u0107a na kupinu i paljeno drvo. Dozrijeva u inox ba\u010dvama. Izvrsno se sla\u017ee sa zrelim sirevima, pr\u0161utom, jelima od tamnog mesa, pe\u010denom janjetinom ili patkom i ribom s ro\u0161tilja. Poslu\u017eiti na temperaturi od 18 \u00b0C.<\/p>","protected":false},"featured_media":6315,"comment_status":"open","ping_status":"closed","template":"","meta":{"om_disable_all_campaigns":false,"_monsterinsights_skip_tracking":false,"_monsterinsights_sitenote_active":false,"_monsterinsights_sitenote_note":"","_monsterinsights_sitenote_category":0},"product_brand":[],"product_cat":[46,43],"product_tag":[],"class_list":{"0":"post-4495","1":"product","2":"type-product","3":"status-publish","4":"has-post-thumbnail","6":"product_cat-merlot","7":"product_cat-red-wines","8":"pa_alcohol-136","9":"pa_colour-red","10":"pa_country-bosnia-and-herzegovina","11":"pa_region-herzegovina","12":"pa_residual-sugar-dry","13":"pa_subregion-central-neretva","14":"pa_variety-merlot","15":"pa_vineyard-mostar","16":"pa_volume-750-ml","18":"first","19":"instock","20":"taxable","21":"shipping-taxable","22":"product-type-simple"},"_links":{"self":[{"href":"https:\/\/vinoljubac.hr\/hr\/wp-json\/wp\/v2\/product\/4495","targetHints":{"allow":["GET"]}}],"collection":[{"href":"https:\/\/vinoljubac.hr\/hr\/wp-json\/wp\/v2\/product"}],"about":[{"href":"https:\/\/vinoljubac.hr\/hr\/wp-json\/wp\/v2\/types\/product"}],"replies":[{"embeddable":true,"href":"https:\/\/vinoljubac.hr\/hr\/wp-json\/wp\/v2\/comments?post=4495"}],"version-history":[{"count":1,"href":"https:\/\/vinoljubac.hr\/hr\/wp-json\/wp\/v2\/product\/4495\/revisions"}],"predecessor-version":[{"id":11144,"href":"https:\/\/vinoljubac.hr\/hr\/wp-json\/wp\/v2\/product\/4495\/revisions\/11144"}],"wp:featuredmedia":[{"embeddable":true,"href":"https:\/\/vinoljubac.hr\/hr\/wp-json\/wp\/v2\/media\/6315"}],"wp:attachment":[{"href":"https:\/\/vinoljubac.hr\/hr\/wp-json\/wp\/v2\/media?parent=4495"}],"wp:term":[{"taxonomy":"product_brand","embeddable":true,"href":"https:\/\/vinoljubac.hr\/hr\/wp-json\/wp\/v2\/product_brand?post=4495"},{"taxonomy":"product_cat","embeddable":true,"href":"https:\/\/vinoljubac.hr\/hr\/wp-json\/wp\/v2\/product_cat?post=4495"},{"taxonomy":"product_tag","embeddable":true,"href":"https:\/\/vinoljubac.hr\/hr\/wp-json\/wp\/v2\/product_tag?post=4495"}],"curies":[{"name":"wp","href":"https:\/\/api.w.org\/{rel}","templated":true}]}}