{"id":4498,"date":"2022-06-28T19:06:41","date_gmt":"2022-06-28T17:06:41","guid":{"rendered":"https:\/\/vinoljubac.hr\/?post_type=product&#038;p=4498"},"modified":"2024-03-14T19:16:11","modified_gmt":"2024-03-14T18:16:11","slug":"kabola-teran","status":"publish","type":"product","link":"https:\/\/vinoljubac.hr\/hr\/proizvod\/kabola-teran\/","title":{"rendered":"KABOLA TERAN"},"content":{"rendered":"","protected":false},"excerpt":{"rendered":"<p>Vino odlikuje lijepa rubin crvena boja s ljubi\u010dastim rubovima. Bistro je, ali i djelomi\u010dno gusto. Na prvi miris javlja se nota zrele tre\u0161nje te crvene ru\u017ee potom slijedi nota cedrovine koju slijedi nota griote. Vino je suho, djelomi\u010dno toplo i mekano, a s druge strane ima izvrsnu svje\u017einu. Ima hrapave tanine i srednje tijelo. Uravnote\u017eeno je s izra\u017eenom intenzivno\u0161\u0107u okusa koji je trajan i harmoni\u010dan. Zavr\u0161etkom dominira vi\u0161nja amarena. Najbolje poslu\u017eiti uz gula\u0161 od divlja\u010di s njokama.<\/p>","protected":false},"featured_media":6266,"comment_status":"open","ping_status":"closed","template":"","meta":{"om_disable_all_campaigns":false,"_monsterinsights_skip_tracking":false,"_monsterinsights_sitenote_active":false,"_monsterinsights_sitenote_note":"","_monsterinsights_sitenote_category":0},"product_brand":[],"product_cat":[43,164],"product_tag":[],"class_list":{"0":"post-4498","1":"product","2":"type-product","3":"status-publish","4":"has-post-thumbnail","6":"product_cat-red-wines","7":"product_cat-teran","8":"pa_alcohol-457","9":"pa_colour-red","10":"pa_country-croatia","11":"pa_region-istria-and-croatian-littoral","12":"pa_residual-sugar-dry","13":"pa_subregion-croatian-istria","14":"pa_variety-teran","15":"pa_vineyard-west-istria","16":"pa_volume-750-ml","18":"first","19":"instock","20":"taxable","21":"shipping-taxable","22":"product-type-simple"},"_links":{"self":[{"href":"https:\/\/vinoljubac.hr\/hr\/wp-json\/wp\/v2\/product\/4498","targetHints":{"allow":["GET"]}}],"collection":[{"href":"https:\/\/vinoljubac.hr\/hr\/wp-json\/wp\/v2\/product"}],"about":[{"href":"https:\/\/vinoljubac.hr\/hr\/wp-json\/wp\/v2\/types\/product"}],"replies":[{"embeddable":true,"href":"https:\/\/vinoljubac.hr\/hr\/wp-json\/wp\/v2\/comments?post=4498"}],"version-history":[{"count":0,"href":"https:\/\/vinoljubac.hr\/hr\/wp-json\/wp\/v2\/product\/4498\/revisions"}],"wp:featuredmedia":[{"embeddable":true,"href":"https:\/\/vinoljubac.hr\/hr\/wp-json\/wp\/v2\/media\/6266"}],"wp:attachment":[{"href":"https:\/\/vinoljubac.hr\/hr\/wp-json\/wp\/v2\/media?parent=4498"}],"wp:term":[{"taxonomy":"product_brand","embeddable":true,"href":"https:\/\/vinoljubac.hr\/hr\/wp-json\/wp\/v2\/product_brand?post=4498"},{"taxonomy":"product_cat","embeddable":true,"href":"https:\/\/vinoljubac.hr\/hr\/wp-json\/wp\/v2\/product_cat?post=4498"},{"taxonomy":"product_tag","embeddable":true,"href":"https:\/\/vinoljubac.hr\/hr\/wp-json\/wp\/v2\/product_tag?post=4498"}],"curies":[{"name":"wp","href":"https:\/\/api.w.org\/{rel}","templated":true}]}}