{"id":4502,"date":"2022-06-28T19:53:27","date_gmt":"2022-06-28T17:53:27","guid":{"rendered":"https:\/\/vinoljubac.hr\/?post_type=product&#038;p=4502"},"modified":"2025-11-24T12:29:33","modified_gmt":"2025-11-24T11:29:33","slug":"cobankovic-cabernet-sauvignon","status":"publish","type":"product","link":"https:\/\/vinoljubac.hr\/hr\/proizvod\/cobankovic-cabernet-sauvignon\/","title":{"rendered":"\u010cOBANKOVI\u0106 CABERNET SAUVIGNON"},"content":{"rendered":"","protected":false},"excerpt":{"rendered":"<p>Vino tamnorubinske crvene boje te intenzivnog mirisa koji podsje\u0107a na bobi\u010dasto vo\u0107e i<br \/>\nklin\u010di\u0107e. Visokog je ekstrakta i sadr\u017eaja alkohola, a dozrijevanjem od 18 mjeseci u <em>barrique<\/em><br \/>\nba\u010dvama postiglo je izuzetnu zaokru\u017eenost, ravnote\u017eu intenzivnih sortnih aroma i meko\u0107u tanina iz drveta. Temperatura poslu\u017eivanja je od 12 do 14 \u00b0C.<\/p>","protected":false},"featured_media":6240,"comment_status":"open","ping_status":"closed","template":"","meta":{"om_disable_all_campaigns":false,"_monsterinsights_skip_tracking":false,"_monsterinsights_sitenote_active":false,"_monsterinsights_sitenote_note":"","_monsterinsights_sitenote_category":0},"product_brand":[],"product_cat":[49,43],"product_tag":[],"class_list":{"0":"post-4502","1":"product","2":"type-product","3":"status-publish","4":"has-post-thumbnail","6":"product_cat-cabernet-sauvignon","7":"product_cat-red-wines","8":"pa_alcohol-14-2","9":"pa_colour-red","10":"pa_country-croatia","11":"pa_region-slavonia-and-croatian-danube","12":"pa_residual-sugar-dry","13":"pa_vineyard-srijem","14":"pa_volume-750-ml","16":"first","17":"instock","18":"taxable","19":"shipping-taxable","20":"product-type-simple"},"_links":{"self":[{"href":"https:\/\/vinoljubac.hr\/hr\/wp-json\/wp\/v2\/product\/4502","targetHints":{"allow":["GET"]}}],"collection":[{"href":"https:\/\/vinoljubac.hr\/hr\/wp-json\/wp\/v2\/product"}],"about":[{"href":"https:\/\/vinoljubac.hr\/hr\/wp-json\/wp\/v2\/types\/product"}],"replies":[{"embeddable":true,"href":"https:\/\/vinoljubac.hr\/hr\/wp-json\/wp\/v2\/comments?post=4502"}],"version-history":[{"count":1,"href":"https:\/\/vinoljubac.hr\/hr\/wp-json\/wp\/v2\/product\/4502\/revisions"}],"predecessor-version":[{"id":11039,"href":"https:\/\/vinoljubac.hr\/hr\/wp-json\/wp\/v2\/product\/4502\/revisions\/11039"}],"wp:featuredmedia":[{"embeddable":true,"href":"https:\/\/vinoljubac.hr\/hr\/wp-json\/wp\/v2\/media\/6240"}],"wp:attachment":[{"href":"https:\/\/vinoljubac.hr\/hr\/wp-json\/wp\/v2\/media?parent=4502"}],"wp:term":[{"taxonomy":"product_brand","embeddable":true,"href":"https:\/\/vinoljubac.hr\/hr\/wp-json\/wp\/v2\/product_brand?post=4502"},{"taxonomy":"product_cat","embeddable":true,"href":"https:\/\/vinoljubac.hr\/hr\/wp-json\/wp\/v2\/product_cat?post=4502"},{"taxonomy":"product_tag","embeddable":true,"href":"https:\/\/vinoljubac.hr\/hr\/wp-json\/wp\/v2\/product_tag?post=4502"}],"curies":[{"name":"wp","href":"https:\/\/api.w.org\/{rel}","templated":true}]}}