{"id":4504,"date":"2022-06-28T20:50:27","date_gmt":"2022-06-28T18:50:27","guid":{"rendered":"https:\/\/vinoljubac.hr\/?post_type=product&#038;p=4504"},"modified":"2025-04-04T07:56:50","modified_gmt":"2025-04-04T05:56:50","slug":"nuic-cabernet-sauvignon","status":"publish","type":"product","link":"https:\/\/vinoljubac.hr\/hr\/proizvod\/nuic-cabernet-sauvignon\/","title":{"rendered":"NUI\u0106 CABERNET SAUVIGNON"},"content":{"rendered":"","protected":false},"excerpt":{"rendered":"<p>Vrhunsko vino koje se proizvodi u ograni\u010denim koli\u010dinama; kompleksnog, bogatog i elegantnog okusa. Bordo crvene boje, posjeduje arome su\u0161enog tamnog vo\u0107a, metvice, duhana i papra. Odle\u017ealo u hrastovim ba\u010dvama. Preporu\u010duje se konzumirati ga uz zrele sireve, pr\u0161ut, tamno meso, divlja\u010d i ribu s ro\u0161tilja na temperaturi od 18 \u00b0C.<\/p>","protected":false},"featured_media":6314,"comment_status":"open","ping_status":"closed","template":"","meta":{"om_disable_all_campaigns":false,"_monsterinsights_skip_tracking":false,"_monsterinsights_sitenote_active":false,"_monsterinsights_sitenote_note":"","_monsterinsights_sitenote_category":0},"product_brand":[],"product_cat":[49,43],"product_tag":[],"class_list":{"0":"post-4504","1":"product","2":"type-product","3":"status-publish","4":"has-post-thumbnail","6":"product_cat-cabernet-sauvignon","7":"product_cat-red-wines","8":"pa_alcohol-457","9":"pa_colour-red","10":"pa_country-bosnia-and-herzegovina","11":"pa_region-herzegovina","12":"pa_residual-sugar-dry","13":"pa_subregion-central-neretva","14":"pa_variety-cabernet-sauvignon","15":"pa_vineyard-mostar","16":"pa_volume-750-ml","18":"first","19":"instock","20":"taxable","21":"shipping-taxable","22":"product-type-simple"},"_links":{"self":[{"href":"https:\/\/vinoljubac.hr\/hr\/wp-json\/wp\/v2\/product\/4504","targetHints":{"allow":["GET"]}}],"collection":[{"href":"https:\/\/vinoljubac.hr\/hr\/wp-json\/wp\/v2\/product"}],"about":[{"href":"https:\/\/vinoljubac.hr\/hr\/wp-json\/wp\/v2\/types\/product"}],"replies":[{"embeddable":true,"href":"https:\/\/vinoljubac.hr\/hr\/wp-json\/wp\/v2\/comments?post=4504"}],"version-history":[{"count":1,"href":"https:\/\/vinoljubac.hr\/hr\/wp-json\/wp\/v2\/product\/4504\/revisions"}],"predecessor-version":[{"id":11140,"href":"https:\/\/vinoljubac.hr\/hr\/wp-json\/wp\/v2\/product\/4504\/revisions\/11140"}],"wp:featuredmedia":[{"embeddable":true,"href":"https:\/\/vinoljubac.hr\/hr\/wp-json\/wp\/v2\/media\/6314"}],"wp:attachment":[{"href":"https:\/\/vinoljubac.hr\/hr\/wp-json\/wp\/v2\/media?parent=4504"}],"wp:term":[{"taxonomy":"product_brand","embeddable":true,"href":"https:\/\/vinoljubac.hr\/hr\/wp-json\/wp\/v2\/product_brand?post=4504"},{"taxonomy":"product_cat","embeddable":true,"href":"https:\/\/vinoljubac.hr\/hr\/wp-json\/wp\/v2\/product_cat?post=4504"},{"taxonomy":"product_tag","embeddable":true,"href":"https:\/\/vinoljubac.hr\/hr\/wp-json\/wp\/v2\/product_tag?post=4504"}],"curies":[{"name":"wp","href":"https:\/\/api.w.org\/{rel}","templated":true}]}}