{"id":4506,"date":"2022-06-28T21:03:20","date_gmt":"2022-06-28T19:03:20","guid":{"rendered":"https:\/\/vinoljubac.hr\/?post_type=product&#038;p=4506"},"modified":"2025-04-01T14:42:16","modified_gmt":"2025-04-01T12:42:16","slug":"kabola-cabernet-sauvignon-2007","status":"publish","type":"product","link":"https:\/\/vinoljubac.hr\/hr\/proizvod\/kabola-cabernet-sauvignon-2007\/","title":{"rendered":"KABOLA CABERNET SAUVIGNON 2007."},"content":{"rendered":"","protected":false},"excerpt":{"rendered":"<p>Vino lijepe i \u017eivahne rubin crvene boje, bistro je i gusto. Na prvo mirisanje javlja se nota svje\u017ee maline potom dolazi nota vanilije te crnog papra pa onda malo mu\u0161katnog ora\u0161\u010di\u0107a i balzamika. Vino je suho, djelomi\u010dno toplo i gusto, a s druge strane ima lijepu svje\u017einu i fine tanine; ukusno je te ga krasi srednje tijelo. Dobro je izbalansirano, harmoni\u010dno je, fine kakvo\u0107e, a okus je intenzivan i trajan. Zavr\u0161etkom dominira zrela vi\u0161nja. Odli\u010dno se sla\u017ee s janje\u0107im kotletima s crnim tartufima.<\/p>","protected":false},"featured_media":6261,"comment_status":"open","ping_status":"closed","template":"","meta":{"om_disable_all_campaigns":false,"_monsterinsights_skip_tracking":false,"_monsterinsights_sitenote_active":false,"_monsterinsights_sitenote_note":"","_monsterinsights_sitenote_category":0},"product_brand":[],"product_cat":[49,43],"product_tag":[],"class_list":{"0":"post-4506","1":"product","2":"type-product","3":"status-publish","4":"has-post-thumbnail","6":"product_cat-cabernet-sauvignon","7":"product_cat-red-wines","8":"pa_alcohol-14-2","9":"pa_colour-red","10":"pa_country-croatia","11":"pa_region-istria-and-croatian-littoral","12":"pa_residual-sugar-dry","13":"pa_subregion-croatian-istria","14":"pa_variety-cabernet-sauvignon","15":"pa_vineyard-west-istria","16":"pa_volume-750-ml","18":"first","19":"instock","20":"taxable","21":"shipping-taxable","22":"product-type-simple"},"_links":{"self":[{"href":"https:\/\/vinoljubac.hr\/hr\/wp-json\/wp\/v2\/product\/4506","targetHints":{"allow":["GET"]}}],"collection":[{"href":"https:\/\/vinoljubac.hr\/hr\/wp-json\/wp\/v2\/product"}],"about":[{"href":"https:\/\/vinoljubac.hr\/hr\/wp-json\/wp\/v2\/types\/product"}],"replies":[{"embeddable":true,"href":"https:\/\/vinoljubac.hr\/hr\/wp-json\/wp\/v2\/comments?post=4506"}],"version-history":[{"count":1,"href":"https:\/\/vinoljubac.hr\/hr\/wp-json\/wp\/v2\/product\/4506\/revisions"}],"predecessor-version":[{"id":11068,"href":"https:\/\/vinoljubac.hr\/hr\/wp-json\/wp\/v2\/product\/4506\/revisions\/11068"}],"wp:featuredmedia":[{"embeddable":true,"href":"https:\/\/vinoljubac.hr\/hr\/wp-json\/wp\/v2\/media\/6261"}],"wp:attachment":[{"href":"https:\/\/vinoljubac.hr\/hr\/wp-json\/wp\/v2\/media?parent=4506"}],"wp:term":[{"taxonomy":"product_brand","embeddable":true,"href":"https:\/\/vinoljubac.hr\/hr\/wp-json\/wp\/v2\/product_brand?post=4506"},{"taxonomy":"product_cat","embeddable":true,"href":"https:\/\/vinoljubac.hr\/hr\/wp-json\/wp\/v2\/product_cat?post=4506"},{"taxonomy":"product_tag","embeddable":true,"href":"https:\/\/vinoljubac.hr\/hr\/wp-json\/wp\/v2\/product_tag?post=4506"}],"curies":[{"name":"wp","href":"https:\/\/api.w.org\/{rel}","templated":true}]}}