{"id":4508,"date":"2022-06-28T21:13:51","date_gmt":"2022-06-28T19:13:51","guid":{"rendered":"https:\/\/vinoljubac.hr\/?post_type=product&#038;p=4508"},"modified":"2025-08-08T10:04:50","modified_gmt":"2025-08-08T08:04:50","slug":"nuic-zilavka-top-quality","status":"publish","type":"product","link":"https:\/\/vinoljubac.hr\/hr\/proizvod\/nuic-zilavka-top-quality\/","title":{"rendered":"NUI\u0106 \u017dILAVKA VRHUNSKA"},"content":{"rendered":"","protected":false},"excerpt":{"rendered":"<p>Vrhunska autohtona sorta Hercegovine daje vino zelenkasto \u017eute boje. Na nepcu je svje\u017ee i uravnote\u017eeno, dugog i mineralnog zavr\u0161etka, a od aroma dominiraju zelena jabuka i agrumi. Mo\u017ee se poslu\u017eiti kao aperitiv ili uz sireve, tjesteninu, povr\u0107e, kuhanu janjetinu i jela od bijelog mesa i ribe na temperaturi od 10 do 12 \u00b0C.<\/p>","protected":false},"featured_media":6344,"comment_status":"open","ping_status":"closed","template":"","meta":{"om_disable_all_campaigns":false,"_monsterinsights_skip_tracking":false,"_monsterinsights_sitenote_active":false,"_monsterinsights_sitenote_note":"","_monsterinsights_sitenote_category":0},"product_brand":[],"product_cat":[44,171],"product_tag":[],"class_list":{"0":"post-4508","1":"product","2":"type-product","3":"status-publish","4":"has-post-thumbnail","6":"product_cat-white-wines","7":"product_cat-zilavka","8":"pa_alcohol-461","9":"pa_colour-white","10":"pa_country-bosnia-and-herzegovina","11":"pa_region-herzegovina","12":"pa_residual-sugar-dry","13":"pa_subregion-central-neretva","14":"pa_variety-zilavka","15":"pa_vineyard-mostar","16":"pa_volume-750-ml","18":"first","19":"instock","20":"taxable","21":"shipping-taxable","22":"product-type-simple"},"_links":{"self":[{"href":"https:\/\/vinoljubac.hr\/hr\/wp-json\/wp\/v2\/product\/4508","targetHints":{"allow":["GET"]}}],"collection":[{"href":"https:\/\/vinoljubac.hr\/hr\/wp-json\/wp\/v2\/product"}],"about":[{"href":"https:\/\/vinoljubac.hr\/hr\/wp-json\/wp\/v2\/types\/product"}],"replies":[{"embeddable":true,"href":"https:\/\/vinoljubac.hr\/hr\/wp-json\/wp\/v2\/comments?post=4508"}],"version-history":[{"count":1,"href":"https:\/\/vinoljubac.hr\/hr\/wp-json\/wp\/v2\/product\/4508\/revisions"}],"predecessor-version":[{"id":11147,"href":"https:\/\/vinoljubac.hr\/hr\/wp-json\/wp\/v2\/product\/4508\/revisions\/11147"}],"wp:featuredmedia":[{"embeddable":true,"href":"https:\/\/vinoljubac.hr\/hr\/wp-json\/wp\/v2\/media\/6344"}],"wp:attachment":[{"href":"https:\/\/vinoljubac.hr\/hr\/wp-json\/wp\/v2\/media?parent=4508"}],"wp:term":[{"taxonomy":"product_brand","embeddable":true,"href":"https:\/\/vinoljubac.hr\/hr\/wp-json\/wp\/v2\/product_brand?post=4508"},{"taxonomy":"product_cat","embeddable":true,"href":"https:\/\/vinoljubac.hr\/hr\/wp-json\/wp\/v2\/product_cat?post=4508"},{"taxonomy":"product_tag","embeddable":true,"href":"https:\/\/vinoljubac.hr\/hr\/wp-json\/wp\/v2\/product_tag?post=4508"}],"curies":[{"name":"wp","href":"https:\/\/api.w.org\/{rel}","templated":true}]}}