{"id":5380,"date":"2022-07-08T09:57:34","date_gmt":"2022-07-08T07:57:34","guid":{"rendered":"https:\/\/vinoljubac.hr\/?post_type=product&#038;p=5380"},"modified":"2025-08-08T10:04:49","modified_gmt":"2025-08-08T08:04:49","slug":"kabola-istrian-malvasia","status":"publish","type":"product","link":"https:\/\/vinoljubac.hr\/hr\/proizvod\/kabola-istrian-malvasia\/","title":{"rendered":"KABOLA MALVAZIJA"},"content":{"rendered":"","protected":false},"excerpt":{"rendered":"<p>Vino ima lijepu zelenkasto\u017eutu boju, kristalno je bistro i djelomi\u010dno gusto. Na nosu se otvaraju miris cvijeta bagrema, nota svje\u017ee jabuke i korice limete te lista mente. Vino je suho, djelomi\u010dno toplo i mekano, a s druge strane ima finu svje\u017einu te ugodnu mineralnost i srednje tijelo. U izvrsnom je balansu s izra\u017eenom intenzivno\u0161\u0107u okusa koji traje. Ukusno je, harmoni\u010dno i vrlo pitko, a na zavr\u0161etku se javlja nota breskve. Najbolje poslu\u017eiti uz istarski pr\u0161ut, ri\u017eoto sa \u0161kampima ili tjesteninu s tartufima.<\/p>","protected":false},"featured_media":6262,"comment_status":"open","ping_status":"closed","template":"","meta":{"om_disable_all_campaigns":false,"_monsterinsights_skip_tracking":false,"_monsterinsights_sitenote_active":false,"_monsterinsights_sitenote_note":"","_monsterinsights_sitenote_category":0},"product_brand":[],"product_cat":[184,44],"product_tag":[],"class_list":{"0":"post-5380","1":"product","2":"type-product","3":"status-publish","4":"has-post-thumbnail","6":"product_cat-malvazija","7":"product_cat-white-wines","8":"pa_alcohol-457","9":"pa_colour-white","10":"pa_country-croatia","11":"pa_region-istria-and-croatian-littoral","12":"pa_residual-sugar-dry","13":"pa_subregion-croatian-istria","14":"pa_variety-malvazija","15":"pa_vineyard-west-istria","16":"pa_volume-750-ml","18":"first","19":"instock","20":"taxable","21":"shipping-taxable","22":"product-type-simple"},"_links":{"self":[{"href":"https:\/\/vinoljubac.hr\/hr\/wp-json\/wp\/v2\/product\/5380","targetHints":{"allow":["GET"]}}],"collection":[{"href":"https:\/\/vinoljubac.hr\/hr\/wp-json\/wp\/v2\/product"}],"about":[{"href":"https:\/\/vinoljubac.hr\/hr\/wp-json\/wp\/v2\/types\/product"}],"replies":[{"embeddable":true,"href":"https:\/\/vinoljubac.hr\/hr\/wp-json\/wp\/v2\/comments?post=5380"}],"version-history":[{"count":1,"href":"https:\/\/vinoljubac.hr\/hr\/wp-json\/wp\/v2\/product\/5380\/revisions"}],"predecessor-version":[{"id":11069,"href":"https:\/\/vinoljubac.hr\/hr\/wp-json\/wp\/v2\/product\/5380\/revisions\/11069"}],"wp:featuredmedia":[{"embeddable":true,"href":"https:\/\/vinoljubac.hr\/hr\/wp-json\/wp\/v2\/media\/6262"}],"wp:attachment":[{"href":"https:\/\/vinoljubac.hr\/hr\/wp-json\/wp\/v2\/media?parent=5380"}],"wp:term":[{"taxonomy":"product_brand","embeddable":true,"href":"https:\/\/vinoljubac.hr\/hr\/wp-json\/wp\/v2\/product_brand?post=5380"},{"taxonomy":"product_cat","embeddable":true,"href":"https:\/\/vinoljubac.hr\/hr\/wp-json\/wp\/v2\/product_cat?post=5380"},{"taxonomy":"product_tag","embeddable":true,"href":"https:\/\/vinoljubac.hr\/hr\/wp-json\/wp\/v2\/product_tag?post=5380"}],"curies":[{"name":"wp","href":"https:\/\/api.w.org\/{rel}","templated":true}]}}