{"id":5382,"date":"2022-07-08T10:09:31","date_gmt":"2022-07-08T08:09:31","guid":{"rendered":"https:\/\/vinoljubac.hr\/?post_type=product&#038;p=5382"},"modified":"2025-11-09T20:53:50","modified_gmt":"2025-11-09T19:53:50","slug":"nuic-syrah","status":"publish","type":"product","link":"https:\/\/vinoljubac.hr\/hr\/proizvod\/nuic-syrah\/","title":{"rendered":"NUI\u0106 SYRAH PREMIUM"},"content":{"rendered":"","protected":false},"excerpt":{"rendered":"<p>Vrhunsko suho vino tamnocrvene boje s crnim notama, rasko\u0161nog, mo\u0107nog, kompleksnog i dugotrajnog okusa. Prevladavaju arome dima, ko\u017ee, kave, roga\u010da i tamnog su\u0161enog vo\u0107a. Odle\u017ealo 12 mjeseci u barrique ba\u010dvama. Odli\u010dno se sla\u017ee s odrescima, divlja\u010di, pe\u010denom janjetinom ili patkom te paprika\u0161em. Po\u017eeljno je poslu\u017eiti ga na temperaturi od 18 \u00b0C.<\/p>","protected":false},"featured_media":6319,"comment_status":"open","ping_status":"closed","template":"","meta":{"om_disable_all_campaigns":false,"_monsterinsights_skip_tracking":false,"_monsterinsights_sitenote_active":false,"_monsterinsights_sitenote_note":"","_monsterinsights_sitenote_category":0},"product_brand":[],"product_cat":[43,158],"product_tag":[],"class_list":{"0":"post-5382","1":"product","2":"type-product","3":"status-publish","4":"has-post-thumbnail","6":"product_cat-red-wines","7":"product_cat-syrah","8":"pa_alcohol-136","9":"pa_colour-red","10":"pa_country-bosnia-and-herzegovina","11":"pa_region-herzegovina","12":"pa_residual-sugar-dry","13":"pa_subregion-central-neretva","14":"pa_variety-syrah","15":"pa_vineyard-mostar","16":"pa_volume-750-ml","18":"first","19":"instock","20":"taxable","21":"shipping-taxable","22":"product-type-simple"},"_links":{"self":[{"href":"https:\/\/vinoljubac.hr\/hr\/wp-json\/wp\/v2\/product\/5382","targetHints":{"allow":["GET"]}}],"collection":[{"href":"https:\/\/vinoljubac.hr\/hr\/wp-json\/wp\/v2\/product"}],"about":[{"href":"https:\/\/vinoljubac.hr\/hr\/wp-json\/wp\/v2\/types\/product"}],"replies":[{"embeddable":true,"href":"https:\/\/vinoljubac.hr\/hr\/wp-json\/wp\/v2\/comments?post=5382"}],"version-history":[{"count":1,"href":"https:\/\/vinoljubac.hr\/hr\/wp-json\/wp\/v2\/product\/5382\/revisions"}],"predecessor-version":[{"id":11145,"href":"https:\/\/vinoljubac.hr\/hr\/wp-json\/wp\/v2\/product\/5382\/revisions\/11145"}],"wp:featuredmedia":[{"embeddable":true,"href":"https:\/\/vinoljubac.hr\/hr\/wp-json\/wp\/v2\/media\/6319"}],"wp:attachment":[{"href":"https:\/\/vinoljubac.hr\/hr\/wp-json\/wp\/v2\/media?parent=5382"}],"wp:term":[{"taxonomy":"product_brand","embeddable":true,"href":"https:\/\/vinoljubac.hr\/hr\/wp-json\/wp\/v2\/product_brand?post=5382"},{"taxonomy":"product_cat","embeddable":true,"href":"https:\/\/vinoljubac.hr\/hr\/wp-json\/wp\/v2\/product_cat?post=5382"},{"taxonomy":"product_tag","embeddable":true,"href":"https:\/\/vinoljubac.hr\/hr\/wp-json\/wp\/v2\/product_tag?post=5382"}],"curies":[{"name":"wp","href":"https:\/\/api.w.org\/{rel}","templated":true}]}}