{"id":5405,"date":"2022-07-08T12:15:15","date_gmt":"2022-07-08T10:15:15","guid":{"rendered":"https:\/\/vinoljubac.hr\/?post_type=product&#038;p=5405"},"modified":"2024-02-15T13:30:41","modified_gmt":"2024-02-15T12:30:41","slug":"boskinac-red","status":"publish","type":"product","link":"https:\/\/vinoljubac.hr\/hr\/proizvod\/boskinac-red\/","title":{"rendered":"BO\u0160KINAC CUV\u00c9E"},"content":{"rendered":"","protected":false},"excerpt":{"rendered":"<p>Suho vino, punog tijela, odli\u010dne strukture, kompleksnog bukea. Meke taninske strukture, prepoznatljive arome crvenog ribiza i mineralnih nota. Vrlo dugog i ugodnog zavr\u0161etka. Odli\u010dno pristaje uz zrelu pa\u0161ku janjetinu, sve vrste odrezaka i odle\u017eani pa\u0161ki sir.<\/p>","protected":false},"featured_media":6233,"comment_status":"open","ping_status":"closed","template":"","meta":{"om_disable_all_campaigns":false,"_monsterinsights_skip_tracking":false,"_monsterinsights_sitenote_active":false,"_monsterinsights_sitenote_note":"","_monsterinsights_sitenote_category":0},"product_brand":[],"product_cat":[49,46,43],"product_tag":[],"class_list":{"0":"post-5405","1":"product","2":"type-product","3":"status-publish","4":"has-post-thumbnail","6":"product_cat-cabernet-sauvignon","7":"product_cat-merlot","8":"product_cat-red-wines","9":"pa_alcohol-457","10":"pa_colour-red","11":"pa_country-croatia","12":"pa_region-istria-and-croatian-littoral","13":"pa_residual-sugar-dry","14":"pa_subregion-kvarner-and-croatian-littoral","15":"pa_variety-cabernet-sauvignon","16":"pa_variety-merlot","17":"pa_vineyard-pag","18":"pa_volume-750-ml","20":"first","21":"instock","22":"taxable","23":"shipping-taxable","24":"product-type-simple"},"_links":{"self":[{"href":"https:\/\/vinoljubac.hr\/hr\/wp-json\/wp\/v2\/product\/5405","targetHints":{"allow":["GET"]}}],"collection":[{"href":"https:\/\/vinoljubac.hr\/hr\/wp-json\/wp\/v2\/product"}],"about":[{"href":"https:\/\/vinoljubac.hr\/hr\/wp-json\/wp\/v2\/types\/product"}],"replies":[{"embeddable":true,"href":"https:\/\/vinoljubac.hr\/hr\/wp-json\/wp\/v2\/comments?post=5405"}],"version-history":[{"count":0,"href":"https:\/\/vinoljubac.hr\/hr\/wp-json\/wp\/v2\/product\/5405\/revisions"}],"wp:featuredmedia":[{"embeddable":true,"href":"https:\/\/vinoljubac.hr\/hr\/wp-json\/wp\/v2\/media\/6233"}],"wp:attachment":[{"href":"https:\/\/vinoljubac.hr\/hr\/wp-json\/wp\/v2\/media?parent=5405"}],"wp:term":[{"taxonomy":"product_brand","embeddable":true,"href":"https:\/\/vinoljubac.hr\/hr\/wp-json\/wp\/v2\/product_brand?post=5405"},{"taxonomy":"product_cat","embeddable":true,"href":"https:\/\/vinoljubac.hr\/hr\/wp-json\/wp\/v2\/product_cat?post=5405"},{"taxonomy":"product_tag","embeddable":true,"href":"https:\/\/vinoljubac.hr\/hr\/wp-json\/wp\/v2\/product_tag?post=5405"}],"curies":[{"name":"wp","href":"https:\/\/api.w.org\/{rel}","templated":true}]}}