{"id":5407,"date":"2022-07-08T12:44:15","date_gmt":"2022-07-08T10:44:15","guid":{"rendered":"https:\/\/vinoljubac.hr\/?post_type=product&#038;p=5407"},"modified":"2026-02-19T14:02:31","modified_gmt":"2026-02-19T13:02:31","slug":"trnjak-nuic","status":"publish","type":"product","link":"https:\/\/vinoljubac.hr\/hr\/proizvod\/trnjak-nuic\/","title":{"rendered":"NUI\u0106 TRNJAK PREMIUM"},"content":{"rendered":"","protected":false},"excerpt":{"rendered":"<p>Vino autohtone hercegova\u010dke sorte Trnjak crvene boje s tamnoljubi\u010dastim odsjajem. Robusnog, harmoni\u010dnog i trajnog okusa s aromama \u010dokolade, crnog papra, kave, ko\u017ee i dima. Odli\u010dno se sla\u017ee s mesom s ro\u0161tilja, odrescima, divlja\u010di i pr\u0161utom, a najbolje ga je poslu\u017eiti na temperaturi od 18 \u00b0C.<\/p>","protected":false},"featured_media":6367,"comment_status":"open","ping_status":"closed","template":"","meta":{"om_disable_all_campaigns":false,"_monsterinsights_skip_tracking":false,"_monsterinsights_sitenote_active":false,"_monsterinsights_sitenote_note":"","_monsterinsights_sitenote_category":0},"product_brand":[],"product_cat":[43,203],"product_tag":[],"class_list":{"0":"post-5407","1":"product","2":"type-product","3":"status-publish","4":"has-post-thumbnail","6":"product_cat-red-wines","7":"product_cat-trnjak-red-wines","8":"pa_alcohol-497","9":"pa_colour-red","10":"pa_country-bosnia-and-herzegovina","11":"pa_region-herzegovina","12":"pa_residual-sugar-dry","13":"pa_subregion-central-neretva","14":"pa_variety-trnjak","15":"pa_vineyard-mostar","16":"pa_volume-750-ml","18":"first","19":"outofstock","20":"taxable","21":"shipping-taxable","22":"product-type-simple"},"_links":{"self":[{"href":"https:\/\/vinoljubac.hr\/hr\/wp-json\/wp\/v2\/product\/5407","targetHints":{"allow":["GET"]}}],"collection":[{"href":"https:\/\/vinoljubac.hr\/hr\/wp-json\/wp\/v2\/product"}],"about":[{"href":"https:\/\/vinoljubac.hr\/hr\/wp-json\/wp\/v2\/types\/product"}],"replies":[{"embeddable":true,"href":"https:\/\/vinoljubac.hr\/hr\/wp-json\/wp\/v2\/comments?post=5407"}],"version-history":[{"count":1,"href":"https:\/\/vinoljubac.hr\/hr\/wp-json\/wp\/v2\/product\/5407\/revisions"}],"predecessor-version":[{"id":11403,"href":"https:\/\/vinoljubac.hr\/hr\/wp-json\/wp\/v2\/product\/5407\/revisions\/11403"}],"wp:featuredmedia":[{"embeddable":true,"href":"https:\/\/vinoljubac.hr\/hr\/wp-json\/wp\/v2\/media\/6367"}],"wp:attachment":[{"href":"https:\/\/vinoljubac.hr\/hr\/wp-json\/wp\/v2\/media?parent=5407"}],"wp:term":[{"taxonomy":"product_brand","embeddable":true,"href":"https:\/\/vinoljubac.hr\/hr\/wp-json\/wp\/v2\/product_brand?post=5407"},{"taxonomy":"product_cat","embeddable":true,"href":"https:\/\/vinoljubac.hr\/hr\/wp-json\/wp\/v2\/product_cat?post=5407"},{"taxonomy":"product_tag","embeddable":true,"href":"https:\/\/vinoljubac.hr\/hr\/wp-json\/wp\/v2\/product_tag?post=5407"}],"curies":[{"name":"wp","href":"https:\/\/api.w.org\/{rel}","templated":true}]}}