{"id":5421,"date":"2022-07-11T06:07:26","date_gmt":"2022-07-11T04:07:26","guid":{"rendered":"https:\/\/vinoljubac.hr\/?post_type=product&#038;p=5421"},"modified":"2024-01-16T11:02:17","modified_gmt":"2024-01-16T10:02:17","slug":"enosophia-miraz-frankovka","status":"publish","type":"product","link":"https:\/\/vinoljubac.hr\/hr\/proizvod\/enosophia-miraz-frankovka\/","title":{"rendered":"ENOSOPHIA MIRAZ FRANKOVKA"},"content":{"rendered":"","protected":false},"excerpt":{"rendered":"<p id=\"tw-target-text\" class=\"tw-data-text tw-text-large tw-ta\" dir=\"ltr\" data-placeholder=\"Prijevod\"><span class=\"Y2IQFc\" lang=\"en\">Vino duboke crvene boje s ljubi\u010dastim odsjajem, nagla\u0161enog sortnog mirisa u kojem prevladavaju note vi\u0161nje i tamne \u010dokolade, uz pratnju slatkih za\u010dina i herbalne note maline. Intenzivnog i zavodljivog okusa s jasnom taninskom strukturom koji ostaje dugo u ustima i grlu. Idealan par uz hladna predjela od su\u0161enog mesa i zrele kravlje sireve. Vrhunski prati mesne specijalitete divlja\u010di, janjetine i govedine kao i tradicionalne, za\u010dinjene kotli\u0107e. Tako\u0111er se fino sljubljuje s delicijama spremljenim od rije\u010dnih riba.<\/span><\/p>","protected":false},"featured_media":6290,"comment_status":"open","ping_status":"closed","template":"","meta":{"om_disable_all_campaigns":false,"_monsterinsights_skip_tracking":false,"_monsterinsights_sitenote_active":false,"_monsterinsights_sitenote_note":"","_monsterinsights_sitenote_category":0},"product_brand":[],"product_cat":[192,43],"product_tag":[],"class_list":{"0":"post-5421","1":"product","2":"type-product","3":"status-publish","4":"has-post-thumbnail","6":"product_cat-frankovka","7":"product_cat-red-wines","8":"pa_alcohol-457","9":"pa_colour-red","10":"pa_country-croatia","11":"pa_region-slavonia-and-croatian-danube","12":"pa_residual-sugar-dry","13":"pa_subregion-slavonia","14":"pa_variety-frankovka","15":"pa_vineyard-fericanci","16":"pa_volume-750-ml","18":"first","19":"instock","20":"taxable","21":"shipping-taxable","22":"product-type-simple"},"_links":{"self":[{"href":"https:\/\/vinoljubac.hr\/hr\/wp-json\/wp\/v2\/product\/5421","targetHints":{"allow":["GET"]}}],"collection":[{"href":"https:\/\/vinoljubac.hr\/hr\/wp-json\/wp\/v2\/product"}],"about":[{"href":"https:\/\/vinoljubac.hr\/hr\/wp-json\/wp\/v2\/types\/product"}],"replies":[{"embeddable":true,"href":"https:\/\/vinoljubac.hr\/hr\/wp-json\/wp\/v2\/comments?post=5421"}],"version-history":[{"count":0,"href":"https:\/\/vinoljubac.hr\/hr\/wp-json\/wp\/v2\/product\/5421\/revisions"}],"wp:featuredmedia":[{"embeddable":true,"href":"https:\/\/vinoljubac.hr\/hr\/wp-json\/wp\/v2\/media\/6290"}],"wp:attachment":[{"href":"https:\/\/vinoljubac.hr\/hr\/wp-json\/wp\/v2\/media?parent=5421"}],"wp:term":[{"taxonomy":"product_brand","embeddable":true,"href":"https:\/\/vinoljubac.hr\/hr\/wp-json\/wp\/v2\/product_brand?post=5421"},{"taxonomy":"product_cat","embeddable":true,"href":"https:\/\/vinoljubac.hr\/hr\/wp-json\/wp\/v2\/product_cat?post=5421"},{"taxonomy":"product_tag","embeddable":true,"href":"https:\/\/vinoljubac.hr\/hr\/wp-json\/wp\/v2\/product_tag?post=5421"}],"curies":[{"name":"wp","href":"https:\/\/api.w.org\/{rel}","templated":true}]}}