{"id":5427,"date":"2022-07-11T06:23:35","date_gmt":"2022-07-11T04:23:35","guid":{"rendered":"https:\/\/vinoljubac.hr\/?post_type=product&#038;p=5427"},"modified":"2025-04-04T07:37:16","modified_gmt":"2025-04-04T05:37:16","slug":"meneghetti-red","status":"publish","type":"product","link":"https:\/\/vinoljubac.hr\/hr\/proizvod\/meneghetti-red\/","title":{"rendered":"MENEGHETTI RED"},"content":{"rendered":"","protected":false},"excerpt":{"rendered":"<p>Duboka rubin crvena boja. U nosu dominiraju mirisi izvrsne kakvo\u0107e malina i ribiza s nagla\u0161enim za\u010dinskim notama vanilije, dima, kave i cimeta. \u017divo, vo\u0107no, mekano, kompleksno vino mineralnog okusa s finim taninima koji daju izrazito dugi zavr\u0161etak okusa. Odli\u010dno prati crvena mesa, divlja\u010d i suhe tvrde sireve. Vino ima veliki potencijal za odle\u017eavanje.<\/p>","protected":false},"featured_media":6285,"comment_status":"open","ping_status":"closed","template":"","meta":{"om_disable_all_campaigns":false,"_monsterinsights_skip_tracking":false,"_monsterinsights_sitenote_active":false,"_monsterinsights_sitenote_note":"","_monsterinsights_sitenote_category":0},"product_brand":[],"product_cat":[205,49,46,43],"product_tag":[],"class_list":{"0":"post-5427","1":"product","2":"type-product","3":"status-publish","4":"has-post-thumbnail","6":"product_cat-cabernet-franc","7":"product_cat-cabernet-sauvignon","8":"product_cat-merlot","9":"product_cat-red-wines","10":"pa_alcohol-457","11":"pa_colour-red","12":"pa_country-croatia","13":"pa_region-istria-and-croatian-littoral","14":"pa_residual-sugar-dry","15":"pa_subregion-croatian-istria","16":"pa_variety-cabernet-franc","17":"pa_variety-cabernet-sauvignon","18":"pa_variety-merlot","19":"pa_vineyard-west-istria","20":"pa_volume-750-ml","22":"first","23":"instock","24":"taxable","25":"shipping-taxable","26":"product-type-simple"},"_links":{"self":[{"href":"https:\/\/vinoljubac.hr\/hr\/wp-json\/wp\/v2\/product\/5427","targetHints":{"allow":["GET"]}}],"collection":[{"href":"https:\/\/vinoljubac.hr\/hr\/wp-json\/wp\/v2\/product"}],"about":[{"href":"https:\/\/vinoljubac.hr\/hr\/wp-json\/wp\/v2\/types\/product"}],"replies":[{"embeddable":true,"href":"https:\/\/vinoljubac.hr\/hr\/wp-json\/wp\/v2\/comments?post=5427"}],"version-history":[{"count":1,"href":"https:\/\/vinoljubac.hr\/hr\/wp-json\/wp\/v2\/product\/5427\/revisions"}],"predecessor-version":[{"id":11122,"href":"https:\/\/vinoljubac.hr\/hr\/wp-json\/wp\/v2\/product\/5427\/revisions\/11122"}],"wp:featuredmedia":[{"embeddable":true,"href":"https:\/\/vinoljubac.hr\/hr\/wp-json\/wp\/v2\/media\/6285"}],"wp:attachment":[{"href":"https:\/\/vinoljubac.hr\/hr\/wp-json\/wp\/v2\/media?parent=5427"}],"wp:term":[{"taxonomy":"product_brand","embeddable":true,"href":"https:\/\/vinoljubac.hr\/hr\/wp-json\/wp\/v2\/product_brand?post=5427"},{"taxonomy":"product_cat","embeddable":true,"href":"https:\/\/vinoljubac.hr\/hr\/wp-json\/wp\/v2\/product_cat?post=5427"},{"taxonomy":"product_tag","embeddable":true,"href":"https:\/\/vinoljubac.hr\/hr\/wp-json\/wp\/v2\/product_tag?post=5427"}],"curies":[{"name":"wp","href":"https:\/\/api.w.org\/{rel}","templated":true}]}}