{"id":5445,"date":"2022-07-11T11:05:37","date_gmt":"2022-07-11T09:05:37","guid":{"rendered":"https:\/\/vinoljubac.hr\/?post_type=product&#038;p=5445"},"modified":"2025-11-30T19:04:52","modified_gmt":"2025-11-30T18:04:52","slug":"kabola-unica-malvasia","status":"publish","type":"product","link":"https:\/\/vinoljubac.hr\/hr\/proizvod\/kabola-unica-malvasia\/","title":{"rendered":"KABOLA UNICA MALVAZIJA"},"content":{"rendered":"","protected":false},"excerpt":{"rendered":"<p>Vino krasi lijepa slamnato\u017euta boja sa zlatnim rubovima, kristalno je bistro i gusto. Na prvo mirisanje javlja se nota zrele kru\u0161ke koju prati nota suhe trave pa suhog badema i suhe smokve. Vino je suho, toplo i mekano, a s druge strane svje\u017ee. Tanini su blago prisutni, a vino je ukusno, mineralno i punog tijela. Izvrsno je izbalansirano, ima izra\u017eenu intenzivnost i kakvo\u0107u okusa i jako dobru trajnost. Zavr\u0161etak ovog harmoni\u010dnog vina obilje\u017een je notom maslaca i gor\u010dinom badema. Poslu\u017eiti uz ribu ili bijelo meso.<\/p>\n<p>&nbsp;<\/p>","protected":false},"featured_media":6267,"comment_status":"open","ping_status":"closed","template":"","meta":{"om_disable_all_campaigns":false,"_monsterinsights_skip_tracking":false,"_monsterinsights_sitenote_active":false,"_monsterinsights_sitenote_note":"","_monsterinsights_sitenote_category":0},"product_brand":[],"product_cat":[184,44],"product_tag":[],"class_list":{"0":"post-5445","1":"product","2":"type-product","3":"status-publish","4":"has-post-thumbnail","6":"product_cat-malvazija","7":"product_cat-white-wines","8":"pa_alcohol-483","9":"pa_colour-white","10":"pa_country-croatia","11":"pa_region-istria-and-croatian-littoral","12":"pa_residual-sugar-dry","13":"pa_subregion-croatian-istria","14":"pa_variety-malvazija","15":"pa_vineyard-west-istria","16":"pa_volume-750-ml","18":"first","19":"instock","20":"taxable","21":"shipping-taxable","22":"product-type-simple"},"_links":{"self":[{"href":"https:\/\/vinoljubac.hr\/hr\/wp-json\/wp\/v2\/product\/5445","targetHints":{"allow":["GET"]}}],"collection":[{"href":"https:\/\/vinoljubac.hr\/hr\/wp-json\/wp\/v2\/product"}],"about":[{"href":"https:\/\/vinoljubac.hr\/hr\/wp-json\/wp\/v2\/types\/product"}],"replies":[{"embeddable":true,"href":"https:\/\/vinoljubac.hr\/hr\/wp-json\/wp\/v2\/comments?post=5445"}],"version-history":[{"count":1,"href":"https:\/\/vinoljubac.hr\/hr\/wp-json\/wp\/v2\/product\/5445\/revisions"}],"predecessor-version":[{"id":11074,"href":"https:\/\/vinoljubac.hr\/hr\/wp-json\/wp\/v2\/product\/5445\/revisions\/11074"}],"wp:featuredmedia":[{"embeddable":true,"href":"https:\/\/vinoljubac.hr\/hr\/wp-json\/wp\/v2\/media\/6267"}],"wp:attachment":[{"href":"https:\/\/vinoljubac.hr\/hr\/wp-json\/wp\/v2\/media?parent=5445"}],"wp:term":[{"taxonomy":"product_brand","embeddable":true,"href":"https:\/\/vinoljubac.hr\/hr\/wp-json\/wp\/v2\/product_brand?post=5445"},{"taxonomy":"product_cat","embeddable":true,"href":"https:\/\/vinoljubac.hr\/hr\/wp-json\/wp\/v2\/product_cat?post=5445"},{"taxonomy":"product_tag","embeddable":true,"href":"https:\/\/vinoljubac.hr\/hr\/wp-json\/wp\/v2\/product_tag?post=5445"}],"curies":[{"name":"wp","href":"https:\/\/api.w.org\/{rel}","templated":true}]}}