{"id":5490,"date":"2022-07-12T06:11:24","date_gmt":"2022-07-12T04:11:24","guid":{"rendered":"https:\/\/vinoljubac.hr\/?post_type=product&#038;p=5490"},"modified":"2025-11-30T19:04:52","modified_gmt":"2025-11-30T18:04:52","slug":"zlatan-plavac-grand-select","status":"publish","type":"product","link":"https:\/\/vinoljubac.hr\/hr\/proizvod\/zlatan-plavac-grand-select\/","title":{"rendered":"ZLATAN PLAVAC GRAND SELECT"},"content":{"rendered":"","protected":false},"excerpt":{"rendered":"<p>Zlatan Plavac Grand Select vrhunsko je vino iznimnih svojstava, tamne rubinske boje, izra\u017eajna, lijepa mirisa, odli\u010dno uravnote\u017eenih alkohola i kiselina. Zaokru\u017eeno vino punog tijela, bogate i sna\u017ene, ali elegantne i bar\u0161unaste taninske strukture. Vino izra\u017eajnih i kompleksnih aroma poput, tamnog vo\u0107a, dalmatinskog bilja, duhana, drva, vanilije i papra. Impresivna i profinjena ekspresija hvarskog teroara - poput najfinije svile u \u010da\u0161i koja ostavlja dugotrajan, bogat okus na nepcu. Za u\u017eivanje nakon jela ili uz tvrde sireve, fini odrezak, pa\u0161ticadu, brudet ili \u010dak tamnu \u010dokoladu.<\/p>","protected":false},"featured_media":6629,"comment_status":"open","ping_status":"closed","template":"","meta":{"om_disable_all_campaigns":false,"_monsterinsights_skip_tracking":false,"_monsterinsights_sitenote_active":false,"_monsterinsights_sitenote_note":"","_monsterinsights_sitenote_category":0},"product_brand":[],"product_cat":[106,43],"product_tag":[45],"class_list":{"0":"post-5490","1":"product","2":"type-product","3":"status-publish","4":"has-post-thumbnail","6":"product_cat-plavac-mali","7":"product_cat-red-wines","8":"product_tag-red-wine","9":"pa_alcohol-136","10":"pa_colour-red","11":"pa_country-croatia","12":"pa_region-dalmatia","13":"pa_residual-sugar-dry","14":"pa_subregion-central-and-south-dalmatia","15":"pa_variety-plavac-mali","16":"pa_vineyard-hvar","17":"pa_volume-750-ml","19":"first","20":"instock","21":"taxable","22":"shipping-taxable","23":"product-type-simple"},"_links":{"self":[{"href":"https:\/\/vinoljubac.hr\/hr\/wp-json\/wp\/v2\/product\/5490","targetHints":{"allow":["GET"]}}],"collection":[{"href":"https:\/\/vinoljubac.hr\/hr\/wp-json\/wp\/v2\/product"}],"about":[{"href":"https:\/\/vinoljubac.hr\/hr\/wp-json\/wp\/v2\/types\/product"}],"replies":[{"embeddable":true,"href":"https:\/\/vinoljubac.hr\/hr\/wp-json\/wp\/v2\/comments?post=5490"}],"version-history":[{"count":1,"href":"https:\/\/vinoljubac.hr\/hr\/wp-json\/wp\/v2\/product\/5490\/revisions"}],"predecessor-version":[{"id":11223,"href":"https:\/\/vinoljubac.hr\/hr\/wp-json\/wp\/v2\/product\/5490\/revisions\/11223"}],"wp:featuredmedia":[{"embeddable":true,"href":"https:\/\/vinoljubac.hr\/hr\/wp-json\/wp\/v2\/media\/6629"}],"wp:attachment":[{"href":"https:\/\/vinoljubac.hr\/hr\/wp-json\/wp\/v2\/media?parent=5490"}],"wp:term":[{"taxonomy":"product_brand","embeddable":true,"href":"https:\/\/vinoljubac.hr\/hr\/wp-json\/wp\/v2\/product_brand?post=5490"},{"taxonomy":"product_cat","embeddable":true,"href":"https:\/\/vinoljubac.hr\/hr\/wp-json\/wp\/v2\/product_cat?post=5490"},{"taxonomy":"product_tag","embeddable":true,"href":"https:\/\/vinoljubac.hr\/hr\/wp-json\/wp\/v2\/product_tag?post=5490"}],"curies":[{"name":"wp","href":"https:\/\/api.w.org\/{rel}","templated":true}]}}