{"id":5496,"date":"2022-07-12T06:35:31","date_gmt":"2022-07-12T04:35:31","guid":{"rendered":"https:\/\/vinoljubac.hr\/?post_type=product&#038;p=5496"},"modified":"2024-02-22T08:28:56","modified_gmt":"2024-02-22T07:28:56","slug":"matusko-dingac","status":"publish","type":"product","link":"https:\/\/vinoljubac.hr\/hr\/proizvod\/matusko-dingac\/","title":{"rendered":"MATU\u0160KO DINGA\u010c"},"content":{"rendered":"","protected":false},"excerpt":{"rendered":"<p>Vino tamnocrvene rubinske boje, punog tijela i uravnote\u017eenih tanina. Oplemenjuju ga arome borovnice, kupine, suhe \u0161ljive, crne vi\u0161nje, vanilije, tosta i paljenog drva. Odle\u017ealo jednu do dvije godine u hrastovim ba\u010dvama. Idealno je poslu\u017eiti ga uz bogatu hranu; crveno meso i tvrde sireve na temperaturi od 13 do 16 \u00b0C.<\/p>","protected":false},"featured_media":6281,"comment_status":"open","ping_status":"closed","template":"","meta":{"om_disable_all_campaigns":false,"_monsterinsights_skip_tracking":false,"_monsterinsights_sitenote_active":false,"_monsterinsights_sitenote_note":"","_monsterinsights_sitenote_category":0},"product_brand":[],"product_cat":[120,106,43],"product_tag":[],"class_list":{"0":"post-5496","1":"product","2":"type-product","3":"status-publish","4":"has-post-thumbnail","6":"product_cat-dingac","7":"product_cat-plavac-mali","8":"product_cat-red-wines","9":"pa_alcohol-483","10":"pa_colour-red","11":"pa_country-croatia","12":"pa_region-dalmatia","13":"pa_residual-sugar-dry","14":"pa_subregion-central-and-south-dalmatia","15":"pa_variety-plavac-mali","16":"pa_vineyard-peljesac","17":"pa_volume-750-ml","19":"first","20":"instock","21":"taxable","22":"shipping-taxable","23":"product-type-simple"},"_links":{"self":[{"href":"https:\/\/vinoljubac.hr\/hr\/wp-json\/wp\/v2\/product\/5496","targetHints":{"allow":["GET"]}}],"collection":[{"href":"https:\/\/vinoljubac.hr\/hr\/wp-json\/wp\/v2\/product"}],"about":[{"href":"https:\/\/vinoljubac.hr\/hr\/wp-json\/wp\/v2\/types\/product"}],"replies":[{"embeddable":true,"href":"https:\/\/vinoljubac.hr\/hr\/wp-json\/wp\/v2\/comments?post=5496"}],"version-history":[{"count":0,"href":"https:\/\/vinoljubac.hr\/hr\/wp-json\/wp\/v2\/product\/5496\/revisions"}],"wp:featuredmedia":[{"embeddable":true,"href":"https:\/\/vinoljubac.hr\/hr\/wp-json\/wp\/v2\/media\/6281"}],"wp:attachment":[{"href":"https:\/\/vinoljubac.hr\/hr\/wp-json\/wp\/v2\/media?parent=5496"}],"wp:term":[{"taxonomy":"product_brand","embeddable":true,"href":"https:\/\/vinoljubac.hr\/hr\/wp-json\/wp\/v2\/product_brand?post=5496"},{"taxonomy":"product_cat","embeddable":true,"href":"https:\/\/vinoljubac.hr\/hr\/wp-json\/wp\/v2\/product_cat?post=5496"},{"taxonomy":"product_tag","embeddable":true,"href":"https:\/\/vinoljubac.hr\/hr\/wp-json\/wp\/v2\/product_tag?post=5496"}],"curies":[{"name":"wp","href":"https:\/\/api.w.org\/{rel}","templated":true}]}}