{"id":5502,"date":"2022-07-12T07:00:22","date_gmt":"2022-07-12T05:00:22","guid":{"rendered":"https:\/\/vinoljubac.hr\/?post_type=product&#038;p=5502"},"modified":"2024-08-21T14:13:53","modified_gmt":"2024-08-21T12:13:53","slug":"meneghetti-white","status":"publish","type":"product","link":"https:\/\/vinoljubac.hr\/hr\/proizvod\/meneghetti-white\/","title":{"rendered":"MENEGHETTI WHITE"},"content":{"rendered":"","protected":false},"excerpt":{"rendered":"<p>Vino slamnato \u017eute boje sa zlatnom refleksijom. U nosu vrlo kompleksnog mirisa s nagla\u0161enim notama ananasa, citrusa i dinje dok se u pozadini otvaraju note maslaca, tostiranih lje\u0161njaka, finog drva i vanilije. Na nepcu djeluje bogato i koncentrirano, kremaste je teksture sa zrelijim kiselinama. Zavr\u0161etak okusa je dug i harmoni\u010dan. Sla\u017ee se s ribom iz pe\u0107nice, bijelim mesom, pernatom divlja\u010di i teletinom, a ide i uz poluodle\u017eane sireve.<\/p>","protected":false},"featured_media":6286,"comment_status":"open","ping_status":"closed","template":"","meta":{"om_disable_all_campaigns":false,"_monsterinsights_skip_tracking":false,"_monsterinsights_sitenote_active":false,"_monsterinsights_sitenote_note":"","_monsterinsights_sitenote_category":0},"product_brand":[],"product_cat":[52,221,44],"product_tag":[],"class_list":{"0":"post-5502","1":"product","2":"type-product","3":"status-publish","4":"has-post-thumbnail","6":"product_cat-chardonnay","7":"product_cat-pinot-blanc","8":"product_cat-white-wines","9":"pa_alcohol-138","10":"pa_colour-white","11":"pa_country-croatia","12":"pa_region-istria-and-croatian-littoral","13":"pa_residual-sugar-dry","14":"pa_subregion-croatian-istria","15":"pa_variety-chardonnay","16":"pa_variety-pinot-blanc","17":"pa_vineyard-central-istria","18":"pa_volume-750-ml","20":"first","21":"instock","22":"taxable","23":"shipping-taxable","24":"product-type-simple"},"_links":{"self":[{"href":"https:\/\/vinoljubac.hr\/hr\/wp-json\/wp\/v2\/product\/5502","targetHints":{"allow":["GET"]}}],"collection":[{"href":"https:\/\/vinoljubac.hr\/hr\/wp-json\/wp\/v2\/product"}],"about":[{"href":"https:\/\/vinoljubac.hr\/hr\/wp-json\/wp\/v2\/types\/product"}],"replies":[{"embeddable":true,"href":"https:\/\/vinoljubac.hr\/hr\/wp-json\/wp\/v2\/comments?post=5502"}],"version-history":[{"count":0,"href":"https:\/\/vinoljubac.hr\/hr\/wp-json\/wp\/v2\/product\/5502\/revisions"}],"wp:featuredmedia":[{"embeddable":true,"href":"https:\/\/vinoljubac.hr\/hr\/wp-json\/wp\/v2\/media\/6286"}],"wp:attachment":[{"href":"https:\/\/vinoljubac.hr\/hr\/wp-json\/wp\/v2\/media?parent=5502"}],"wp:term":[{"taxonomy":"product_brand","embeddable":true,"href":"https:\/\/vinoljubac.hr\/hr\/wp-json\/wp\/v2\/product_brand?post=5502"},{"taxonomy":"product_cat","embeddable":true,"href":"https:\/\/vinoljubac.hr\/hr\/wp-json\/wp\/v2\/product_cat?post=5502"},{"taxonomy":"product_tag","embeddable":true,"href":"https:\/\/vinoljubac.hr\/hr\/wp-json\/wp\/v2\/product_tag?post=5502"}],"curies":[{"name":"wp","href":"https:\/\/api.w.org\/{rel}","templated":true}]}}