{"id":5506,"date":"2022-07-12T07:25:02","date_gmt":"2022-07-12T05:25:02","guid":{"rendered":"https:\/\/vinoljubac.hr\/?post_type=product&#038;p=5506"},"modified":"2025-04-04T07:37:02","modified_gmt":"2025-04-04T05:37:02","slug":"meneghetti-malvazija","status":"publish","type":"product","link":"https:\/\/vinoljubac.hr\/hr\/proizvod\/meneghetti-malvazija\/","title":{"rendered":"MENEGHETTI MALVAZIJA"},"content":{"rendered":"","protected":false},"excerpt":{"rendered":"<p>Slamnato \u017eute boje sa zelenim odsjajem. Mirisom vrlo \u010disto i precizno. Otvaraju se herbalne note mediteranskog bilja isprepletene s mirisom ko\u0161tunjavog vo\u0107a poput marelice i breskve te zelene jabuke uz karakteristi\u010dne cvjetne note akacije. Vino je u ustima mekano, srednjeg tijela uz izbalansirane kiseline i alkohole. Dobro se sla\u017ee s predjelima od bijele ribe, rakovima i bijelim mesom.<\/p>","protected":false},"featured_media":6284,"comment_status":"open","ping_status":"closed","template":"","meta":{"om_disable_all_campaigns":false,"_monsterinsights_skip_tracking":false,"_monsterinsights_sitenote_active":false,"_monsterinsights_sitenote_note":"","_monsterinsights_sitenote_category":0},"product_brand":[],"product_cat":[184,44],"product_tag":[],"class_list":{"0":"post-5506","1":"product","2":"type-product","3":"status-publish","4":"has-post-thumbnail","6":"product_cat-malvazija","7":"product_cat-white-wines","8":"pa_alcohol-138","9":"pa_colour-white","10":"pa_country-croatia","11":"pa_region-istria-and-croatian-littoral","12":"pa_residual-sugar-dry","13":"pa_subregion-croatian-istria","14":"pa_variety-malvazija","15":"pa_vineyard-west-istria","16":"pa_volume-750-ml","18":"first","19":"instock","20":"taxable","21":"shipping-taxable","22":"product-type-simple"},"_links":{"self":[{"href":"https:\/\/vinoljubac.hr\/hr\/wp-json\/wp\/v2\/product\/5506","targetHints":{"allow":["GET"]}}],"collection":[{"href":"https:\/\/vinoljubac.hr\/hr\/wp-json\/wp\/v2\/product"}],"about":[{"href":"https:\/\/vinoljubac.hr\/hr\/wp-json\/wp\/v2\/types\/product"}],"replies":[{"embeddable":true,"href":"https:\/\/vinoljubac.hr\/hr\/wp-json\/wp\/v2\/comments?post=5506"}],"version-history":[{"count":2,"href":"https:\/\/vinoljubac.hr\/hr\/wp-json\/wp\/v2\/product\/5506\/revisions"}],"predecessor-version":[{"id":11438,"href":"https:\/\/vinoljubac.hr\/hr\/wp-json\/wp\/v2\/product\/5506\/revisions\/11438"}],"wp:featuredmedia":[{"embeddable":true,"href":"https:\/\/vinoljubac.hr\/hr\/wp-json\/wp\/v2\/media\/6284"}],"wp:attachment":[{"href":"https:\/\/vinoljubac.hr\/hr\/wp-json\/wp\/v2\/media?parent=5506"}],"wp:term":[{"taxonomy":"product_brand","embeddable":true,"href":"https:\/\/vinoljubac.hr\/hr\/wp-json\/wp\/v2\/product_brand?post=5506"},{"taxonomy":"product_cat","embeddable":true,"href":"https:\/\/vinoljubac.hr\/hr\/wp-json\/wp\/v2\/product_cat?post=5506"},{"taxonomy":"product_tag","embeddable":true,"href":"https:\/\/vinoljubac.hr\/hr\/wp-json\/wp\/v2\/product_tag?post=5506"}],"curies":[{"name":"wp","href":"https:\/\/api.w.org\/{rel}","templated":true}]}}