{"id":5508,"date":"2022-07-12T07:30:28","date_gmt":"2022-07-12T05:30:28","guid":{"rendered":"https:\/\/vinoljubac.hr\/?post_type=product&#038;p=5508"},"modified":"2025-04-01T14:41:55","modified_gmt":"2025-04-01T12:41:55","slug":"kabola-amfora-malvasia","status":"publish","type":"product","link":"https:\/\/vinoljubac.hr\/hr\/proizvod\/kabola-amfora-malvasia\/","title":{"rendered":"KABOLA AMFORA MALVAZIJA"},"content":{"rendered":"","protected":false},"excerpt":{"rendered":"<p>Vino se odlikuje izvrsnom slamnato\u017eutom bojom sa zlatnim rubovima, kristalno je bistro i gusto. Na prvi nos javlja se nota kompota od dunje koju slijedi nota suhe paprati na koju dolazi nota zvjezdanog anisa i vanilije te nota aromati\u010dnog bilja. Vino je suho, djelomi\u010dno toplo i mekano, a s druge strane ima dobru svje\u017einu, blago prisutne tanine te izvrsnu mineralnost i puno tijelo. U izvrsnom balansu, intenzivnost okusa je izra\u017eena, a okus traje dosta dugo. Harmoni\u010dno je i ukusno, a na zavr\u0161etku se javljaju nota maslaca i zrele breskve te gor\u010dina badema. Savr\u0161eno se sljubljuje s ribom i svim vrstama mesa.<\/p>\n<p>&nbsp;<\/p>","protected":false},"featured_media":6260,"comment_status":"open","ping_status":"closed","template":"","meta":{"om_disable_all_campaigns":false,"_monsterinsights_skip_tracking":false,"_monsterinsights_sitenote_active":false,"_monsterinsights_sitenote_note":"","_monsterinsights_sitenote_category":0},"product_brand":[],"product_cat":[729,305],"product_tag":[],"class_list":{"0":"post-5508","1":"product","2":"type-product","3":"status-publish","4":"has-post-thumbnail","6":"product_cat-malvazija-orange-wines","7":"product_cat-orange-wines","8":"pa_alcohol-457","9":"pa_colour-orange","10":"pa_country-croatia","11":"pa_region-istria-and-croatian-littoral","12":"pa_residual-sugar-dry","13":"pa_subregion-croatian-istria","14":"pa_variety-malvazija","15":"pa_vineyard-west-istria","16":"pa_volume-750-ml","18":"first","19":"instock","20":"taxable","21":"shipping-taxable","22":"product-type-simple"},"_links":{"self":[{"href":"https:\/\/vinoljubac.hr\/hr\/wp-json\/wp\/v2\/product\/5508","targetHints":{"allow":["GET"]}}],"collection":[{"href":"https:\/\/vinoljubac.hr\/hr\/wp-json\/wp\/v2\/product"}],"about":[{"href":"https:\/\/vinoljubac.hr\/hr\/wp-json\/wp\/v2\/types\/product"}],"replies":[{"embeddable":true,"href":"https:\/\/vinoljubac.hr\/hr\/wp-json\/wp\/v2\/comments?post=5508"}],"version-history":[{"count":1,"href":"https:\/\/vinoljubac.hr\/hr\/wp-json\/wp\/v2\/product\/5508\/revisions"}],"predecessor-version":[{"id":11067,"href":"https:\/\/vinoljubac.hr\/hr\/wp-json\/wp\/v2\/product\/5508\/revisions\/11067"}],"wp:featuredmedia":[{"embeddable":true,"href":"https:\/\/vinoljubac.hr\/hr\/wp-json\/wp\/v2\/media\/6260"}],"wp:attachment":[{"href":"https:\/\/vinoljubac.hr\/hr\/wp-json\/wp\/v2\/media?parent=5508"}],"wp:term":[{"taxonomy":"product_brand","embeddable":true,"href":"https:\/\/vinoljubac.hr\/hr\/wp-json\/wp\/v2\/product_brand?post=5508"},{"taxonomy":"product_cat","embeddable":true,"href":"https:\/\/vinoljubac.hr\/hr\/wp-json\/wp\/v2\/product_cat?post=5508"},{"taxonomy":"product_tag","embeddable":true,"href":"https:\/\/vinoljubac.hr\/hr\/wp-json\/wp\/v2\/product_tag?post=5508"}],"curies":[{"name":"wp","href":"https:\/\/api.w.org\/{rel}","templated":true}]}}