{"id":5512,"date":"2022-07-12T08:05:57","date_gmt":"2022-07-12T06:05:57","guid":{"rendered":"https:\/\/vinoljubac.hr\/?post_type=product&#038;p=5512"},"modified":"2025-04-08T08:26:31","modified_gmt":"2025-04-08T06:26:31","slug":"zlatni-plavac","status":"publish","type":"product","link":"https:\/\/vinoljubac.hr\/hr\/proizvod\/zlatni-plavac\/","title":{"rendered":"ZLATAN PLAVAC HVAR"},"content":{"rendered":"","protected":false},"excerpt":{"rendered":"<p>Vino tamne rubinske boje, lijepog mirisa te ugodnog i sna\u017enog okusa koji traje te bogatih, slojevitih aroma s notama dalmatinskog bilja, za\u010dina i tamnog vo\u0107a poput borovnice i \u0161ljive. Kompleksno vino punijeg tijela, lijepo nagla\u0161enih tanina, odli\u010dno balansirane svje\u017eine i alkohola. Vino slo\u017eene i iznimne prisutnosti na nepcu koja nikoga ne ostavlja ravnodu\u0161nim. Najbolje poslu\u017eiti uz tvrde sireve, pr\u0161ut, crveno meso, divlja\u010d, pa\u0161ticadu, brudet ili ribu s ro\u0161tilja.<\/p>","protected":false},"featured_media":6371,"comment_status":"open","ping_status":"closed","template":"","meta":{"om_disable_all_campaigns":false,"_monsterinsights_skip_tracking":false,"_monsterinsights_sitenote_active":false,"_monsterinsights_sitenote_note":"","_monsterinsights_sitenote_category":0},"product_brand":[],"product_cat":[106,43],"product_tag":[],"class_list":{"0":"post-5512","1":"product","2":"type-product","3":"status-publish","4":"has-post-thumbnail","6":"product_cat-plavac-mali","7":"product_cat-red-wines","8":"pa_alcohol-14-2","9":"pa_colour-red","10":"pa_country-croatia","11":"pa_region-dalmatia","12":"pa_residual-sugar-dry","13":"pa_subregion-central-and-south-dalmatia","14":"pa_variety-plavac-mali","15":"pa_vineyard-hvar","16":"pa_volume-750-ml","18":"first","19":"instock","20":"taxable","21":"shipping-taxable","22":"product-type-simple"},"_links":{"self":[{"href":"https:\/\/vinoljubac.hr\/hr\/wp-json\/wp\/v2\/product\/5512","targetHints":{"allow":["GET"]}}],"collection":[{"href":"https:\/\/vinoljubac.hr\/hr\/wp-json\/wp\/v2\/product"}],"about":[{"href":"https:\/\/vinoljubac.hr\/hr\/wp-json\/wp\/v2\/types\/product"}],"replies":[{"embeddable":true,"href":"https:\/\/vinoljubac.hr\/hr\/wp-json\/wp\/v2\/comments?post=5512"}],"version-history":[{"count":1,"href":"https:\/\/vinoljubac.hr\/hr\/wp-json\/wp\/v2\/product\/5512\/revisions"}],"predecessor-version":[{"id":11222,"href":"https:\/\/vinoljubac.hr\/hr\/wp-json\/wp\/v2\/product\/5512\/revisions\/11222"}],"wp:featuredmedia":[{"embeddable":true,"href":"https:\/\/vinoljubac.hr\/hr\/wp-json\/wp\/v2\/media\/6371"}],"wp:attachment":[{"href":"https:\/\/vinoljubac.hr\/hr\/wp-json\/wp\/v2\/media?parent=5512"}],"wp:term":[{"taxonomy":"product_brand","embeddable":true,"href":"https:\/\/vinoljubac.hr\/hr\/wp-json\/wp\/v2\/product_brand?post=5512"},{"taxonomy":"product_cat","embeddable":true,"href":"https:\/\/vinoljubac.hr\/hr\/wp-json\/wp\/v2\/product_cat?post=5512"},{"taxonomy":"product_tag","embeddable":true,"href":"https:\/\/vinoljubac.hr\/hr\/wp-json\/wp\/v2\/product_tag?post=5512"}],"curies":[{"name":"wp","href":"https:\/\/api.w.org\/{rel}","templated":true}]}}