{"id":5518,"date":"2022-07-12T08:46:14","date_gmt":"2022-07-12T06:46:14","guid":{"rendered":"https:\/\/vinoljubac.hr\/?post_type=product&#038;p=5518"},"modified":"2025-04-07T09:51:59","modified_gmt":"2025-04-07T07:51:59","slug":"persuric-misal-rose","status":"publish","type":"product","link":"https:\/\/vinoljubac.hr\/hr\/proizvod\/persuric-misal-rose\/","title":{"rendered":"PER\u0160URI\u0106 MISAL ROS\u00c9"},"content":{"rendered":"","protected":false},"excerpt":{"rendered":"<p>Izrazito vo\u0107nog okusa i arome, lijepog elegantnog perlanja i nje\u017ene ru\u017ei\u010daste boje. Najbolje se sljubljuje s jelima od morskih plodova i mladog povr\u0107a. Mo\u017ee se koristiti i kao aperitiv te uz deserte poput sladoleda i vo\u0107a. Dominantna sorta u ovom pjenu\u0161cu, Pinot crni, prolazi maceraciju najmanje 24 sata. Odle\u017eavanje na kvascima traje najmanje 12 mjeseci nakon sekundarne fermentacije.<\/p>","protected":false},"featured_media":6294,"comment_status":"open","ping_status":"closed","template":"","meta":{"om_disable_all_campaigns":false,"_monsterinsights_skip_tracking":false,"_monsterinsights_sitenote_active":false,"_monsterinsights_sitenote_note":"","_monsterinsights_sitenote_category":0},"product_brand":[],"product_cat":[236,255,183,79],"product_tag":[],"class_list":{"0":"post-5518","1":"product","2":"type-product","3":"status-publish","4":"has-post-thumbnail","6":"product_cat-chardonnay-sparkling-wines","7":"product_cat-malvazija-sparkling-wines","8":"product_cat-pinot-noir-sparkling-wines","9":"product_cat-sparkling-wines","10":"pa_alcohol-116","11":"pa_colour-rose","12":"pa_country-croatia","13":"pa_region-istria-and-croatian-littoral","14":"pa_residual-sugar-dry-sec","15":"pa_subregion-croatian-istria","16":"pa_variety-chardonnay","17":"pa_variety-malvazija","18":"pa_variety-pinot-noir","19":"pa_vineyard-west-istria","20":"pa_volume-750-ml","22":"first","23":"instock","24":"taxable","25":"shipping-taxable","26":"product-type-simple"},"_links":{"self":[{"href":"https:\/\/vinoljubac.hr\/hr\/wp-json\/wp\/v2\/product\/5518","targetHints":{"allow":["GET"]}}],"collection":[{"href":"https:\/\/vinoljubac.hr\/hr\/wp-json\/wp\/v2\/product"}],"about":[{"href":"https:\/\/vinoljubac.hr\/hr\/wp-json\/wp\/v2\/types\/product"}],"replies":[{"embeddable":true,"href":"https:\/\/vinoljubac.hr\/hr\/wp-json\/wp\/v2\/comments?post=5518"}],"version-history":[{"count":1,"href":"https:\/\/vinoljubac.hr\/hr\/wp-json\/wp\/v2\/product\/5518\/revisions"}],"predecessor-version":[{"id":11172,"href":"https:\/\/vinoljubac.hr\/hr\/wp-json\/wp\/v2\/product\/5518\/revisions\/11172"}],"wp:featuredmedia":[{"embeddable":true,"href":"https:\/\/vinoljubac.hr\/hr\/wp-json\/wp\/v2\/media\/6294"}],"wp:attachment":[{"href":"https:\/\/vinoljubac.hr\/hr\/wp-json\/wp\/v2\/media?parent=5518"}],"wp:term":[{"taxonomy":"product_brand","embeddable":true,"href":"https:\/\/vinoljubac.hr\/hr\/wp-json\/wp\/v2\/product_brand?post=5518"},{"taxonomy":"product_cat","embeddable":true,"href":"https:\/\/vinoljubac.hr\/hr\/wp-json\/wp\/v2\/product_cat?post=5518"},{"taxonomy":"product_tag","embeddable":true,"href":"https:\/\/vinoljubac.hr\/hr\/wp-json\/wp\/v2\/product_tag?post=5518"}],"curies":[{"name":"wp","href":"https:\/\/api.w.org\/{rel}","templated":true}]}}