{"id":5523,"date":"2022-07-12T09:32:05","date_gmt":"2022-07-12T07:32:05","guid":{"rendered":"https:\/\/vinoljubac.hr\/?post_type=product&#038;p=5523"},"modified":"2025-04-07T09:52:16","modified_gmt":"2025-04-07T07:52:16","slug":"persuric-misal-blanc-de-blancs","status":"publish","type":"product","link":"https:\/\/vinoljubac.hr\/hr\/proizvod\/persuric-misal-blanc-de-blancs\/","title":{"rendered":"PER\u0160URI\u0106 MISAL BLANC DE BLANCS"},"content":{"rendered":"","protected":false},"excerpt":{"rendered":"<p>Izra\u017eene note korice kruha i kroasana uz malo cvjetnih nota; bogato mjehuri\u0107ima. Najbolje se sljubljuje s kamenicama, a mo\u017ee se poslu\u017eiti i kao aperitiv za dru\u0161tvo koje \u017eeli okusiti ne\u0161to poletno i osvje\u017eavaju\u0107e. Za proizvodnju ovog pjenu\u0161ca koristi se Chardonnay s najboljih polo\u017eaja. Provodi se hladna maceracija najmanje 12 sati. Nakon sekundarne fermentacije odle\u017eava na kvascima najmanje pet godina.<\/p>\n<p>&nbsp;<\/p>","protected":false},"featured_media":0,"comment_status":"open","ping_status":"closed","template":"","meta":{"om_disable_all_campaigns":false,"_monsterinsights_skip_tracking":false,"_monsterinsights_sitenote_active":false,"_monsterinsights_sitenote_note":"","_monsterinsights_sitenote_category":0},"product_brand":[],"product_cat":[236,79],"product_tag":[],"class_list":{"0":"post-5523","1":"product","2":"type-product","3":"status-publish","5":"product_cat-chardonnay-sparkling-wines","6":"product_cat-sparkling-wines","7":"pa_alcohol-116","8":"pa_colour-white","9":"pa_country-croatia","10":"pa_region-istria-and-croatian-littoral","11":"pa_residual-sugar-brut-nature","12":"pa_subregion-croatian-istria","13":"pa_variety-chardonnay","14":"pa_vineyard-west-istria","15":"pa_volume-750-ml","17":"first","18":"instock","19":"taxable","20":"shipping-taxable","21":"product-type-simple"},"_links":{"self":[{"href":"https:\/\/vinoljubac.hr\/hr\/wp-json\/wp\/v2\/product\/5523","targetHints":{"allow":["GET"]}}],"collection":[{"href":"https:\/\/vinoljubac.hr\/hr\/wp-json\/wp\/v2\/product"}],"about":[{"href":"https:\/\/vinoljubac.hr\/hr\/wp-json\/wp\/v2\/types\/product"}],"replies":[{"embeddable":true,"href":"https:\/\/vinoljubac.hr\/hr\/wp-json\/wp\/v2\/comments?post=5523"}],"version-history":[{"count":1,"href":"https:\/\/vinoljubac.hr\/hr\/wp-json\/wp\/v2\/product\/5523\/revisions"}],"predecessor-version":[{"id":11173,"href":"https:\/\/vinoljubac.hr\/hr\/wp-json\/wp\/v2\/product\/5523\/revisions\/11173"}],"wp:attachment":[{"href":"https:\/\/vinoljubac.hr\/hr\/wp-json\/wp\/v2\/media?parent=5523"}],"wp:term":[{"taxonomy":"product_brand","embeddable":true,"href":"https:\/\/vinoljubac.hr\/hr\/wp-json\/wp\/v2\/product_brand?post=5523"},{"taxonomy":"product_cat","embeddable":true,"href":"https:\/\/vinoljubac.hr\/hr\/wp-json\/wp\/v2\/product_cat?post=5523"},{"taxonomy":"product_tag","embeddable":true,"href":"https:\/\/vinoljubac.hr\/hr\/wp-json\/wp\/v2\/product_tag?post=5523"}],"curies":[{"name":"wp","href":"https:\/\/api.w.org\/{rel}","templated":true}]}}