{"id":5525,"date":"2022-07-12T09:37:33","date_gmt":"2022-07-12T07:37:33","guid":{"rendered":"https:\/\/vinoljubac.hr\/?post_type=product&#038;p=5525"},"modified":"2025-04-04T08:09:17","modified_gmt":"2025-04-04T06:09:17","slug":"posip-camino","status":"publish","type":"product","link":"https:\/\/vinoljubac.hr\/hr\/proizvod\/posip-camino\/","title":{"rendered":"PO\u0160IP CAMINO"},"content":{"rendered":"","protected":false},"excerpt":{"rendered":"<p>Po\u0161ip Camino vino je napravljeno od istoimene sorte gro\u017e\u0111a koja je otkrivena krajem devetnaestog stolje\u0107a u Smokvici. Lepr\u0161avo vino vo\u0107nog mirisa i blistave zlatno\u017eute boje te srednje jakog tijela sa svje\u017eim kiselinama. Prevladavaju note bijelog cvije\u0107a i zrelog vo\u0107a kao \u0161to su breskve i marelice. Ugodno zaokru\u017eeno vino dugog zavr\u0161etka.<\/p>","protected":false},"featured_media":6237,"comment_status":"open","ping_status":"closed","template":"","meta":{"om_disable_all_campaigns":false,"_monsterinsights_skip_tracking":false,"_monsterinsights_sitenote_active":false,"_monsterinsights_sitenote_note":"","_monsterinsights_sitenote_category":0},"product_brand":[],"product_cat":[177,44],"product_tag":[],"class_list":{"0":"post-5525","1":"product","2":"type-product","3":"status-publish","4":"has-post-thumbnail","6":"product_cat-posip","7":"product_cat-white-wines","8":"pa_alcohol-138","9":"pa_colour-white","10":"pa_country-croatia","11":"pa_region-dalmatia","12":"pa_residual-sugar-dry","13":"pa_subregion-central-and-south-dalmatia","14":"pa_variety-posip","15":"pa_vineyard-korcula","16":"pa_volume-750-ml","18":"first","19":"instock","20":"featured","21":"taxable","22":"shipping-taxable","23":"product-type-simple"},"_links":{"self":[{"href":"https:\/\/vinoljubac.hr\/hr\/wp-json\/wp\/v2\/product\/5525","targetHints":{"allow":["GET"]}}],"collection":[{"href":"https:\/\/vinoljubac.hr\/hr\/wp-json\/wp\/v2\/product"}],"about":[{"href":"https:\/\/vinoljubac.hr\/hr\/wp-json\/wp\/v2\/types\/product"}],"replies":[{"embeddable":true,"href":"https:\/\/vinoljubac.hr\/hr\/wp-json\/wp\/v2\/comments?post=5525"}],"version-history":[{"count":1,"href":"https:\/\/vinoljubac.hr\/hr\/wp-json\/wp\/v2\/product\/5525\/revisions"}],"predecessor-version":[{"id":11159,"href":"https:\/\/vinoljubac.hr\/hr\/wp-json\/wp\/v2\/product\/5525\/revisions\/11159"}],"wp:featuredmedia":[{"embeddable":true,"href":"https:\/\/vinoljubac.hr\/hr\/wp-json\/wp\/v2\/media\/6237"}],"wp:attachment":[{"href":"https:\/\/vinoljubac.hr\/hr\/wp-json\/wp\/v2\/media?parent=5525"}],"wp:term":[{"taxonomy":"product_brand","embeddable":true,"href":"https:\/\/vinoljubac.hr\/hr\/wp-json\/wp\/v2\/product_brand?post=5525"},{"taxonomy":"product_cat","embeddable":true,"href":"https:\/\/vinoljubac.hr\/hr\/wp-json\/wp\/v2\/product_cat?post=5525"},{"taxonomy":"product_tag","embeddable":true,"href":"https:\/\/vinoljubac.hr\/hr\/wp-json\/wp\/v2\/product_tag?post=5525"}],"curies":[{"name":"wp","href":"https:\/\/api.w.org\/{rel}","templated":true}]}}