{"id":5532,"date":"2022-07-12T12:50:29","date_gmt":"2022-07-12T10:50:29","guid":{"rendered":"https:\/\/vinoljubac.hr\/?post_type=product&#038;p=5532"},"modified":"2025-04-01T08:42:13","modified_gmt":"2025-04-01T06:42:13","slug":"bratos-malvasija-dubrovacka-2","status":"publish","type":"product","link":"https:\/\/vinoljubac.hr\/hr\/proizvod\/bratos-malvasija-dubrovacka-2\/","title":{"rendered":"BRATO\u0160 MALVASIJA DUBROVA\u010cKA"},"content":{"rendered":"","protected":false},"excerpt":{"rendered":"<p>Suho, bijelo vino izra\u017eenih aroma cvije\u0107a, marelice i su\u0161enoga vo\u0107a. Vino je srednjeg tijela prema punom i umjerene svje\u017eine \u0161to daje osje\u0107aj puno\u0107e i dugotrajnost okusa.<\/p>","protected":false},"featured_media":6234,"comment_status":"open","ping_status":"closed","template":"","meta":{"om_disable_all_campaigns":false,"_monsterinsights_skip_tracking":false,"_monsterinsights_sitenote_active":false,"_monsterinsights_sitenote_note":"","_monsterinsights_sitenote_category":0},"product_brand":[],"product_cat":[243,44],"product_tag":[],"class_list":{"0":"post-5532","1":"product","2":"type-product","3":"status-publish","4":"has-post-thumbnail","6":"product_cat-malvasija","7":"product_cat-white-wines","8":"pa_alcohol-14-2","9":"pa_colour-white","10":"pa_country-croatia","11":"pa_region-dalmatia","12":"pa_residual-sugar-dry","13":"pa_subregion-central-and-south-dalmatia","14":"pa_variety-malvasija","15":"pa_vineyard-konavle","16":"pa_volume-750-ml","18":"first","19":"instock","20":"taxable","21":"shipping-taxable","22":"product-type-simple"},"_links":{"self":[{"href":"https:\/\/vinoljubac.hr\/hr\/wp-json\/wp\/v2\/product\/5532","targetHints":{"allow":["GET"]}}],"collection":[{"href":"https:\/\/vinoljubac.hr\/hr\/wp-json\/wp\/v2\/product"}],"about":[{"href":"https:\/\/vinoljubac.hr\/hr\/wp-json\/wp\/v2\/types\/product"}],"replies":[{"embeddable":true,"href":"https:\/\/vinoljubac.hr\/hr\/wp-json\/wp\/v2\/comments?post=5532"}],"version-history":[{"count":1,"href":"https:\/\/vinoljubac.hr\/hr\/wp-json\/wp\/v2\/product\/5532\/revisions"}],"predecessor-version":[{"id":11022,"href":"https:\/\/vinoljubac.hr\/hr\/wp-json\/wp\/v2\/product\/5532\/revisions\/11022"}],"wp:featuredmedia":[{"embeddable":true,"href":"https:\/\/vinoljubac.hr\/hr\/wp-json\/wp\/v2\/media\/6234"}],"wp:attachment":[{"href":"https:\/\/vinoljubac.hr\/hr\/wp-json\/wp\/v2\/media?parent=5532"}],"wp:term":[{"taxonomy":"product_brand","embeddable":true,"href":"https:\/\/vinoljubac.hr\/hr\/wp-json\/wp\/v2\/product_brand?post=5532"},{"taxonomy":"product_cat","embeddable":true,"href":"https:\/\/vinoljubac.hr\/hr\/wp-json\/wp\/v2\/product_cat?post=5532"},{"taxonomy":"product_tag","embeddable":true,"href":"https:\/\/vinoljubac.hr\/hr\/wp-json\/wp\/v2\/product_tag?post=5532"}],"curies":[{"name":"wp","href":"https:\/\/api.w.org\/{rel}","templated":true}]}}