{"id":5636,"date":"2022-07-16T08:16:50","date_gmt":"2022-07-16T06:16:50","guid":{"rendered":"https:\/\/vinoljubac.hr\/?post_type=product&#038;p=5636"},"modified":"2024-01-16T11:01:34","modified_gmt":"2024-01-16T10:01:34","slug":"enosophia-miraz-grasevina","status":"publish","type":"product","link":"https:\/\/vinoljubac.hr\/hr\/proizvod\/enosophia-miraz-grasevina\/","title":{"rendered":"ENOSOPHIA MIRAZ GRA\u0160EVINA"},"content":{"rendered":"","protected":false},"excerpt":{"rendered":"<p id=\"tw-target-text\" class=\"tw-data-text tw-text-large tw-ta\" dir=\"ltr\" data-placeholder=\"Prijevod\"><span class=\"Y2IQFc\" lang=\"en\">Vino odlikuju zlatno\u017euta boja sa zelenim odsjajem, arome marelice, ora\u0161astih plodova i jabuke te puno tijelo, intenzivan okus, kremoznost, svje\u017eina i dugotrajan zavr\u0161etak. Idealan je par sirnim platama, njokama i tjesteninama. Izvrsno pa\u0161e uz jela od gljiva i mesne delicije ispod peke.<\/span><\/p>","protected":false},"featured_media":0,"comment_status":"open","ping_status":"closed","template":"","meta":{"om_disable_all_campaigns":false,"_monsterinsights_skip_tracking":false,"_monsterinsights_sitenote_active":false,"_monsterinsights_sitenote_note":"","_monsterinsights_sitenote_category":0},"product_brand":[],"product_cat":[216,44],"product_tag":[],"class_list":{"0":"post-5636","1":"product","2":"type-product","3":"status-publish","5":"product_cat-grasevina-white-wines","6":"product_cat-white-wines","7":"pa_alcohol-14-2","8":"pa_colour-white","9":"pa_country-croatia","10":"pa_region-slavonia-and-croatian-danube","11":"pa_residual-sugar-dry","12":"pa_subregion-slavonia","13":"pa_variety-grasevina","14":"pa_vineyard-fericanci","15":"pa_volume-750-ml","17":"first","18":"onbackorder","19":"taxable","20":"shipping-taxable","21":"product-type-simple"},"_links":{"self":[{"href":"https:\/\/vinoljubac.hr\/hr\/wp-json\/wp\/v2\/product\/5636","targetHints":{"allow":["GET"]}}],"collection":[{"href":"https:\/\/vinoljubac.hr\/hr\/wp-json\/wp\/v2\/product"}],"about":[{"href":"https:\/\/vinoljubac.hr\/hr\/wp-json\/wp\/v2\/types\/product"}],"replies":[{"embeddable":true,"href":"https:\/\/vinoljubac.hr\/hr\/wp-json\/wp\/v2\/comments?post=5636"}],"version-history":[{"count":0,"href":"https:\/\/vinoljubac.hr\/hr\/wp-json\/wp\/v2\/product\/5636\/revisions"}],"wp:attachment":[{"href":"https:\/\/vinoljubac.hr\/hr\/wp-json\/wp\/v2\/media?parent=5636"}],"wp:term":[{"taxonomy":"product_brand","embeddable":true,"href":"https:\/\/vinoljubac.hr\/hr\/wp-json\/wp\/v2\/product_brand?post=5636"},{"taxonomy":"product_cat","embeddable":true,"href":"https:\/\/vinoljubac.hr\/hr\/wp-json\/wp\/v2\/product_cat?post=5636"},{"taxonomy":"product_tag","embeddable":true,"href":"https:\/\/vinoljubac.hr\/hr\/wp-json\/wp\/v2\/product_tag?post=5636"}],"curies":[{"name":"wp","href":"https:\/\/api.w.org\/{rel}","templated":true}]}}