{"id":5640,"date":"2022-07-16T10:09:39","date_gmt":"2022-07-16T08:09:39","guid":{"rendered":"https:\/\/vinoljubac.hr\/?post_type=product&#038;p=5640"},"modified":"2025-11-24T12:29:33","modified_gmt":"2025-11-24T11:29:33","slug":"cobankovic-pinot-sivi","status":"publish","type":"product","link":"https:\/\/vinoljubac.hr\/hr\/proizvod\/cobankovic-pinot-sivi\/","title":{"rendered":"\u010cOBANKOVI\u0106 PINOT SIVI"},"content":{"rendered":"","protected":false},"excerpt":{"rendered":"<p>Zlatno\u017euta do slamnato\u017euta boja, izra\u017eene sortne arome po su\u0161enom vo\u0107u, vaniliji i<br \/>\ncimetu karakteriziraju ovo vino. Ekstraktom vrlo bogato, odle\u017eava 12 mjeseci u <em>barrique<\/em> ba\u010dvama na finim kvascima. Temperatura poslu\u017eivanja je 12 \u00b0C.<\/p>","protected":false},"featured_media":6241,"comment_status":"open","ping_status":"closed","template":"","meta":{"om_disable_all_campaigns":false,"_monsterinsights_skip_tracking":false,"_monsterinsights_sitenote_active":false,"_monsterinsights_sitenote_note":"","_monsterinsights_sitenote_category":0},"product_brand":[],"product_cat":[225,44],"product_tag":[],"class_list":{"0":"post-5640","1":"product","2":"type-product","3":"status-publish","4":"has-post-thumbnail","6":"product_cat-pinot-gray","7":"product_cat-white-wines","8":"pa_alcohol-138","9":"pa_colour-white","10":"pa_country-croatia","11":"pa_region-slavonia-and-croatian-danube","12":"pa_residual-sugar-dry","13":"pa_vineyard-srijem","14":"pa_volume-750-ml","16":"first","17":"instock","18":"taxable","19":"shipping-taxable","20":"product-type-simple"},"_links":{"self":[{"href":"https:\/\/vinoljubac.hr\/hr\/wp-json\/wp\/v2\/product\/5640","targetHints":{"allow":["GET"]}}],"collection":[{"href":"https:\/\/vinoljubac.hr\/hr\/wp-json\/wp\/v2\/product"}],"about":[{"href":"https:\/\/vinoljubac.hr\/hr\/wp-json\/wp\/v2\/types\/product"}],"replies":[{"embeddable":true,"href":"https:\/\/vinoljubac.hr\/hr\/wp-json\/wp\/v2\/comments?post=5640"}],"version-history":[{"count":1,"href":"https:\/\/vinoljubac.hr\/hr\/wp-json\/wp\/v2\/product\/5640\/revisions"}],"predecessor-version":[{"id":11040,"href":"https:\/\/vinoljubac.hr\/hr\/wp-json\/wp\/v2\/product\/5640\/revisions\/11040"}],"wp:featuredmedia":[{"embeddable":true,"href":"https:\/\/vinoljubac.hr\/hr\/wp-json\/wp\/v2\/media\/6241"}],"wp:attachment":[{"href":"https:\/\/vinoljubac.hr\/hr\/wp-json\/wp\/v2\/media?parent=5640"}],"wp:term":[{"taxonomy":"product_brand","embeddable":true,"href":"https:\/\/vinoljubac.hr\/hr\/wp-json\/wp\/v2\/product_brand?post=5640"},{"taxonomy":"product_cat","embeddable":true,"href":"https:\/\/vinoljubac.hr\/hr\/wp-json\/wp\/v2\/product_cat?post=5640"},{"taxonomy":"product_tag","embeddable":true,"href":"https:\/\/vinoljubac.hr\/hr\/wp-json\/wp\/v2\/product_tag?post=5640"}],"curies":[{"name":"wp","href":"https:\/\/api.w.org\/{rel}","templated":true}]}}