{"id":5646,"date":"2022-07-16T10:52:00","date_gmt":"2022-07-16T08:52:00","guid":{"rendered":"https:\/\/vinoljubac.hr\/?post_type=product&#038;p=5646"},"modified":"2025-04-01T14:44:52","modified_gmt":"2025-04-01T12:44:52","slug":"kabola-momjan-muscat","status":"publish","type":"product","link":"https:\/\/vinoljubac.hr\/hr\/proizvod\/kabola-momjan-muscat\/","title":{"rendered":"KABOLA MU\u0160KAT MOMJANSKI"},"content":{"rendered":"","protected":false},"excerpt":{"rendered":"<p>Vino krasi lijepa zelenkasto\u017euta boja, kristalno je bistro i djelomi\u010dno gusto. Miris je razigran i lepr\u0161av; na prvo mirisanje dominira cvjetna nota koju sijedi nota so\u010dne nektarine zatim nota li\u010dija pra\u0107ena s malo livadnog meda. Vino je poluslatko, djelomi\u010dno toplo i djelomi\u010dno mekano, a s druge strane ima lijepu svje\u017einu i vrlo je ukusno. Srednjeg je tijela, dobre ravnote\u017ee, izra\u017eene intenzivnosti i trajnosti okusa. Ukusno je i harmoni\u010dno, a na zavr\u0161etku se osjeti nota marelice. Najbolje poslu\u017eiti kao aperitiv ili uz pr\u0161ut i dinju, bu\u010dinu juhu ili kola\u010de.<\/p>\n<p>&nbsp;<\/p>","protected":false},"featured_media":6263,"comment_status":"open","ping_status":"closed","template":"","meta":{"om_disable_all_campaigns":false,"_monsterinsights_skip_tracking":false,"_monsterinsights_sitenote_active":false,"_monsterinsights_sitenote_note":"","_monsterinsights_sitenote_category":0},"product_brand":[],"product_cat":[451,460],"product_tag":[],"class_list":{"0":"post-5646","1":"product","2":"type-product","3":"status-publish","4":"has-post-thumbnail","6":"product_cat-dessert-wines","7":"product_cat-muskat-dessert-wines","8":"pa_alcohol-461","9":"pa_colour-white","10":"pa_country-croatia","11":"pa_region-istria-and-croatian-littoral","12":"pa_residual-sugar-semi-sweet","13":"pa_subregion-croatian-istria","14":"pa_variety-muskat","15":"pa_vineyard-west-istria","16":"pa_volume-500-ml","18":"first","19":"instock","20":"taxable","21":"shipping-taxable","22":"product-type-simple"},"_links":{"self":[{"href":"https:\/\/vinoljubac.hr\/hr\/wp-json\/wp\/v2\/product\/5646","targetHints":{"allow":["GET"]}}],"collection":[{"href":"https:\/\/vinoljubac.hr\/hr\/wp-json\/wp\/v2\/product"}],"about":[{"href":"https:\/\/vinoljubac.hr\/hr\/wp-json\/wp\/v2\/types\/product"}],"replies":[{"embeddable":true,"href":"https:\/\/vinoljubac.hr\/hr\/wp-json\/wp\/v2\/comments?post=5646"}],"version-history":[{"count":1,"href":"https:\/\/vinoljubac.hr\/hr\/wp-json\/wp\/v2\/product\/5646\/revisions"}],"predecessor-version":[{"id":11070,"href":"https:\/\/vinoljubac.hr\/hr\/wp-json\/wp\/v2\/product\/5646\/revisions\/11070"}],"wp:featuredmedia":[{"embeddable":true,"href":"https:\/\/vinoljubac.hr\/hr\/wp-json\/wp\/v2\/media\/6263"}],"wp:attachment":[{"href":"https:\/\/vinoljubac.hr\/hr\/wp-json\/wp\/v2\/media?parent=5646"}],"wp:term":[{"taxonomy":"product_brand","embeddable":true,"href":"https:\/\/vinoljubac.hr\/hr\/wp-json\/wp\/v2\/product_brand?post=5646"},{"taxonomy":"product_cat","embeddable":true,"href":"https:\/\/vinoljubac.hr\/hr\/wp-json\/wp\/v2\/product_cat?post=5646"},{"taxonomy":"product_tag","embeddable":true,"href":"https:\/\/vinoljubac.hr\/hr\/wp-json\/wp\/v2\/product_tag?post=5646"}],"curies":[{"name":"wp","href":"https:\/\/api.w.org\/{rel}","templated":true}]}}