{"id":5648,"date":"2022-07-16T11:08:04","date_gmt":"2022-07-16T09:08:04","guid":{"rendered":"https:\/\/vinoljubac.hr\/?post_type=product&#038;p=5648"},"modified":"2025-04-09T09:36:00","modified_gmt":"2025-04-09T07:36:00","slug":"sveta-lucija-zlahtina","status":"publish","type":"product","link":"https:\/\/vinoljubac.hr\/hr\/proizvod\/sveta-lucija-zlahtina\/","title":{"rendered":"KATUNAR SVETA LUCIJA \u017dLAHTINA"},"content":{"rendered":"","protected":false},"excerpt":{"rendered":"<p>Vino autohtone sorte otoka Krka - \u017elahtine bijele, s polo\u017eaja Supele nedaleko od  znamenite crkvice sv. Lucije gdje je prona\u0111ena Ba\u0161\u0107anska plo\u010da. Uzimaju\u0107i u obzir polo\u017eaj s kojeg potje\u010de, o\u010darava svojom \u017eutozelenom do zlatnozelenom bojom dubljih tonova. Arome podsje\u0107aju na dunju, breskvu, agrume, ru\u017ee.... Odnos kiseline i sladora otkriva eleganciju ovog vina. Nagla\u0161ena je mineralnost s lijepim zavr\u0161etkom koji mu, oplemenjenom ananasom i zrelim gro\u017e\u0111em, daje elegantnu slatko\u0107u tako da jo\u0161 dugo ostavlja ugodan osje\u0107aj na nepcu. Preporu\u010duje se uz bijelo meso, ribu, tjesteninu i ri\u017eoto s plodovima mora, ali i uz brodet s palentom te poznatom kr\u010dkom janjetinom.<\/p>","protected":false},"featured_media":6342,"comment_status":"open","ping_status":"closed","template":"","meta":{"om_disable_all_campaigns":false,"_monsterinsights_skip_tracking":false,"_monsterinsights_sitenote_active":false,"_monsterinsights_sitenote_note":"","_monsterinsights_sitenote_category":0},"product_brand":[],"product_cat":[44,252],"product_tag":[],"class_list":{"0":"post-5648","1":"product","2":"type-product","3":"status-publish","4":"has-post-thumbnail","6":"product_cat-white-wines","7":"product_cat-zlahtina","8":"pa_alcohol-138","9":"pa_colour-white","10":"pa_country-croatia","11":"pa_region-istria-and-croatian-littoral","12":"pa_residual-sugar-dry","13":"pa_subregion-kvarner-and-croatian-littoral","14":"pa_variety-zlahtina","15":"pa_vineyard-krk","16":"pa_volume-750-ml","18":"first","19":"instock","20":"taxable","21":"shipping-taxable","22":"product-type-simple"},"_links":{"self":[{"href":"https:\/\/vinoljubac.hr\/hr\/wp-json\/wp\/v2\/product\/5648","targetHints":{"allow":["GET"]}}],"collection":[{"href":"https:\/\/vinoljubac.hr\/hr\/wp-json\/wp\/v2\/product"}],"about":[{"href":"https:\/\/vinoljubac.hr\/hr\/wp-json\/wp\/v2\/types\/product"}],"replies":[{"embeddable":true,"href":"https:\/\/vinoljubac.hr\/hr\/wp-json\/wp\/v2\/comments?post=5648"}],"version-history":[{"count":1,"href":"https:\/\/vinoljubac.hr\/hr\/wp-json\/wp\/v2\/product\/5648\/revisions"}],"predecessor-version":[{"id":11272,"href":"https:\/\/vinoljubac.hr\/hr\/wp-json\/wp\/v2\/product\/5648\/revisions\/11272"}],"wp:featuredmedia":[{"embeddable":true,"href":"https:\/\/vinoljubac.hr\/hr\/wp-json\/wp\/v2\/media\/6342"}],"wp:attachment":[{"href":"https:\/\/vinoljubac.hr\/hr\/wp-json\/wp\/v2\/media?parent=5648"}],"wp:term":[{"taxonomy":"product_brand","embeddable":true,"href":"https:\/\/vinoljubac.hr\/hr\/wp-json\/wp\/v2\/product_brand?post=5648"},{"taxonomy":"product_cat","embeddable":true,"href":"https:\/\/vinoljubac.hr\/hr\/wp-json\/wp\/v2\/product_cat?post=5648"},{"taxonomy":"product_tag","embeddable":true,"href":"https:\/\/vinoljubac.hr\/hr\/wp-json\/wp\/v2\/product_tag?post=5648"}],"curies":[{"name":"wp","href":"https:\/\/api.w.org\/{rel}","templated":true}]}}