{"id":5652,"date":"2022-07-16T11:24:48","date_gmt":"2022-07-16T09:24:48","guid":{"rendered":"https:\/\/vinoljubac.hr\/?post_type=product&#038;p=5652"},"modified":"2025-11-20T11:18:43","modified_gmt":"2025-11-20T10:18:43","slug":"enosophia-trs-no-5","status":"publish","type":"product","link":"https:\/\/vinoljubac.hr\/hr\/proizvod\/enosophia-trs-no-5\/","title":{"rendered":"ENOSOPHIA TRS NO. 5"},"content":{"rendered":"","protected":false},"excerpt":{"rendered":"<p>Vino svijetlo\u017eute boje sa zelenim odsjajem, elegantnog, \u010distog i trajnog mirisa. Vo\u0107no i svje\u017ee s primarnim sortnim aromama citrusa i bijelog cvije\u0107a akacije. Suho je, mekano i zaobljeno s dodirom masla\u010dnih nota popra\u0107eno privla\u010dnom svje\u017einom koja Gra\u0161evini daje \u017eivost i lepr\u0161avost.\n\nEtiketa Trs No. 5 oboga\u0107ena je AR efektima (pro\u0161irena stvarnost) i prva je interaktivna vinska etiketa u Hrvatskoj. Zabavnog je karaktera te svira skladbu skladanu upravo za to vino. Skladbu je skladala Pocket Palma. Pomo\u0107u QR koda koji se nalazi na kontra etiketi korisnik preuzima aplikaciju Enosophia, zatim pokre\u0107e aplikaciju i skenira prednju etiketu.<\/p>","protected":false},"featured_media":6366,"comment_status":"open","ping_status":"closed","template":"","meta":{"om_disable_all_campaigns":false,"_monsterinsights_skip_tracking":false,"_monsterinsights_sitenote_active":false,"_monsterinsights_sitenote_note":"","_monsterinsights_sitenote_category":0},"product_brand":[],"product_cat":[216,44],"product_tag":[],"class_list":{"0":"post-5652","1":"product","2":"type-product","3":"status-publish","4":"has-post-thumbnail","6":"product_cat-grasevina-white-wines","7":"product_cat-white-wines","8":"pa_alcohol-461","9":"pa_colour-white","10":"pa_country-croatia","11":"pa_region-slavonia-and-croatian-danube","12":"pa_residual-sugar-dry","13":"pa_subregion-slavonia","14":"pa_variety-grasevina","15":"pa_vineyard-fericanci","16":"pa_volume-750-ml","18":"first","19":"instock","20":"taxable","21":"shipping-taxable","22":"product-type-simple"},"_links":{"self":[{"href":"https:\/\/vinoljubac.hr\/hr\/wp-json\/wp\/v2\/product\/5652","targetHints":{"allow":["GET"]}}],"collection":[{"href":"https:\/\/vinoljubac.hr\/hr\/wp-json\/wp\/v2\/product"}],"about":[{"href":"https:\/\/vinoljubac.hr\/hr\/wp-json\/wp\/v2\/types\/product"}],"replies":[{"embeddable":true,"href":"https:\/\/vinoljubac.hr\/hr\/wp-json\/wp\/v2\/comments?post=5652"}],"version-history":[{"count":0,"href":"https:\/\/vinoljubac.hr\/hr\/wp-json\/wp\/v2\/product\/5652\/revisions"}],"wp:featuredmedia":[{"embeddable":true,"href":"https:\/\/vinoljubac.hr\/hr\/wp-json\/wp\/v2\/media\/6366"}],"wp:attachment":[{"href":"https:\/\/vinoljubac.hr\/hr\/wp-json\/wp\/v2\/media?parent=5652"}],"wp:term":[{"taxonomy":"product_brand","embeddable":true,"href":"https:\/\/vinoljubac.hr\/hr\/wp-json\/wp\/v2\/product_brand?post=5652"},{"taxonomy":"product_cat","embeddable":true,"href":"https:\/\/vinoljubac.hr\/hr\/wp-json\/wp\/v2\/product_cat?post=5652"},{"taxonomy":"product_tag","embeddable":true,"href":"https:\/\/vinoljubac.hr\/hr\/wp-json\/wp\/v2\/product_tag?post=5652"}],"curies":[{"name":"wp","href":"https:\/\/api.w.org\/{rel}","templated":true}]}}