{"id":5654,"date":"2022-07-16T11:36:45","date_gmt":"2022-07-16T09:36:45","guid":{"rendered":"https:\/\/vinoljubac.hr\/?post_type=product&#038;p=5654"},"modified":"2025-04-04T07:56:22","modified_gmt":"2025-04-04T05:56:22","slug":"nuic-blatina-top-quality","status":"publish","type":"product","link":"https:\/\/vinoljubac.hr\/hr\/proizvod\/nuic-blatina-top-quality\/","title":{"rendered":"NUI\u0106 BLATINA VRHUNSKA"},"content":{"rendered":"","protected":false},"excerpt":{"rendered":"<p>Autohtona hercegova\u010dka sorta Blatina svojevrsni je za\u0161titni znak tog podru\u010dja. Vino karakterizira crvena boja rubina, arome ribiza, \u0161ljive i \u010dokolade te izra\u017eeno tijelo harmoni\u010dnog i elegantnog okusa s dugim zavr\u0161etkom. Najbolje pristaje uz jela od crvenog mesa, divlja\u010d, zrele sireve, pr\u0161ut i ribu s ro\u0161tilja. Poslu\u017eiti na temperaturi od 18 \u00b0C.<\/p>","protected":false},"featured_media":6297,"comment_status":"open","ping_status":"closed","template":"","meta":{"om_disable_all_campaigns":false,"_monsterinsights_skip_tracking":false,"_monsterinsights_sitenote_active":false,"_monsterinsights_sitenote_note":"","_monsterinsights_sitenote_category":0},"product_brand":[],"product_cat":[161,43],"product_tag":[],"class_list":{"0":"post-5654","1":"product","2":"type-product","3":"status-publish","4":"has-post-thumbnail","6":"product_cat-blatina","7":"product_cat-red-wines","8":"pa_alcohol-457","9":"pa_colour-red","10":"pa_country-bosnia-and-herzegovina","11":"pa_region-herzegovina","12":"pa_residual-sugar-dry","13":"pa_subregion-central-neretva","14":"pa_variety-blatina","15":"pa_vineyard-mostar","16":"pa_volume-750-ml","18":"first","19":"instock","20":"taxable","21":"shipping-taxable","22":"product-type-simple"},"_links":{"self":[{"href":"https:\/\/vinoljubac.hr\/hr\/wp-json\/wp\/v2\/product\/5654","targetHints":{"allow":["GET"]}}],"collection":[{"href":"https:\/\/vinoljubac.hr\/hr\/wp-json\/wp\/v2\/product"}],"about":[{"href":"https:\/\/vinoljubac.hr\/hr\/wp-json\/wp\/v2\/types\/product"}],"replies":[{"embeddable":true,"href":"https:\/\/vinoljubac.hr\/hr\/wp-json\/wp\/v2\/comments?post=5654"}],"version-history":[{"count":1,"href":"https:\/\/vinoljubac.hr\/hr\/wp-json\/wp\/v2\/product\/5654\/revisions"}],"predecessor-version":[{"id":11139,"href":"https:\/\/vinoljubac.hr\/hr\/wp-json\/wp\/v2\/product\/5654\/revisions\/11139"}],"wp:featuredmedia":[{"embeddable":true,"href":"https:\/\/vinoljubac.hr\/hr\/wp-json\/wp\/v2\/media\/6297"}],"wp:attachment":[{"href":"https:\/\/vinoljubac.hr\/hr\/wp-json\/wp\/v2\/media?parent=5654"}],"wp:term":[{"taxonomy":"product_brand","embeddable":true,"href":"https:\/\/vinoljubac.hr\/hr\/wp-json\/wp\/v2\/product_brand?post=5654"},{"taxonomy":"product_cat","embeddable":true,"href":"https:\/\/vinoljubac.hr\/hr\/wp-json\/wp\/v2\/product_cat?post=5654"},{"taxonomy":"product_tag","embeddable":true,"href":"https:\/\/vinoljubac.hr\/hr\/wp-json\/wp\/v2\/product_tag?post=5654"}],"curies":[{"name":"wp","href":"https:\/\/api.w.org\/{rel}","templated":true}]}}